{"id":2650,"date":"2020-05-19T23:40:39","date_gmt":"2020-05-20T04:40:39","guid":{"rendered":"http:\/\/alival.com.co\/express\/producto\/import-placeholder-for-147\/"},"modified":"2026-04-08T15:26:59","modified_gmt":"2026-04-08T20:26:59","slug":"bebida-con-aloe-vera-strawberry-lata-x-240-ml","status":"publish","type":"product","link":"https:\/\/alival.com.co\/express\/producto\/bebida-con-aloe-vera-strawberry-lata-x-240-ml\/","title":{"rendered":"My Aloe Pure Plus Strawberry x 240 mL"},"content":{"rendered":"<p><strong>Bebida con aloe vera sabor original<\/strong><\/p>\n<p><b>INGREDIENTES:\u00a0<\/b>Agua purificada, gel y polvo de aloe vera, az\u00facar, acidulante, \u00e1cido asc\u00f3rbico, sabor artificial, estabilizante, regulador de acidez, espesante y betacaroteno.<\/p>\n<p><b>GRASA TOTAL:\u00a0<\/b>0 gramos por cada 100 mL.<\/p>\n<p><b>EMPAQUE:<\/b>\u00a0Lata y Botella (PET).<\/p>\n<p><b>VIDA \u00daTIL:<\/b>\u00a024 meses<\/p>\n<p><b>MODO DE CONSERVACI\u00d3N:<\/b>\u00a0Producto listo para consumir, despu\u00e9s de abierto debe refrigerarse y consumirse en el menor tiempo posible. Apto para ni\u00f1os mayores de 4 a\u00f1os y adultos.<\/p>\n","protected":false},"excerpt":{"rendered":"<p>Bebida con aloe vera sabor original INGREDIENTES:\u00a0Agua purificada, gel y polvo de aloe vera, az\u00facar, acidulante, \u00e1cido asc\u00f3rbico, sabor artificial, estabilizante, regulador de acidez, espesante y betacaroteno. GRASA TOTAL:\u00a00 gramos por cada 100 mL. EMPAQUE:\u00a0Lata y Botella (PET). VIDA \u00daTIL:\u00a024 meses MODO DE CONSERVACI\u00d3N:\u00a0Producto listo para consumir, despu\u00e9s de abierto debe refrigerarse y consumirse en [&hellip;]<\/p>\n","protected":false},"featured_media":18696,"comment_status":"open","ping_status":"closed","template":"","meta":{"_acf_changed":false},"product_brand":[],"product_cat":[154,24],"product_tag":[73,64,41,39],"class_list":{"0":"post-2650","1":"product","2":"type-product","3":"status-publish","4":"has-post-thumbnail","6":"product_cat-bebidas-refrescantes","7":"product_cat-aloe-vera","8":"product_tag-medicinal","9":"product_tag-refrescante","10":"product_tag-saludable","11":"product_tag-sana-alimentacion","12":"product_shipping_class-nacional","14":"first","15":"instock","16":"taxable","17":"shipping-taxable","18":"purchasable","19":"product-type-simple"},"acf":[],"_links":{"self":[{"href":"https:\/\/alival.com.co\/express\/wp-json\/wp\/v2\/product\/2650","targetHints":{"allow":["GET"]}}],"collection":[{"href":"https:\/\/alival.com.co\/express\/wp-json\/wp\/v2\/product"}],"about":[{"href":"https:\/\/alival.com.co\/express\/wp-json\/wp\/v2\/types\/product"}],"replies":[{"embeddable":true,"href":"https:\/\/alival.com.co\/express\/wp-json\/wp\/v2\/comments?post=2650"}],"wp:featuredmedia":[{"embeddable":true,"href":"https:\/\/alival.com.co\/express\/wp-json\/wp\/v2\/media\/18696"}],"wp:attachment":[{"href":"https:\/\/alival.com.co\/express\/wp-json\/wp\/v2\/media?parent=2650"}],"wp:term":[{"taxonomy":"product_brand","embeddable":true,"href":"https:\/\/alival.com.co\/express\/wp-json\/wp\/v2\/product_brand?post=2650"},{"taxonomy":"product_cat","embeddable":true,"href":"https:\/\/alival.com.co\/express\/wp-json\/wp\/v2\/product_cat?post=2650"},{"taxonomy":"product_tag","embeddable":true,"href":"https:\/\/alival.com.co\/express\/wp-json\/wp\/v2\/product_tag?post=2650"}],"curies":[{"name":"wp","href":"https:\/\/api.w.org\/{rel}","templated":true}]}}