{"id":2649,"date":"2020-05-19T23:40:38","date_gmt":"2020-05-20T04:40:38","guid":{"rendered":"http:\/\/alival.com.co\/express\/producto\/import-placeholder-for-146\/"},"modified":"2026-04-09T11:09:03","modified_gmt":"2026-04-09T16:09:03","slug":"bebida-con-aloe-vera-sugarfree-botella-x-500-ml","status":"publish","type":"product","link":"https:\/\/alival.com.co\/express\/producto\/bebida-con-aloe-vera-sugarfree-botella-x-500-ml\/","title":{"rendered":"My Aloe Pure Plus Sugarfree 500 mL"},"content":{"rendered":"<p><strong>Bebida con aloe vera sabor original sugar free.<\/strong><\/p>\n<p><b>INGREDIENTES:\u00a0<\/b>Agua purificada, jugo \u00a0de aloe vera, acidulante, \u00e1cido asc\u00f3rbico, sabor artificial, estabilizante, regulador de acidez, espesante y sucralosa.<\/p>\n<p><b>GRASA TOTAL:\u00a0<\/b>0 gramos por cada 100 mL.<\/p>\n<p><b>EMPAQUE:<\/b>\u00a0Botella (PET).<br \/>\n<b>VIDA \u00daTIL:<\/b>\u00a024 meses<\/p>\n<p><b>MODO DE CONSERVACI\u00d3N:<\/b>\u00a0Producto para consumo directo. No requiere refrigeraci\u00f3n. Despu\u00e9s de abierto cons\u00e9rvese refrigerado y cons\u00famase en el menor tiempo posible. Apto para ser consumido por cualquier personas. Ni\u00f1os mayores de 4 a\u00f1os y adultos.<\/p>\n","protected":false},"excerpt":{"rendered":"<p>Bebida con aloe vera sabor original sugar free. INGREDIENTES:\u00a0Agua purificada, jugo \u00a0de aloe vera, acidulante, \u00e1cido asc\u00f3rbico, sabor artificial, estabilizante, regulador de acidez, espesante y sucralosa. GRASA TOTAL:\u00a00 gramos por cada 100 mL. EMPAQUE:\u00a0Botella (PET). VIDA \u00daTIL:\u00a024 meses MODO DE CONSERVACI\u00d3N:\u00a0Producto para consumo directo. No requiere refrigeraci\u00f3n. Despu\u00e9s de abierto cons\u00e9rvese refrigerado y cons\u00famase en [&hellip;]<\/p>\n","protected":false},"featured_media":18691,"comment_status":"open","ping_status":"closed","template":"","meta":{"_acf_changed":false},"product_brand":[],"product_cat":[154,24],"product_tag":[74,44,49,73,64,41,39],"class_list":{"0":"post-2649","1":"product","2":"type-product","3":"status-publish","4":"has-post-thumbnail","6":"product_cat-bebidas-refrescantes","7":"product_cat-aloe-vera","8":"product_tag-cero-azucar","9":"product_tag-fitness","10":"product_tag-light","11":"product_tag-medicinal","12":"product_tag-refrescante","13":"product_tag-saludable","14":"product_tag-sana-alimentacion","15":"product_shipping_class-nacional","17":"first","18":"instock","19":"taxable","20":"shipping-taxable","21":"purchasable","22":"product-type-simple"},"acf":[],"_links":{"self":[{"href":"https:\/\/alival.com.co\/express\/wp-json\/wp\/v2\/product\/2649","targetHints":{"allow":["GET"]}}],"collection":[{"href":"https:\/\/alival.com.co\/express\/wp-json\/wp\/v2\/product"}],"about":[{"href":"https:\/\/alival.com.co\/express\/wp-json\/wp\/v2\/types\/product"}],"replies":[{"embeddable":true,"href":"https:\/\/alival.com.co\/express\/wp-json\/wp\/v2\/comments?post=2649"}],"wp:featuredmedia":[{"embeddable":true,"href":"https:\/\/alival.com.co\/express\/wp-json\/wp\/v2\/media\/18691"}],"wp:attachment":[{"href":"https:\/\/alival.com.co\/express\/wp-json\/wp\/v2\/media?parent=2649"}],"wp:term":[{"taxonomy":"product_brand","embeddable":true,"href":"https:\/\/alival.com.co\/express\/wp-json\/wp\/v2\/product_brand?post=2649"},{"taxonomy":"product_cat","embeddable":true,"href":"https:\/\/alival.com.co\/express\/wp-json\/wp\/v2\/product_cat?post=2649"},{"taxonomy":"product_tag","embeddable":true,"href":"https:\/\/alival.com.co\/express\/wp-json\/wp\/v2\/product_tag?post=2649"}],"curies":[{"name":"wp","href":"https:\/\/api.w.org\/{rel}","templated":true}]}}