{"id":2627,"date":"2020-05-19T23:40:37","date_gmt":"2020-05-20T04:40:37","guid":{"rendered":"http:\/\/alival.com.co\/express\/producto\/import-placeholder-for-123\/"},"modified":"2026-04-09T10:57:05","modified_gmt":"2026-04-09T15:57:05","slug":"agua-clarity-pet-x-600-ml","status":"publish","type":"product","link":"https:\/\/alival.com.co\/express\/producto\/agua-clarity-pet-x-600-ml\/","title":{"rendered":"Agua Clarity 600 mL"},"content":{"rendered":"<p><b>Agua potable tratada<\/b><\/p>\n<p><b>INGREDIENTES:<\/b>\u00a0Agua potable tratada con y sin gas carb\u00f3nico.<\/p>\n<p><strong>EMPAQUE:<\/strong>\u00a0Botella (PET).<br \/>\n<b>VIDA \u00daTIL:<\/b>\u00a0180 d\u00edas y 90 d\u00edas con gas.<\/p>\n<p><b>MODO DE CONSERVACI\u00d3N:<\/b>\u00a0En un lugar fresco a temperatura ambiente y\/o en refrigeraci\u00f3n. Despu\u00e9s de abierto, consumirse en el menor tiempo posible.<\/p>\n","protected":false},"excerpt":{"rendered":"<p>Agua potable tratada INGREDIENTES:\u00a0Agua potable tratada con y sin gas carb\u00f3nico. EMPAQUE:\u00a0Botella (PET). VIDA \u00daTIL:\u00a0180 d\u00edas y 90 d\u00edas con gas. MODO DE CONSERVACI\u00d3N:\u00a0En un lugar fresco a temperatura ambiente y\/o en refrigeraci\u00f3n. Despu\u00e9s de abierto, consumirse en el menor tiempo posible.<\/p>\n","protected":false},"featured_media":19545,"comment_status":"open","ping_status":"closed","template":"","meta":{"_acf_changed":false},"product_brand":[],"product_cat":[82],"product_tag":[67,66,64],"class_list":{"0":"post-2627","1":"product","2":"type-product","3":"status-publish","4":"has-post-thumbnail","6":"product_cat-agua","7":"product_tag-natural","8":"product_tag-pura","9":"product_tag-refrescante","10":"product_shipping_class-nacional","12":"first","13":"instock","14":"featured","15":"purchasable","16":"product-type-simple"},"acf":[],"_links":{"self":[{"href":"https:\/\/alival.com.co\/express\/wp-json\/wp\/v2\/product\/2627","targetHints":{"allow":["GET"]}}],"collection":[{"href":"https:\/\/alival.com.co\/express\/wp-json\/wp\/v2\/product"}],"about":[{"href":"https:\/\/alival.com.co\/express\/wp-json\/wp\/v2\/types\/product"}],"replies":[{"embeddable":true,"href":"https:\/\/alival.com.co\/express\/wp-json\/wp\/v2\/comments?post=2627"}],"wp:featuredmedia":[{"embeddable":true,"href":"https:\/\/alival.com.co\/express\/wp-json\/wp\/v2\/media\/19545"}],"wp:attachment":[{"href":"https:\/\/alival.com.co\/express\/wp-json\/wp\/v2\/media?parent=2627"}],"wp:term":[{"taxonomy":"product_brand","embeddable":true,"href":"https:\/\/alival.com.co\/express\/wp-json\/wp\/v2\/product_brand?post=2627"},{"taxonomy":"product_cat","embeddable":true,"href":"https:\/\/alival.com.co\/express\/wp-json\/wp\/v2\/product_cat?post=2627"},{"taxonomy":"product_tag","embeddable":true,"href":"https:\/\/alival.com.co\/express\/wp-json\/wp\/v2\/product_tag?post=2627"}],"curies":[{"name":"wp","href":"https:\/\/api.w.org\/{rel}","templated":true}]}}