{"id":2610,"date":"2020-05-19T23:40:29","date_gmt":"2020-05-20T04:40:29","guid":{"rendered":"http:\/\/alival.com.co\/express\/producto\/import-placeholder-for-101\/"},"modified":"2026-04-09T12:21:18","modified_gmt":"2026-04-09T17:21:18","slug":"jugo-tampico-citrus-punch-250-ml","status":"publish","type":"product","link":"https:\/\/alival.com.co\/express\/producto\/jugo-tampico-citrus-punch-250-ml\/","title":{"rendered":"Tampico Citrus Punch Bolsa 250 mL"},"content":{"rendered":"<section class=\"elementor-section elementor-top-section elementor-element elementor-element-8c73d60 elementor-section-boxed elementor-section-height-default elementor-section-height-default\" data-id=\"8c73d60\" data-element_type=\"section\" data-e-type=\"section\" data-settings=\"{&quot;background_background&quot;:&quot;classic&quot;}\">\n<div class=\"elementor-container elementor-column-gap-default\">\n<div class=\"elementor-column elementor-col-50 elementor-top-column elementor-element elementor-element-1191be2a\" data-id=\"1191be2a\" data-element_type=\"column\" data-e-type=\"column\">\n<div class=\"elementor-widget-wrap elementor-element-populated\">\n<div class=\"elementor-element elementor-element-57b59457 shapes-leche e-transform elementor-widget__width-initial elementor-widget elementor-widget-image\" data-id=\"57b59457\" data-element_type=\"widget\" data-e-type=\"widget\" data-settings=\"{&quot;_transform_rotateZ_effect&quot;:{&quot;unit&quot;:&quot;px&quot;,&quot;size&quot;:-2,&quot;sizes&quot;:[]},&quot;_transform_rotateZ_effect_tablet&quot;:{&quot;unit&quot;:&quot;deg&quot;,&quot;size&quot;:&quot;&quot;,&quot;sizes&quot;:[]},&quot;_transform_rotateZ_effect_mobile&quot;:{&quot;unit&quot;:&quot;deg&quot;,&quot;size&quot;:&quot;&quot;,&quot;sizes&quot;:[]}}\" data-widget_type=\"image.default\">\n<div class=\"elementor-widget-container\"><b>Refresco de agua citrus punch<\/b><\/div>\n<\/div>\n<\/div>\n<\/div>\n<\/div>\n<\/section>\n<section id=\"saborUno\" class=\"elementor-section elementor-top-section elementor-element elementor-element-7201e956 elementor-section-height-min-height contenido saborUno elementor-section-boxed elementor-section-height-default elementor-section-items-middle\" data-id=\"7201e956\" data-element_type=\"section\" data-e-type=\"section\" data-settings=\"{&quot;background_background&quot;:&quot;classic&quot;}\">\n<div class=\"elementor-container elementor-column-gap-default\">\n<div class=\"elementor-column elementor-col-50 elementor-top-column elementor-element elementor-element-5036fdc2\" data-id=\"5036fdc2\" data-element_type=\"column\" data-e-type=\"column\" data-settings=\"{&quot;background_background&quot;:&quot;classic&quot;}\">\n<div class=\"elementor-widget-wrap elementor-element-populated\">\n<div class=\"elementor-element elementor-element-20d8c770 elementor-widget elementor-widget-text-editor\" data-id=\"20d8c770\" data-element_type=\"widget\" data-e-type=\"widget\" data-widget_type=\"text-editor.default\">\n<div class=\"elementor-widget-container\">\n<p><b>INGREDIENTES:<\/b>\u00a0Agua, az\u00facar, \u00e1cido c\u00edtrico, aceite de ma\u00edz, citrato de potasio, goma xantana, \u00e1cido asc\u00f3rbico, citrato de sodio, sorbato de potasio, almid\u00f3n modificado, \u00e1cido m\u00e1lico, sabores naturales y artificiales de naranja, mandarina y lim\u00f3n, sucralosa, acesulfame pot\u00e1sico, EDTA, colorante artificial, jugo de naranja, lim\u00f3n y mandarina reconstituido, neotame. Contiene tartrazina.<\/p>\n<p><b><strong>GRASA TOTAL:\u00a0<\/strong><\/b>0 gramos por cada 100 mL.<\/p>\n<p><b>EMPAQUE:\u00a0<\/b>Bolsa, Botella (PET), Garrafa y botella (HDPE).<\/p>\n<p><b>VIDA \u00daTIL:<\/b>\u00a045 d\u00edas (bolsa) y 120 d\u00edas (botella PET).<\/p>\n<p><b>MODO DE CONSERVACI\u00d3N:<\/b>\u00a0Producto listo para consumir, no requiere refrigeraci\u00f3n. Despu\u00e9s de abierto, debe refrigerarse y consumirse en el menor tiempo posible<\/p>\n<\/div>\n<\/div>\n<\/div>\n<\/div>\n<\/div>\n<\/section>\n","protected":false},"excerpt":{"rendered":"<p>Refresco de agua citrus punch INGREDIENTES:\u00a0Agua, az\u00facar, \u00e1cido c\u00edtrico, aceite de ma\u00edz, citrato de potasio, goma xantana, \u00e1cido asc\u00f3rbico, citrato de sodio, sorbato de potasio, almid\u00f3n modificado, \u00e1cido m\u00e1lico, sabores naturales y artificiales de naranja, mandarina y lim\u00f3n, sucralosa, acesulfame pot\u00e1sico, EDTA, colorante artificial, jugo de naranja, lim\u00f3n y mandarina reconstituido, neotame. Contiene tartrazina. GRASA [&hellip;]<\/p>\n","protected":false},"featured_media":17272,"comment_status":"open","ping_status":"closed","template":"","meta":{"_acf_changed":false},"product_brand":[],"product_cat":[154,83],"product_tag":[64,65],"class_list":{"0":"post-2610","1":"product","2":"type-product","3":"status-publish","4":"has-post-thumbnail","6":"product_cat-bebidas-refrescantes","7":"product_cat-tampico","8":"product_tag-refrescante","9":"product_tag-sabores","10":"product_shipping_class-nacional","12":"first","13":"instock","14":"featured","15":"taxable","16":"shipping-taxable","17":"purchasable","18":"product-type-simple"},"acf":[],"_links":{"self":[{"href":"https:\/\/alival.com.co\/express\/wp-json\/wp\/v2\/product\/2610","targetHints":{"allow":["GET"]}}],"collection":[{"href":"https:\/\/alival.com.co\/express\/wp-json\/wp\/v2\/product"}],"about":[{"href":"https:\/\/alival.com.co\/express\/wp-json\/wp\/v2\/types\/product"}],"replies":[{"embeddable":true,"href":"https:\/\/alival.com.co\/express\/wp-json\/wp\/v2\/comments?post=2610"}],"wp:featuredmedia":[{"embeddable":true,"href":"https:\/\/alival.com.co\/express\/wp-json\/wp\/v2\/media\/17272"}],"wp:attachment":[{"href":"https:\/\/alival.com.co\/express\/wp-json\/wp\/v2\/media?parent=2610"}],"wp:term":[{"taxonomy":"product_brand","embeddable":true,"href":"https:\/\/alival.com.co\/express\/wp-json\/wp\/v2\/product_brand?post=2610"},{"taxonomy":"product_cat","embeddable":true,"href":"https:\/\/alival.com.co\/express\/wp-json\/wp\/v2\/product_cat?post=2610"},{"taxonomy":"product_tag","embeddable":true,"href":"https:\/\/alival.com.co\/express\/wp-json\/wp\/v2\/product_tag?post=2610"}],"curies":[{"name":"wp","href":"https:\/\/api.w.org\/{rel}","templated":true}]}}