{"id":2597,"date":"2020-05-19T23:40:28","date_gmt":"2020-05-20T04:40:28","guid":{"rendered":"http:\/\/alival.com.co\/express\/producto\/import-placeholder-for-87\/"},"modified":"2026-04-10T15:33:09","modified_gmt":"2026-04-10T20:33:09","slug":"yogurth-sanfernando-entero-bolsa-x-1000-gr-con-fresa","status":"publish","type":"product","link":"https:\/\/alival.com.co\/express\/producto\/yogurth-sanfernando-entero-bolsa-x-1000-gr-con-fresa\/","title":{"rendered":"Yogurt Entero Fresa San Fernando  Bolsa 1000 mL"},"content":{"rendered":"<p><strong>Yogurt entero con dulce.<\/strong><\/p>\n<p><b>INGREDIENTES:<\/b><\/p>\n<p>Leche entera higienizada l\u00edquida y\/o reconstituida (agua, leche en polvo), az\u00facar, sabor artificial permitido, cultivos l\u00e1cticos, colorante natural o artificial permitido.<\/p>\n<p><b>GRASA TOTAL:<\/b>\u00a03,2g por cada 100mL.<br \/>\n<b>EMPAQUE:\u00a0<\/b>Vaso pl\u00e1stico (PS) con tapa foil de aluminio grado alimenticio, Botella pl\u00e1stica (PET) con tapa tipo rosca, Bolsa pl\u00e1stica (PE).<\/p>\n<p><b>VIDA \u00daTIL:<\/b>\u00a052 d\u00edas.<\/p>\n<p><b>MODO DE CONSERVACI\u00d3N:\u00a0<\/b>Producto listo para consumir. Requiere refrigeraci\u00f3n, debe agitarse antes de abrir, despu\u00e9s de abierto mantenerse refrigerado y consumirse en el menor tiempo posible.<\/p>\n","protected":false},"excerpt":{"rendered":"<p>Yogurt entero con dulce. INGREDIENTES: Leche entera higienizada l\u00edquida y\/o reconstituida (agua, leche en polvo), az\u00facar, sabor artificial permitido, cultivos l\u00e1cticos, colorante natural o artificial permitido. GRASA TOTAL:\u00a03,2g por cada 100mL. EMPAQUE:\u00a0Vaso pl\u00e1stico (PS) con tapa foil de aluminio grado alimenticio, Botella pl\u00e1stica (PET) con tapa tipo rosca, Bolsa pl\u00e1stica (PE). VIDA \u00daTIL:\u00a052 d\u00edas. MODO [&hellip;]<\/p>\n","protected":false},"featured_media":17230,"comment_status":"open","ping_status":"closed","template":"","meta":{"_acf_changed":false},"product_brand":[],"product_cat":[122,48],"product_tag":[27,41,39],"class_list":{"0":"post-2597","1":"product","2":"type-product","3":"status-publish","4":"has-post-thumbnail","6":"product_cat-yogurt","7":"product_cat-yogurt-y-bebidas-lacteas","8":"product_tag-nutricion","9":"product_tag-saludable","10":"product_tag-sana-alimentacion","11":"product_shipping_class-nacional","13":"first","14":"instock","15":"taxable","16":"shipping-taxable","17":"purchasable","18":"product-type-simple"},"acf":[],"_links":{"self":[{"href":"https:\/\/alival.com.co\/express\/wp-json\/wp\/v2\/product\/2597","targetHints":{"allow":["GET"]}}],"collection":[{"href":"https:\/\/alival.com.co\/express\/wp-json\/wp\/v2\/product"}],"about":[{"href":"https:\/\/alival.com.co\/express\/wp-json\/wp\/v2\/types\/product"}],"replies":[{"embeddable":true,"href":"https:\/\/alival.com.co\/express\/wp-json\/wp\/v2\/comments?post=2597"}],"wp:featuredmedia":[{"embeddable":true,"href":"https:\/\/alival.com.co\/express\/wp-json\/wp\/v2\/media\/17230"}],"wp:attachment":[{"href":"https:\/\/alival.com.co\/express\/wp-json\/wp\/v2\/media?parent=2597"}],"wp:term":[{"taxonomy":"product_brand","embeddable":true,"href":"https:\/\/alival.com.co\/express\/wp-json\/wp\/v2\/product_brand?post=2597"},{"taxonomy":"product_cat","embeddable":true,"href":"https:\/\/alival.com.co\/express\/wp-json\/wp\/v2\/product_cat?post=2597"},{"taxonomy":"product_tag","embeddable":true,"href":"https:\/\/alival.com.co\/express\/wp-json\/wp\/v2\/product_tag?post=2597"}],"curies":[{"name":"wp","href":"https:\/\/api.w.org\/{rel}","templated":true}]}}