{"id":2585,"date":"2020-05-19T23:40:21","date_gmt":"2020-05-20T04:40:21","guid":{"rendered":"http:\/\/alival.com.co\/express\/producto\/import-placeholder-for-74\/"},"modified":"2026-04-10T16:20:47","modified_gmt":"2026-04-10T21:20:47","slug":"yogurth-sanfdo-light-desc-deslact-botella-x-1000-gr-melocot","status":"publish","type":"product","link":"https:\/\/alival.com.co\/express\/producto\/yogurth-sanfdo-light-desc-deslact-botella-x-1000-gr-melocot\/","title":{"rendered":"Yogurt Zero Melocot\u00f3n San Fernando botella 1000 mL"},"content":{"rendered":"<p>QUE ES? Yogurth descremado, deslactosado endulzado con splenda, con cultivos probi\u00f3ticos y fibra prebi\u00f3tica<\/p>\n<p>INGREDIENTES: Leche entera pasteurizada, dos cultivos l\u00e1cticos, splenda (sucralosa), cultivos probi\u00f3ticos y fibra prebi\u00f3tica<\/p>\n<p>GRASA TOTAL: 0 gramos<\/p>\n<p>EMPAQUE: botella x 1000gr<\/p>\n<p>VIDA \u00daTIL: 45 d\u00edas<\/p>\n<p>MODO DE CONSERVACI\u00d3N: requiere refrigeraci\u00f3n. Despu\u00e9s de abierta consumirse en el menor tiempo posible.<\/p>\n","protected":false},"excerpt":{"rendered":"<p>QUE ES? Yogurth descremado, deslactosado endulzado con splenda, con cultivos probi\u00f3ticos y fibra prebi\u00f3tica INGREDIENTES: Leche entera pasteurizada, dos cultivos l\u00e1cticos, splenda (sucralosa), cultivos probi\u00f3ticos y fibra prebi\u00f3tica GRASA TOTAL: 0 gramos EMPAQUE: botella x 1000gr VIDA \u00daTIL: 45 d\u00edas MODO DE CONSERVACI\u00d3N: requiere refrigeraci\u00f3n. Despu\u00e9s de abierta consumirse en el menor tiempo posible.<\/p>\n","protected":false},"featured_media":17439,"comment_status":"open","ping_status":"closed","template":"","meta":{"_acf_changed":false},"product_brand":[],"product_cat":[132,122,48],"product_tag":[36,44,49,84,41,39],"class_list":{"0":"post-2585","1":"product","2":"type-product","3":"status-publish","4":"has-post-thumbnail","6":"product_cat-ofertas-derivados-liquidos","7":"product_cat-yogurt","8":"product_cat-yogurt-y-bebidas-lacteas","9":"product_tag-facil-digestion","10":"product_tag-fitness","11":"product_tag-light","12":"product_tag-ofertas","13":"product_tag-saludable","14":"product_tag-sana-alimentacion","15":"product_shipping_class-nacional","17":"first","18":"instock","19":"featured","20":"taxable","21":"shipping-taxable","22":"purchasable","23":"product-type-simple"},"acf":[],"_links":{"self":[{"href":"https:\/\/alival.com.co\/express\/wp-json\/wp\/v2\/product\/2585","targetHints":{"allow":["GET"]}}],"collection":[{"href":"https:\/\/alival.com.co\/express\/wp-json\/wp\/v2\/product"}],"about":[{"href":"https:\/\/alival.com.co\/express\/wp-json\/wp\/v2\/types\/product"}],"replies":[{"embeddable":true,"href":"https:\/\/alival.com.co\/express\/wp-json\/wp\/v2\/comments?post=2585"}],"wp:featuredmedia":[{"embeddable":true,"href":"https:\/\/alival.com.co\/express\/wp-json\/wp\/v2\/media\/17439"}],"wp:attachment":[{"href":"https:\/\/alival.com.co\/express\/wp-json\/wp\/v2\/media?parent=2585"}],"wp:term":[{"taxonomy":"product_brand","embeddable":true,"href":"https:\/\/alival.com.co\/express\/wp-json\/wp\/v2\/product_brand?post=2585"},{"taxonomy":"product_cat","embeddable":true,"href":"https:\/\/alival.com.co\/express\/wp-json\/wp\/v2\/product_cat?post=2585"},{"taxonomy":"product_tag","embeddable":true,"href":"https:\/\/alival.com.co\/express\/wp-json\/wp\/v2\/product_tag?post=2585"}],"curies":[{"name":"wp","href":"https:\/\/api.w.org\/{rel}","templated":true}]}}