{"id":2580,"date":"2020-05-19T23:40:21","date_gmt":"2020-05-20T04:40:21","guid":{"rendered":"http:\/\/alival.com.co\/express\/producto\/import-placeholder-for-68\/"},"modified":"2026-04-09T16:43:13","modified_gmt":"2026-04-09T21:43:13","slug":"bebida-lactea-bolsa-x-1000-gr-sabor-fresa","status":"publish","type":"product","link":"https:\/\/alival.com.co\/express\/producto\/bebida-lactea-bolsa-x-1000-gr-sabor-fresa\/","title":{"rendered":"Aliyogu Fresa San Fernando bolsa 1000 mL"},"content":{"rendered":"<p><strong>Bebida l\u00e1ctea entera a base de yogurt con dulce.<\/strong><\/p>\n<p><b>INGREDIENTES:<\/b>\u00a0Leche entera higienizada y\/o reconstituida (agua, leche en polvo), suero l\u00e1cteo liquido y\/o suero en polvo, az\u00facar, mezcla de estabilizante y emulsificante, almid\u00f3n modificado (espesante),<br \/>\nprote\u00edna l\u00e1ctea, gelatina, pectina, mono y diglic\u00e9ridos de \u00e1cidos grasos emulsionante, sabor artificial, cultivos l\u00e1cticos espec\u00edficos, colorante natural o artificial permitido.<\/p>\n<p><b>GRASA TOTAL:<\/b>\u00a01,6 gramos por cada 100 mL.<\/p>\n<p>EMPAQUE:\u00a0Vaso pl\u00e1stico (PS) con tapa foil de aluminio grado alimenticio y Bolsa pl\u00e1stica (PE).<\/p>\n<p><b>VIDA \u00daTIL:<\/b>\u00a060 d\u00edas.<\/p>\n<p><b>MODO DE CONSERVACI\u00d3N:\u00a0<\/b>Producto listo para consumir. Requiere refrigeraci\u00f3n, agitarse antes de abrir, despu\u00e9s de abierto debe refrigerarse y consumirse en el menor tiempo posible.<\/p>\n","protected":false},"excerpt":{"rendered":"<p>Bebida l\u00e1ctea entera a base de yogurt con dulce. INGREDIENTES:\u00a0Leche entera higienizada y\/o reconstituida (agua, leche en polvo), suero l\u00e1cteo liquido y\/o suero en polvo, az\u00facar, mezcla de estabilizante y emulsificante, almid\u00f3n modificado (espesante), prote\u00edna l\u00e1ctea, gelatina, pectina, mono y diglic\u00e9ridos de \u00e1cidos grasos emulsionante, sabor artificial, cultivos l\u00e1cticos espec\u00edficos, colorante natural o artificial permitido. [&hellip;]<\/p>\n","protected":false},"featured_media":17437,"comment_status":"open","ping_status":"closed","template":"","meta":{"_acf_changed":false},"product_brand":[],"product_cat":[122,48],"product_tag":[27,41,39],"class_list":{"0":"post-2580","1":"product","2":"type-product","3":"status-publish","4":"has-post-thumbnail","6":"product_cat-yogurt","7":"product_cat-yogurt-y-bebidas-lacteas","8":"product_tag-nutricion","9":"product_tag-saludable","10":"product_tag-sana-alimentacion","11":"product_shipping_class-nacional","13":"first","14":"instock","15":"featured","16":"taxable","17":"shipping-taxable","18":"purchasable","19":"product-type-simple"},"acf":[],"_links":{"self":[{"href":"https:\/\/alival.com.co\/express\/wp-json\/wp\/v2\/product\/2580","targetHints":{"allow":["GET"]}}],"collection":[{"href":"https:\/\/alival.com.co\/express\/wp-json\/wp\/v2\/product"}],"about":[{"href":"https:\/\/alival.com.co\/express\/wp-json\/wp\/v2\/types\/product"}],"replies":[{"embeddable":true,"href":"https:\/\/alival.com.co\/express\/wp-json\/wp\/v2\/comments?post=2580"}],"wp:featuredmedia":[{"embeddable":true,"href":"https:\/\/alival.com.co\/express\/wp-json\/wp\/v2\/media\/17437"}],"wp:attachment":[{"href":"https:\/\/alival.com.co\/express\/wp-json\/wp\/v2\/media?parent=2580"}],"wp:term":[{"taxonomy":"product_brand","embeddable":true,"href":"https:\/\/alival.com.co\/express\/wp-json\/wp\/v2\/product_brand?post=2580"},{"taxonomy":"product_cat","embeddable":true,"href":"https:\/\/alival.com.co\/express\/wp-json\/wp\/v2\/product_cat?post=2580"},{"taxonomy":"product_tag","embeddable":true,"href":"https:\/\/alival.com.co\/express\/wp-json\/wp\/v2\/product_tag?post=2580"}],"curies":[{"name":"wp","href":"https:\/\/api.w.org\/{rel}","templated":true}]}}