{"id":2572,"date":"2020-05-19T23:40:20","date_gmt":"2020-05-20T04:40:20","guid":{"rendered":"http:\/\/alival.com.co\/express\/producto\/import-placeholder-for-57\/"},"modified":"2026-04-23T11:19:05","modified_gmt":"2026-04-23T16:19:05","slug":"kumis-sanfernando-bolsa-x-1000-ml","status":"publish","type":"product","link":"https:\/\/alival.com.co\/express\/producto\/kumis-sanfernando-bolsa-x-1000-ml\/","title":{"rendered":"Kumis San Fernando Bolsa 1000 mL"},"content":{"rendered":"<p><strong>Kumis entero<\/strong><\/p>\n<p><b>INGREDIENTES:<\/b>\u00a0Leche entera l\u00edquida pasteurizada y\/o leche en polvo reconstituida, az\u00facar, cultivos l\u00e1cticos.<\/p>\n<p><b>GRASA TOTAL:<\/b>\u00a03,0gramos por cada 100 mL.<br \/>\n<b>EMPAQUE:\u00a0<\/b>Vaso pl\u00e1stico (PS) con tapa foil de aluminio de grado alimenticio, botella pl\u00e1stica (PET) con tapa tipo rosca, bolsa pl\u00e1stica (PE) con 2 o m\u00e1s capas de pol\u00edmeros.<\/p>\n<p><b><\/b><b>VIDA \u00daTIL:<\/b>\u00a052 d\u00edas.<\/p>\n<p><b>MODO DE CONSERVACI\u00d3N:<\/b>\u00a0Producto listo para consumir. Requiere refrigeraci\u00f3n, agitarse antes de abrir, despu\u00e9s de abierto debe refrigerarse y consumirse en el menor tiempo posible.<\/p>\n","protected":false},"excerpt":{"rendered":"<p>Kumis entero INGREDIENTES:\u00a0Leche entera l\u00edquida pasteurizada y\/o leche en polvo reconstituida, az\u00facar, cultivos l\u00e1cticos. GRASA TOTAL:\u00a03,0gramos por cada 100 mL. EMPAQUE:\u00a0Vaso pl\u00e1stico (PS) con tapa foil de aluminio de grado alimenticio, botella pl\u00e1stica (PET) con tapa tipo rosca, bolsa pl\u00e1stica (PE) con 2 o m\u00e1s capas de pol\u00edmeros. VIDA \u00daTIL:\u00a052 d\u00edas. MODO DE CONSERVACI\u00d3N:\u00a0Producto listo [&hellip;]<\/p>\n","protected":false},"featured_media":17443,"comment_status":"open","ping_status":"closed","template":"","meta":{"_acf_changed":false},"product_brand":[],"product_cat":[125],"product_tag":[42,27,41,39],"class_list":{"0":"post-2572","1":"product","2":"type-product","3":"status-publish","4":"has-post-thumbnail","6":"product_cat-kumis","7":"product_tag-lonchera","8":"product_tag-nutricion","9":"product_tag-saludable","10":"product_tag-sana-alimentacion","11":"product_shipping_class-nacional","13":"first","14":"instock","15":"taxable","16":"shipping-taxable","17":"purchasable","18":"product-type-simple"},"acf":[],"_links":{"self":[{"href":"https:\/\/alival.com.co\/express\/wp-json\/wp\/v2\/product\/2572","targetHints":{"allow":["GET"]}}],"collection":[{"href":"https:\/\/alival.com.co\/express\/wp-json\/wp\/v2\/product"}],"about":[{"href":"https:\/\/alival.com.co\/express\/wp-json\/wp\/v2\/types\/product"}],"replies":[{"embeddable":true,"href":"https:\/\/alival.com.co\/express\/wp-json\/wp\/v2\/comments?post=2572"}],"wp:featuredmedia":[{"embeddable":true,"href":"https:\/\/alival.com.co\/express\/wp-json\/wp\/v2\/media\/17443"}],"wp:attachment":[{"href":"https:\/\/alival.com.co\/express\/wp-json\/wp\/v2\/media?parent=2572"}],"wp:term":[{"taxonomy":"product_brand","embeddable":true,"href":"https:\/\/alival.com.co\/express\/wp-json\/wp\/v2\/product_brand?post=2572"},{"taxonomy":"product_cat","embeddable":true,"href":"https:\/\/alival.com.co\/express\/wp-json\/wp\/v2\/product_cat?post=2572"},{"taxonomy":"product_tag","embeddable":true,"href":"https:\/\/alival.com.co\/express\/wp-json\/wp\/v2\/product_tag?post=2572"}],"curies":[{"name":"wp","href":"https:\/\/api.w.org\/{rel}","templated":true}]}}