{"id":2565,"date":"2020-05-19T23:40:15","date_gmt":"2020-05-20T04:40:15","guid":{"rendered":"http:\/\/alival.com.co\/express\/producto\/import-placeholder-for-49\/"},"modified":"2026-04-23T10:19:19","modified_gmt":"2026-04-23T15:19:19","slug":"mantequilla-sanfernando-con-sal-x-200-gr","status":"publish","type":"product","link":"https:\/\/alival.com.co\/express\/producto\/mantequilla-sanfernando-con-sal-x-200-gr\/","title":{"rendered":"Mantequilla San Fernando  Con Sal x 200gr"},"content":{"rendered":"<p><b>Mantequilla pasteurizada con sal.<\/b><\/p>\n<p><b>INGREDIENTES:<\/b>\u00a0Crema de leche pasteurizada, Sal, Cultivos l\u00e1cticos espec\u00edficos.<\/p>\n<p>AL\u00c9RGENO: Contiene Leche.<\/p>\n<p><b>GRASA TOTAL:\u00a0<\/b>83 gramos por cada 100g.<\/p>\n<p><b>EMPAQUE:<\/b>\u00a0Vaso pl\u00e1stico (PS) con tapa foil de aluminio de grado alimenticio con tapa (PS).<br \/>\n<b>VIDA \u00daTIL:<\/b>\u00a060 d\u00edas.<\/p>\n<p><b>MODO DE CONSERVACI\u00d3N:<\/b>\u00a0Producto listo para consumir, despu\u00e9s de abierto debe refrigerarse y consumirse en el menor tiempo posible.<\/p>\n","protected":false},"excerpt":{"rendered":"<p>Mantequilla pasteurizada con sal. INGREDIENTES:\u00a0Crema de leche pasteurizada, Sal, Cultivos l\u00e1cticos espec\u00edficos. AL\u00c9RGENO: Contiene Leche. GRASA TOTAL:\u00a083 gramos por cada 100g. EMPAQUE:\u00a0Vaso pl\u00e1stico (PS) con tapa foil de aluminio de grado alimenticio con tapa (PS). VIDA \u00daTIL:\u00a060 d\u00edas. MODO DE CONSERVACI\u00d3N:\u00a0Producto listo para consumir, despu\u00e9s de abierto debe refrigerarse y consumirse en el menor tiempo [&hellip;]<\/p>\n","protected":false},"featured_media":17254,"comment_status":"open","ping_status":"closed","template":"","meta":{"_acf_changed":false},"product_brand":[],"product_cat":[50],"product_tag":[58],"class_list":{"0":"post-2565","1":"product","2":"type-product","3":"status-publish","4":"has-post-thumbnail","6":"product_cat-cremas-y-esparcibles","7":"product_tag-fresca","8":"product_shipping_class-nacional","10":"first","11":"instock","12":"featured","13":"purchasable","14":"product-type-simple"},"acf":[],"_links":{"self":[{"href":"https:\/\/alival.com.co\/express\/wp-json\/wp\/v2\/product\/2565","targetHints":{"allow":["GET"]}}],"collection":[{"href":"https:\/\/alival.com.co\/express\/wp-json\/wp\/v2\/product"}],"about":[{"href":"https:\/\/alival.com.co\/express\/wp-json\/wp\/v2\/types\/product"}],"replies":[{"embeddable":true,"href":"https:\/\/alival.com.co\/express\/wp-json\/wp\/v2\/comments?post=2565"}],"wp:featuredmedia":[{"embeddable":true,"href":"https:\/\/alival.com.co\/express\/wp-json\/wp\/v2\/media\/17254"}],"wp:attachment":[{"href":"https:\/\/alival.com.co\/express\/wp-json\/wp\/v2\/media?parent=2565"}],"wp:term":[{"taxonomy":"product_brand","embeddable":true,"href":"https:\/\/alival.com.co\/express\/wp-json\/wp\/v2\/product_brand?post=2565"},{"taxonomy":"product_cat","embeddable":true,"href":"https:\/\/alival.com.co\/express\/wp-json\/wp\/v2\/product_cat?post=2565"},{"taxonomy":"product_tag","embeddable":true,"href":"https:\/\/alival.com.co\/express\/wp-json\/wp\/v2\/product_tag?post=2565"}],"curies":[{"name":"wp","href":"https:\/\/api.w.org\/{rel}","templated":true}]}}