{"id":2564,"date":"2020-05-19T23:40:14","date_gmt":"2020-05-20T04:40:14","guid":{"rendered":"http:\/\/alival.com.co\/express\/producto\/import-placeholder-for-48\/"},"modified":"2026-04-23T15:28:09","modified_gmt":"2026-04-23T20:28:09","slug":"sour-cream-sanfernando-vaso-x-140-grs","status":"publish","type":"product","link":"https:\/\/alival.com.co\/express\/producto\/sour-cream-sanfernando-vaso-x-140-grs\/","title":{"rendered":"Sour Cream San Fernando 140 gr"},"content":{"rendered":"<p><b>Crema agria para untar<\/b><strong>.<\/strong><\/p>\n<p><b>INGREDIENTES:\u00a0<\/b>Leche entera pasteurizada y\/o leche reconstituida (Agua, Leche en polvo), crema de leche entera, leche en polvo, sal, emulsificante (goma guar, alginato de sodio, goma de algarrobo, carragenina), cultivos l\u00e1cticos (Lactococcus lactis subsp. cremoris, Lactococcus lactis subsp. lactis, Streptococcus thermophilus), conservantes (sorbato de potasio, benzoato de sodio).<\/p>\n<p>ALERGENOS: Contiene leche.<br \/>\n<b><\/b><\/p>\n<p><strong>GRASA TOTAL:\u00a0<\/strong>25 gramos por cada 100g.<\/p>\n<p><b>EMPAQUE:\u00a0<\/b>Vaso pl\u00e1stico con tapa termosellable.<\/p>\n<p><b>VIDA \u00daTIL:<\/b>\u00a060 d\u00edas.<\/p>\n<p><b>MODO DE CONSERVACI\u00d3N:<\/b>\u00a0Producto listo para consumir, despu\u00e9s de abierto debe refrigerarse y consumirse en el menor tiempo posible. Apto para ni\u00f1os mayores de 4 a\u00f1os y adultos<\/p>\n","protected":false},"excerpt":{"rendered":"<p>Crema agria para untar. INGREDIENTES:\u00a0Leche entera pasteurizada y\/o leche reconstituida (Agua, Leche en polvo), crema de leche entera, leche en polvo, sal, emulsificante (goma guar, alginato de sodio, goma de algarrobo, carragenina), cultivos l\u00e1cticos (Lactococcus lactis subsp. cremoris, Lactococcus lactis subsp. lactis, Streptococcus thermophilus), conservantes (sorbato de potasio, benzoato de sodio). ALERGENOS: Contiene leche. GRASA [&hellip;]<\/p>\n","protected":false},"featured_media":17253,"comment_status":"open","ping_status":"closed","template":"","meta":{"_acf_changed":false},"product_brand":[],"product_cat":[50],"product_tag":[55,57,56],"class_list":{"0":"post-2564","1":"product","2":"type-product","3":"status-publish","4":"has-post-thumbnail","6":"product_cat-cremas-y-esparcibles","7":"product_tag-crema-agria","8":"product_tag-queso-crema","9":"product_tag-suero","10":"product_shipping_class-nacional","12":"first","13":"instock","14":"purchasable","15":"product-type-simple"},"acf":[],"_links":{"self":[{"href":"https:\/\/alival.com.co\/express\/wp-json\/wp\/v2\/product\/2564","targetHints":{"allow":["GET"]}}],"collection":[{"href":"https:\/\/alival.com.co\/express\/wp-json\/wp\/v2\/product"}],"about":[{"href":"https:\/\/alival.com.co\/express\/wp-json\/wp\/v2\/types\/product"}],"replies":[{"embeddable":true,"href":"https:\/\/alival.com.co\/express\/wp-json\/wp\/v2\/comments?post=2564"}],"wp:featuredmedia":[{"embeddable":true,"href":"https:\/\/alival.com.co\/express\/wp-json\/wp\/v2\/media\/17253"}],"wp:attachment":[{"href":"https:\/\/alival.com.co\/express\/wp-json\/wp\/v2\/media?parent=2564"}],"wp:term":[{"taxonomy":"product_brand","embeddable":true,"href":"https:\/\/alival.com.co\/express\/wp-json\/wp\/v2\/product_brand?post=2564"},{"taxonomy":"product_cat","embeddable":true,"href":"https:\/\/alival.com.co\/express\/wp-json\/wp\/v2\/product_cat?post=2564"},{"taxonomy":"product_tag","embeddable":true,"href":"https:\/\/alival.com.co\/express\/wp-json\/wp\/v2\/product_tag?post=2564"}],"curies":[{"name":"wp","href":"https:\/\/api.w.org\/{rel}","templated":true}]}}