{"id":2559,"date":"2020-05-19T23:40:14","date_gmt":"2020-05-20T04:40:14","guid":{"rendered":"http:\/\/alival.com.co\/express\/producto\/import-placeholder-for-43\/"},"modified":"2026-04-23T11:54:35","modified_gmt":"2026-04-23T16:54:35","slug":"crema-de-leche-sanfernando-bolsa-x-120-grs","status":"publish","type":"product","link":"https:\/\/alival.com.co\/express\/producto\/crema-de-leche-sanfernando-bolsa-x-120-grs\/","title":{"rendered":"Crema De Leche San Fernando  x 120gr"},"content":{"rendered":"<p><strong>Crema de leche semientera UAT (UHT) y repostera.<\/strong><\/p>\n<p><b>INGREDIENTES:\u00a0<\/b>Crema de leche semientera, Gelificantes (goma xantana, carragenina) y Estabilizante (Polifosfato de sodio). AL\u00c9RGENOS: Contiene leche.<\/p>\n<p><b>GRASA TOTAL:<\/b>\u00a0Por cada 100gramos 21g para bolsa y 25g para repostera.<br \/>\n<b>EMPAQUE:<\/b>\u00a0Bolsa de polietileno de alta barrera y Tetra pak.<br \/>\n<strong>VIDA \u00daTIL:<\/strong>\u00a073 d\u00edas en bolsa \u00a0 \u00a0 \u00a0 \u00a0 \u00a0 \u00a0 \u00a0 \u00a0 \u00a0 \u00a0 \u00a0 \u00a0 \u00a0 \u00a0 \u00a0 \u00a0 \u00a0 \u00a0 \u00a0 \u00a0 \u00a0 \u00a0 \u00a0 \u00a0 \u00a0 \u00a0 \u00a0 \u00a0 180 d\u00edas en Tetra Pak<\/p>\n<p><b>MODO DE CONSERVACI\u00d3N:\u00a0<\/b>Producto listo para consumir. No requiere refrigeraci\u00f3n, despu\u00e9s de abierto debe refrigerarse y consumirse en el menor tiempo posible. Apto para ni\u00f1os mayores de 4 a\u00f1os y adultos.<\/p>\n","protected":false},"excerpt":{"rendered":"<p>Crema de leche semientera UAT (UHT) y repostera. INGREDIENTES:\u00a0Crema de leche semientera, Gelificantes (goma xantana, carragenina) y Estabilizante (Polifosfato de sodio). AL\u00c9RGENOS: Contiene leche. GRASA TOTAL:\u00a0Por cada 100gramos 21g para bolsa y 25g para repostera. EMPAQUE:\u00a0Bolsa de polietileno de alta barrera y Tetra pak. VIDA \u00daTIL:\u00a073 d\u00edas en bolsa \u00a0 \u00a0 \u00a0 \u00a0 \u00a0 \u00a0 [&hellip;]<\/p>\n","protected":false},"featured_media":17247,"comment_status":"open","ping_status":"closed","template":"","meta":{"_acf_changed":false},"product_brand":[],"product_cat":[50],"product_tag":[33,51],"class_list":{"0":"post-2559","1":"product","2":"type-product","3":"status-publish","4":"has-post-thumbnail","6":"product_cat-cremas-y-esparcibles","7":"product_tag-postres","8":"product_tag-recetas","9":"product_shipping_class-nacional","11":"first","12":"instock","13":"featured","14":"purchasable","15":"product-type-simple"},"acf":[],"_links":{"self":[{"href":"https:\/\/alival.com.co\/express\/wp-json\/wp\/v2\/product\/2559","targetHints":{"allow":["GET"]}}],"collection":[{"href":"https:\/\/alival.com.co\/express\/wp-json\/wp\/v2\/product"}],"about":[{"href":"https:\/\/alival.com.co\/express\/wp-json\/wp\/v2\/types\/product"}],"replies":[{"embeddable":true,"href":"https:\/\/alival.com.co\/express\/wp-json\/wp\/v2\/comments?post=2559"}],"wp:featuredmedia":[{"embeddable":true,"href":"https:\/\/alival.com.co\/express\/wp-json\/wp\/v2\/media\/17247"}],"wp:attachment":[{"href":"https:\/\/alival.com.co\/express\/wp-json\/wp\/v2\/media?parent=2559"}],"wp:term":[{"taxonomy":"product_brand","embeddable":true,"href":"https:\/\/alival.com.co\/express\/wp-json\/wp\/v2\/product_brand?post=2559"},{"taxonomy":"product_cat","embeddable":true,"href":"https:\/\/alival.com.co\/express\/wp-json\/wp\/v2\/product_cat?post=2559"},{"taxonomy":"product_tag","embeddable":true,"href":"https:\/\/alival.com.co\/express\/wp-json\/wp\/v2\/product_tag?post=2559"}],"curies":[{"name":"wp","href":"https:\/\/api.w.org\/{rel}","templated":true}]}}