{"id":2550,"date":"2020-05-19T18:40:13","date_gmt":"2020-05-19T23:40:13","guid":{"rendered":"http:\/\/alival.com.co\/express\/producto\/import-placeholder-for-31\/"},"modified":"2025-04-15T16:11:01","modified_gmt":"2025-04-15T21:11:01","slug":"leche-san-fernando-uht-entera-tetra-pak-x-900-ml","status":"publish","type":"product","link":"https:\/\/alival.com.co\/express\/producto\/leche-san-fernando-uht-entera-tetra-pak-x-900-ml\/","title":{"rendered":"Leche San Fernando Entera Tetra Pak  900 ml"},"content":{"rendered":"<p>QUE ES? Leche Ultra Alta Temperatura UAT (UHT) , larga vida semidescremada, deslactosada<\/p>\n<p>INGREDIENTES: Leche semidescremada, enzima lactasa<\/p>\n<p>GRASA TOTAL: 3 gramos<\/p>\n<p>EMPAQUE: Caja de cart\u00f3n laminado Tetra Pak 6 capas<\/p>\n<p>VIDA \u00daTIL: 180 d\u00edas en Tetra Pak<\/p>\n<p>MODO DE CONSERVACI\u00d3N: Temperatura ambiente, no requiere refrigeraci\u00f3n. Despu\u00e9s de abierta consumirse en el menor tiempo posible.<\/p>\n","protected":false},"excerpt":{"rendered":"<p>QUE ES? Leche Ultra Alta Temperatura UAT (UHT) , larga vida semidescremada, deslactosada INGREDIENTES: Leche semidescremada, enzima lactasa GRASA TOTAL: 3 gramos EMPAQUE: Caja de cart\u00f3n laminado Tetra Pak 6 capas VIDA \u00daTIL: 180 d\u00edas en Tetra Pak MODO DE CONSERVACI\u00d3N: Temperatura ambiente, no requiere refrigeraci\u00f3n. Despu\u00e9s de abierta consumirse en el menor tiempo posible.<\/p>\n","protected":false},"featured_media":17420,"comment_status":"open","ping_status":"closed","template":"","meta":{"_acf_changed":false},"product_brand":[],"product_cat":[25],"product_tag":[36],"class_list":{"0":"post-2550","1":"product","2":"type-product","3":"status-publish","4":"has-post-thumbnail","6":"product_cat-leches","7":"product_tag-facil-digestion","8":"product_shipping_class-nacional","10":"first","11":"instock","12":"purchasable","13":"product-type-simple"},"acf":[],"_links":{"self":[{"href":"https:\/\/alival.com.co\/express\/wp-json\/wp\/v2\/product\/2550","targetHints":{"allow":["GET"]}}],"collection":[{"href":"https:\/\/alival.com.co\/express\/wp-json\/wp\/v2\/product"}],"about":[{"href":"https:\/\/alival.com.co\/express\/wp-json\/wp\/v2\/types\/product"}],"replies":[{"embeddable":true,"href":"https:\/\/alival.com.co\/express\/wp-json\/wp\/v2\/comments?post=2550"}],"wp:featuredmedia":[{"embeddable":true,"href":"https:\/\/alival.com.co\/express\/wp-json\/wp\/v2\/media\/17420"}],"wp:attachment":[{"href":"https:\/\/alival.com.co\/express\/wp-json\/wp\/v2\/media?parent=2550"}],"wp:term":[{"taxonomy":"product_brand","embeddable":true,"href":"https:\/\/alival.com.co\/express\/wp-json\/wp\/v2\/product_brand?post=2550"},{"taxonomy":"product_cat","embeddable":true,"href":"https:\/\/alival.com.co\/express\/wp-json\/wp\/v2\/product_cat?post=2550"},{"taxonomy":"product_tag","embeddable":true,"href":"https:\/\/alival.com.co\/express\/wp-json\/wp\/v2\/product_tag?post=2550"}],"curies":[{"name":"wp","href":"https:\/\/api.w.org\/{rel}","templated":true}]}}