{"id":2545,"date":"2020-05-19T18:40:12","date_gmt":"2020-05-19T23:40:12","guid":{"rendered":"http:\/\/alival.com.co\/express\/producto\/import-placeholder-for-21\/"},"modified":"2025-10-20T16:45:05","modified_gmt":"2025-10-20T21:45:05","slug":"leche-sanfernando-uht-semidescremada-bajagrasa-bolsa-x-1100-ml","status":"publish","type":"product","link":"https:\/\/alival.com.co\/express\/producto\/leche-sanfernando-uht-semidescremada-bajagrasa-bolsa-x-1100-ml\/","title":{"rendered":"Leche San Fernando Baja Grasa Bolsa  1100 ml"},"content":{"rendered":"<p>QUE ES? Leche Ultra Alta Temperatura UAT (UHT) , larga vida semidescremada<\/p>\n<p>INGREDIENTES: Leche semidescremada<\/p>\n<p>GRASA TOTAL: 3 gramos<\/p>\n<p>EMPAQUE: Bolsa de polietileno de alta barrera a la luz y al oxigeno de 7 capas<\/p>\n<p>VIDA \u00daTIL: 90 d\u00edas en bolsa<\/p>\n<p>MODO DE CONSERVACI\u00d3N: Temperatura ambiente, no requiere refrigeraci\u00f3n. Despu\u00e9s de abierta consumirse en el menor tiempo posible.<\/p>\n","protected":false},"excerpt":{"rendered":"<p>QUE ES? Leche Ultra Alta Temperatura UAT (UHT) , larga vida semidescremada INGREDIENTES: Leche semidescremada GRASA TOTAL: 3 gramos EMPAQUE: Bolsa de polietileno de alta barrera a la luz y al oxigeno de 7 capas VIDA \u00daTIL: 90 d\u00edas en bolsa MODO DE CONSERVACI\u00d3N: Temperatura ambiente, no requiere refrigeraci\u00f3n. Despu\u00e9s de abierta consumirse en el [&hellip;]<\/p>\n","protected":false},"featured_media":17417,"comment_status":"open","ping_status":"closed","template":"","meta":{"_acf_changed":false},"product_brand":[],"product_cat":[25],"product_tag":[34,27,26],"class_list":{"0":"post-2545","1":"product","2":"type-product","3":"status-publish","4":"has-post-thumbnail","6":"product_cat-leches","7":"product_tag-bajo-en-grasa","8":"product_tag-nutricion","9":"product_tag-salud","10":"product_shipping_class-nacional","12":"first","13":"instock","14":"purchasable","15":"product-type-simple"},"acf":[],"_links":{"self":[{"href":"https:\/\/alival.com.co\/express\/wp-json\/wp\/v2\/product\/2545","targetHints":{"allow":["GET"]}}],"collection":[{"href":"https:\/\/alival.com.co\/express\/wp-json\/wp\/v2\/product"}],"about":[{"href":"https:\/\/alival.com.co\/express\/wp-json\/wp\/v2\/types\/product"}],"replies":[{"embeddable":true,"href":"https:\/\/alival.com.co\/express\/wp-json\/wp\/v2\/comments?post=2545"}],"wp:featuredmedia":[{"embeddable":true,"href":"https:\/\/alival.com.co\/express\/wp-json\/wp\/v2\/media\/17417"}],"wp:attachment":[{"href":"https:\/\/alival.com.co\/express\/wp-json\/wp\/v2\/media?parent=2545"}],"wp:term":[{"taxonomy":"product_brand","embeddable":true,"href":"https:\/\/alival.com.co\/express\/wp-json\/wp\/v2\/product_brand?post=2545"},{"taxonomy":"product_cat","embeddable":true,"href":"https:\/\/alival.com.co\/express\/wp-json\/wp\/v2\/product_cat?post=2545"},{"taxonomy":"product_tag","embeddable":true,"href":"https:\/\/alival.com.co\/express\/wp-json\/wp\/v2\/product_tag?post=2545"}],"curies":[{"name":"wp","href":"https:\/\/api.w.org\/{rel}","templated":true}]}}