{"id":2542,"date":"2020-05-19T23:40:11","date_gmt":"2020-05-20T04:40:11","guid":{"rendered":"http:\/\/alival.com.co\/express\/producto\/import-placeholder-for-17\/"},"modified":"2026-04-23T16:22:02","modified_gmt":"2026-04-23T21:22:02","slug":"leche-sanfernando-uht-entera-bolsa-x-1100-ml","status":"publish","type":"product","link":"https:\/\/alival.com.co\/express\/producto\/leche-sanfernando-uht-entera-bolsa-x-1100-ml\/","title":{"rendered":"Leche San Fernando Entera 1100 mL"},"content":{"rendered":"<p><strong>Leche ultra alta temperatura UAT (UHT) larga vida entera<\/strong><\/p>\n<p>Nuestra Leche favorece el fortalecimiento de huesos y dientes, proporciona prote\u00ednas de alta calidad para el crecimiento y desarrollo muscular y adem\u00e1s te mantiene saciado entre comidas y bocadillos.<\/p>\n<p>INGREDIENTES:\u00a0Leche entera higienizada, estabilizante (Polifosfato de sodio).<\/p>\n<p>GRASA TOTAL:\u00a03,0 gramos por cada 100 mL<\/p>\n<p><strong>EMPAQUE:\u00a0<\/strong>Bolsa de polietileno y Tetra Pak.<\/p>\n<p><strong>VIDA \u00daTIL:<\/strong>\u00a090 d\u00edas en bolsa\u00a0 \u00a0 \u00a0 \u00a0 \u00a0 \u00a0 \u00a0 \u00a0 \u00a0 \u00a0 \u00a0 \u00a0 \u00a0 \u00a0 \u00a0 \u00a0 \u00a0 \u00a0 \u00a0 \u00a0 \u00a0 \u00a0 \u00a0 \u00a0 \u00a0 \u00a0 \u00a0120 d\u00edas en Tetra Pak<\/p>\n<p><strong>MODO DE\u00a0<\/strong><strong>CONSERVACI\u00d3N:\u00a0<\/strong>Producto para consumo directo. No requiere refrigeraci\u00f3n. Despu\u00e9s de abierto cons\u00e9rvese refrigerado y<br \/>\ncons\u00famase en el menor tiempo posible. Apto para ser consumido por cualquier persona.<\/p>\n","protected":false},"excerpt":{"rendered":"<p>Leche ultra alta temperatura UAT (UHT) larga vida entera Nuestra Leche favorece el fortalecimiento de huesos y dientes, proporciona prote\u00ednas de alta calidad para el crecimiento y desarrollo muscular y adem\u00e1s te mantiene saciado entre comidas y bocadillos. INGREDIENTES:\u00a0Leche entera higienizada, estabilizante (Polifosfato de sodio). GRASA TOTAL:\u00a03,0 gramos por cada 100 mL EMPAQUE:\u00a0Bolsa de polietileno [&hellip;]<\/p>\n","protected":false},"featured_media":17422,"comment_status":"open","ping_status":"closed","template":"","meta":{"_acf_changed":false},"product_brand":[],"product_cat":[25],"product_tag":[47,28,29,30,27,26],"class_list":{"0":"post-2542","1":"product","2":"type-product","3":"status-publish","4":"has-post-thumbnail","6":"product_cat-leches","7":"product_tag-calcio","8":"product_tag-familia","9":"product_tag-locheras","10":"product_tag-ninos","11":"product_tag-nutricion","12":"product_tag-salud","13":"product_shipping_class-nacional","15":"first","16":"instock","17":"purchasable","18":"product-type-simple"},"acf":[],"_links":{"self":[{"href":"https:\/\/alival.com.co\/express\/wp-json\/wp\/v2\/product\/2542","targetHints":{"allow":["GET"]}}],"collection":[{"href":"https:\/\/alival.com.co\/express\/wp-json\/wp\/v2\/product"}],"about":[{"href":"https:\/\/alival.com.co\/express\/wp-json\/wp\/v2\/types\/product"}],"replies":[{"embeddable":true,"href":"https:\/\/alival.com.co\/express\/wp-json\/wp\/v2\/comments?post=2542"}],"wp:featuredmedia":[{"embeddable":true,"href":"https:\/\/alival.com.co\/express\/wp-json\/wp\/v2\/media\/17422"}],"wp:attachment":[{"href":"https:\/\/alival.com.co\/express\/wp-json\/wp\/v2\/media?parent=2542"}],"wp:term":[{"taxonomy":"product_brand","embeddable":true,"href":"https:\/\/alival.com.co\/express\/wp-json\/wp\/v2\/product_brand?post=2542"},{"taxonomy":"product_cat","embeddable":true,"href":"https:\/\/alival.com.co\/express\/wp-json\/wp\/v2\/product_cat?post=2542"},{"taxonomy":"product_tag","embeddable":true,"href":"https:\/\/alival.com.co\/express\/wp-json\/wp\/v2\/product_tag?post=2542"}],"curies":[{"name":"wp","href":"https:\/\/api.w.org\/{rel}","templated":true}]}}