{"id":2541,"date":"2020-05-19T18:40:11","date_gmt":"2020-05-19T23:40:11","guid":{"rendered":"http:\/\/alival.com.co\/express\/producto\/import-placeholder-for-16\/"},"modified":"2026-01-24T22:44:45","modified_gmt":"2026-01-25T03:44:45","slug":"leche-sanfernando-entera-15-dias-bolsa-x-1000-ml","status":"publish","type":"product","link":"https:\/\/alival.com.co\/express\/producto\/leche-sanfernando-entera-15-dias-bolsa-x-1000-ml\/","title":{"rendered":"Leche San Fernando Entera 15 D\u00edas  1000 ml"},"content":{"rendered":"<p>QUE ES? Leche Ultrapasteurizada 15 d\u00edas entera<\/p>\n<p>INGREDIENTES: Leche entera<\/p>\n<p>GRASA TOTAL: 6 gramos<\/p>\n<p>EMPAQUE: Bolsa de polietileno 3 capas<\/p>\n<p>VIDA \u00daTIL: 15 d\u00edas en bolsa<\/p>\n<p>MODO DE CONSERVACI\u00d3N: Debe conservarse refrigerada.<\/p>\n<p>Despu\u00e9s de abierta consumirse en el menor tiempo posible.<\/p>\n","protected":false},"excerpt":{"rendered":"<p>QUE ES? Leche Ultrapasteurizada 15 d\u00edas entera INGREDIENTES: Leche entera GRASA TOTAL: 6 gramos EMPAQUE: Bolsa de polietileno 3 capas VIDA \u00daTIL: 15 d\u00edas en bolsa MODO DE CONSERVACI\u00d3N: Debe conservarse refrigerada. Despu\u00e9s de abierta consumirse en el menor tiempo posible.<\/p>\n","protected":false},"featured_media":17424,"comment_status":"open","ping_status":"closed","template":"","meta":{"_acf_changed":false},"product_brand":[],"product_cat":[25],"product_tag":[28,43,41],"class_list":{"0":"post-2541","1":"product","2":"type-product","3":"status-publish","4":"has-post-thumbnail","6":"product_cat-leches","7":"product_tag-familia","8":"product_tag-leche","9":"product_tag-saludable","10":"product_shipping_class-nacional","12":"first","13":"instock","14":"purchasable","15":"product-type-simple"},"acf":[],"_links":{"self":[{"href":"https:\/\/alival.com.co\/express\/wp-json\/wp\/v2\/product\/2541","targetHints":{"allow":["GET"]}}],"collection":[{"href":"https:\/\/alival.com.co\/express\/wp-json\/wp\/v2\/product"}],"about":[{"href":"https:\/\/alival.com.co\/express\/wp-json\/wp\/v2\/types\/product"}],"replies":[{"embeddable":true,"href":"https:\/\/alival.com.co\/express\/wp-json\/wp\/v2\/comments?post=2541"}],"wp:featuredmedia":[{"embeddable":true,"href":"https:\/\/alival.com.co\/express\/wp-json\/wp\/v2\/media\/17424"}],"wp:attachment":[{"href":"https:\/\/alival.com.co\/express\/wp-json\/wp\/v2\/media?parent=2541"}],"wp:term":[{"taxonomy":"product_brand","embeddable":true,"href":"https:\/\/alival.com.co\/express\/wp-json\/wp\/v2\/product_brand?post=2541"},{"taxonomy":"product_cat","embeddable":true,"href":"https:\/\/alival.com.co\/express\/wp-json\/wp\/v2\/product_cat?post=2541"},{"taxonomy":"product_tag","embeddable":true,"href":"https:\/\/alival.com.co\/express\/wp-json\/wp\/v2\/product_tag?post=2541"}],"curies":[{"name":"wp","href":"https:\/\/api.w.org\/{rel}","templated":true}]}}