{"id":19573,"date":"2025-11-10T13:41:56","date_gmt":"2025-11-10T18:41:56","guid":{"rendered":"https:\/\/alival.com.co\/express\/?post_type=product&#038;p=19573"},"modified":"2026-03-31T12:18:19","modified_gmt":"2026-03-31T17:18:19","slug":"loveg-bebida-de-avena-con-almendras-330ml","status":"publish","type":"product","link":"https:\/\/alival.com.co\/express\/producto\/loveg-bebida-de-avena-con-almendras-330ml\/","title":{"rendered":"LOVEG Bebida de Avena con Almendras 330mL"},"content":{"rendered":"<p><b>INGREDIENTES:<\/b><\/p>\n<p data-pm-slice=\"1 1 []\">Agua, harina de avena precocida (4%), polvo de almendras (3,5%) (maltodextrina, aceite de ma\u00edz y aceite de almendra, prote\u00edna vegetal de arveja, carbonato de calcio, dextrosa monohidratada), az\u00facar, estabilizante y emulsionante (carragenina, goma xantana), saborizantes artificiales (avena, leche, almendra), sal, glicosidos de esteviol y extracto de romero. Contiene: avena, almendras. Puede contener: leche y soya.<\/p>\n<p><b>GRASA TOTAL:\u00a0<\/b>0,5 gramos por cada 100 gramos.<\/p>\n<p><b>VIDA \u00daTIL:<\/b>\u00a0\u00a012 meses.<\/p>\n<p><b>MODO DE CONSERVACI\u00d3N:\u00a0<\/b>Cons\u00e9rvese a temperatura ambiente en un lugar fresco y seco, despu\u00e9s de abierto mant\u00e9ngase refrigerado.<\/p>\n","protected":false},"excerpt":{"rendered":"<p>INGREDIENTES: Agua, harina de avena precocida (4%), polvo de almendras (3,5%) (maltodextrina, aceite de ma\u00edz y aceite de almendra, prote\u00edna vegetal de arveja, carbonato de calcio, dextrosa monohidratada), az\u00facar, estabilizante y emulsionante (carragenina, goma xantana), saborizantes artificiales (avena, leche, almendra), sal, glicosidos de esteviol y extracto de romero. Contiene: avena, almendras. Puede contener: leche y [&hellip;]<\/p>\n","protected":false},"featured_media":19641,"comment_status":"closed","ping_status":"closed","template":"","meta":{"_acf_changed":false},"product_brand":[],"product_cat":[124,132],"product_tag":[],"class_list":{"0":"post-19573","1":"product","2":"type-product","3":"status-publish","4":"has-post-thumbnail","6":"product_cat-avenas","7":"product_cat-ofertas-derivados-liquidos","9":"first","10":"instock","11":"taxable","12":"shipping-taxable","13":"purchasable","14":"product-type-simple"},"acf":[],"_links":{"self":[{"href":"https:\/\/alival.com.co\/express\/wp-json\/wp\/v2\/product\/19573","targetHints":{"allow":["GET"]}}],"collection":[{"href":"https:\/\/alival.com.co\/express\/wp-json\/wp\/v2\/product"}],"about":[{"href":"https:\/\/alival.com.co\/express\/wp-json\/wp\/v2\/types\/product"}],"replies":[{"embeddable":true,"href":"https:\/\/alival.com.co\/express\/wp-json\/wp\/v2\/comments?post=19573"}],"wp:featuredmedia":[{"embeddable":true,"href":"https:\/\/alival.com.co\/express\/wp-json\/wp\/v2\/media\/19641"}],"wp:attachment":[{"href":"https:\/\/alival.com.co\/express\/wp-json\/wp\/v2\/media?parent=19573"}],"wp:term":[{"taxonomy":"product_brand","embeddable":true,"href":"https:\/\/alival.com.co\/express\/wp-json\/wp\/v2\/product_brand?post=19573"},{"taxonomy":"product_cat","embeddable":true,"href":"https:\/\/alival.com.co\/express\/wp-json\/wp\/v2\/product_cat?post=19573"},{"taxonomy":"product_tag","embeddable":true,"href":"https:\/\/alival.com.co\/express\/wp-json\/wp\/v2\/product_tag?post=19573"}],"curies":[{"name":"wp","href":"https:\/\/api.w.org\/{rel}","templated":true}]}}