{"id":19537,"date":"2025-09-11T11:43:21","date_gmt":"2025-09-11T16:43:21","guid":{"rendered":"https:\/\/alival.com.co\/express\/?post_type=product&#038;p=19537"},"modified":"2026-04-10T15:22:34","modified_gmt":"2026-04-10T20:22:34","slug":"leche-san-fernando-sabor-de-tu-region-bolsa-1100-ml","status":"publish","type":"product","link":"https:\/\/alival.com.co\/express\/producto\/leche-san-fernando-sabor-de-tu-region-bolsa-1100-ml\/","title":{"rendered":"Leche San Fernando Sabor de tu Regi\u00f3n Bolsa 1100 mL"},"content":{"rendered":"<p><strong>Leche Ultra Alta Temperatura UAT (UHT), larga vida semidescremada Baja en Grasa<\/strong><\/p>\n<p><b>INGREDIENTES:<\/b>\u00a0Leche semidescremada higienizada, estabilizante (Polifosfato de sodio).<\/p>\n<p><b>GRASA TOTAL:<\/b>\u00a01,5 gramos por cada 100 mL.<\/p>\n<p><strong>EMPAQUE:<\/strong>\u00a0Bolsa de polietileno.<\/p>\n<p>VIDA \u00daTIL:\u00a070 d\u00edas.<\/p>\n<p><b>MODO DE CONSERVACI\u00d3N:\u00a0<\/b>Producto para consumo directo. No requiere refrigeraci\u00f3n. Despu\u00e9s de abierto cons\u00e9rvese refrigerado y cons\u00famase en el menor tiempo posible. Apto para ser consumido por cualquier persona.<\/p>\n","protected":false},"excerpt":{"rendered":"<p>Leche Ultra Alta Temperatura UAT (UHT), larga vida semidescremada Baja en Grasa INGREDIENTES:\u00a0Leche semidescremada higienizada, estabilizante (Polifosfato de sodio). GRASA TOTAL:\u00a01,5 gramos por cada 100 mL. EMPAQUE:\u00a0Bolsa de polietileno. VIDA \u00daTIL:\u00a070 d\u00edas. MODO DE CONSERVACI\u00d3N:\u00a0Producto para consumo directo. No requiere refrigeraci\u00f3n. Despu\u00e9s de abierto cons\u00e9rvese refrigerado y cons\u00famase en el menor tiempo posible. Apto para [&hellip;]<\/p>\n","protected":false},"featured_media":19538,"comment_status":"closed","ping_status":"closed","template":"","meta":{"_acf_changed":false},"product_brand":[],"product_cat":[25],"product_tag":[],"class_list":{"0":"post-19537","1":"product","2":"type-product","3":"status-publish","4":"has-post-thumbnail","6":"product_cat-leches","8":"first","9":"instock","10":"taxable","11":"shipping-taxable","12":"purchasable","13":"product-type-simple"},"acf":[],"_links":{"self":[{"href":"https:\/\/alival.com.co\/express\/wp-json\/wp\/v2\/product\/19537","targetHints":{"allow":["GET"]}}],"collection":[{"href":"https:\/\/alival.com.co\/express\/wp-json\/wp\/v2\/product"}],"about":[{"href":"https:\/\/alival.com.co\/express\/wp-json\/wp\/v2\/types\/product"}],"replies":[{"embeddable":true,"href":"https:\/\/alival.com.co\/express\/wp-json\/wp\/v2\/comments?post=19537"}],"wp:featuredmedia":[{"embeddable":true,"href":"https:\/\/alival.com.co\/express\/wp-json\/wp\/v2\/media\/19538"}],"wp:attachment":[{"href":"https:\/\/alival.com.co\/express\/wp-json\/wp\/v2\/media?parent=19537"}],"wp:term":[{"taxonomy":"product_brand","embeddable":true,"href":"https:\/\/alival.com.co\/express\/wp-json\/wp\/v2\/product_brand?post=19537"},{"taxonomy":"product_cat","embeddable":true,"href":"https:\/\/alival.com.co\/express\/wp-json\/wp\/v2\/product_cat?post=19537"},{"taxonomy":"product_tag","embeddable":true,"href":"https:\/\/alival.com.co\/express\/wp-json\/wp\/v2\/product_tag?post=19537"}],"curies":[{"name":"wp","href":"https:\/\/api.w.org\/{rel}","templated":true}]}}