{"id":19528,"date":"2025-09-10T16:24:49","date_gmt":"2025-09-10T21:24:49","guid":{"rendered":"https:\/\/alival.com.co\/express\/?post_type=product&#038;p=19528"},"modified":"2026-03-31T16:23:06","modified_gmt":"2026-03-31T21:23:06","slug":"leche-condensada-san-fernando-100-gr-display-por-8-unidades","status":"publish","type":"product","link":"https:\/\/alival.com.co\/express\/producto\/leche-condensada-san-fernando-100-gr-display-por-8-unidades\/","title":{"rendered":"Leche Condensada San Fernando 100 gr Display Por 8 Unidades"},"content":{"rendered":"<p><strong>Leche condensada azucarada semidescremada.<\/strong><\/p>\n<p><b>INGREDIENTES:\u00a0<\/b>\u00a0Leche higienizada l\u00edquida y\/o reconstituida, agua, az\u00facar, glucosa, leche en polvo, regulador de acidez (citrato de sodio), Estabilizante (polifosfato de sodio), conservantes (Sorbato de potasio, benzoato de sodio). Al\u00e9rgenos: Contiene Leche.<\/p>\n<p><b>GRASA TOTAL:\u00a0<\/b>3 gramos por cada 100g.<\/p>\n<p><b>EMPAQUE:<\/b>\u00a0Bolsa sellable tipo doypack.<\/p>\n<p><b>VIDA \u00daTIL:<\/b>\u00a090 d\u00edas.<\/p>\n<p><b>MODO DE CONSERVACI\u00d3N:\u00a0<\/b>Cons\u00e9rvese a temperatura ambiente en un lugar fresco y seco, despu\u00e9s de abierto mant\u00e9ngase refrigerado y consumirse en el menor tiempo posible.<\/p>\n","protected":false},"excerpt":{"rendered":"<p>Leche condensada azucarada semidescremada. INGREDIENTES:\u00a0\u00a0Leche higienizada l\u00edquida y\/o reconstituida, agua, az\u00facar, glucosa, leche en polvo, regulador de acidez (citrato de sodio), Estabilizante (polifosfato de sodio), conservantes (Sorbato de potasio, benzoato de sodio). Al\u00e9rgenos: Contiene Leche. GRASA TOTAL:\u00a03 gramos por cada 100g. EMPAQUE:\u00a0Bolsa sellable tipo doypack. VIDA \u00daTIL:\u00a090 d\u00edas. MODO DE CONSERVACI\u00d3N:\u00a0Cons\u00e9rvese a temperatura ambiente en [&hellip;]<\/p>\n","protected":false},"featured_media":19529,"comment_status":"closed","ping_status":"closed","template":"","meta":{"_acf_changed":false},"product_brand":[],"product_cat":[132,50],"product_tag":[],"class_list":{"0":"post-19528","1":"product","2":"type-product","3":"status-publish","4":"has-post-thumbnail","6":"product_cat-ofertas-derivados-liquidos","7":"product_cat-cremas-y-esparcibles","9":"first","10":"instock","11":"taxable","12":"shipping-taxable","13":"purchasable","14":"product-type-simple"},"acf":[],"_links":{"self":[{"href":"https:\/\/alival.com.co\/express\/wp-json\/wp\/v2\/product\/19528","targetHints":{"allow":["GET"]}}],"collection":[{"href":"https:\/\/alival.com.co\/express\/wp-json\/wp\/v2\/product"}],"about":[{"href":"https:\/\/alival.com.co\/express\/wp-json\/wp\/v2\/types\/product"}],"replies":[{"embeddable":true,"href":"https:\/\/alival.com.co\/express\/wp-json\/wp\/v2\/comments?post=19528"}],"wp:featuredmedia":[{"embeddable":true,"href":"https:\/\/alival.com.co\/express\/wp-json\/wp\/v2\/media\/19529"}],"wp:attachment":[{"href":"https:\/\/alival.com.co\/express\/wp-json\/wp\/v2\/media?parent=19528"}],"wp:term":[{"taxonomy":"product_brand","embeddable":true,"href":"https:\/\/alival.com.co\/express\/wp-json\/wp\/v2\/product_brand?post=19528"},{"taxonomy":"product_cat","embeddable":true,"href":"https:\/\/alival.com.co\/express\/wp-json\/wp\/v2\/product_cat?post=19528"},{"taxonomy":"product_tag","embeddable":true,"href":"https:\/\/alival.com.co\/express\/wp-json\/wp\/v2\/product_tag?post=19528"}],"curies":[{"name":"wp","href":"https:\/\/api.w.org\/{rel}","templated":true}]}}