{"id":19506,"date":"2025-08-26T10:36:37","date_gmt":"2025-08-26T15:36:37","guid":{"rendered":"https:\/\/alival.com.co\/express\/?post_type=product&#038;p=19506"},"modified":"2026-03-31T16:39:59","modified_gmt":"2026-03-31T21:39:59","slug":"yogurt-mix-san-fernando-flips-vaso-170-g","status":"publish","type":"product","link":"https:\/\/alival.com.co\/express\/producto\/yogurt-mix-san-fernando-flips-vaso-170-g\/","title":{"rendered":"Yogurt Mix San Fernando Flips Vaso 170 gr"},"content":{"rendered":"<p><strong>Yogurt entero con dulce para mezclar con cereal.<\/strong><\/p>\n<p><b>INGREDIENTES:\u00a0<\/b><\/p>\n<p>Leche pasteurizada entera l\u00edquida y\/o reconstituida (agua, leche en polvo), az\u00facar, cultivos l\u00e1cticos, para la presentaci\u00f3n sobre copa con: cereal hojuelas de ma\u00edz azucarada o cereal arroz achocolatado.<\/p>\n<p><b>GRASA TOTAL:<\/b>\u00a0Por cada 100 ml, 2,6g (hojuelas) y 2,9g (arroz achocolatado).<\/p>\n<p><b>EMPAQUE:\u00a0<\/b>Vaso (PP) con tapa foil de aluminio grado alimenticio m\u00e1s sobre copa con cereal.<\/p>\n<p><b>VIDA \u00daTIL:<\/b>\u00a052 d\u00edas.<\/p>\n<p><b>MODO DE CONSERVACI\u00d3N:\u00a0<\/b>Producto listo para consumir, debe agitarse antes de abrir, despu\u00e9s de abierto mantenerse refrigerado y consumirse en el menor tiempo posible.<\/p>\n","protected":false},"excerpt":{"rendered":"<p>Yogurt entero con dulce para mezclar con cereal. INGREDIENTES:\u00a0 Leche pasteurizada entera l\u00edquida y\/o reconstituida (agua, leche en polvo), az\u00facar, cultivos l\u00e1cticos, para la presentaci\u00f3n sobre copa con: cereal hojuelas de ma\u00edz azucarada o cereal arroz achocolatado. GRASA TOTAL:\u00a0Por cada 100 ml, 2,6g (hojuelas) y 2,9g (arroz achocolatado). EMPAQUE:\u00a0Vaso (PP) con tapa foil de aluminio [&hellip;]<\/p>\n","protected":false},"featured_media":19508,"comment_status":"closed","ping_status":"closed","template":"","meta":{"_acf_changed":false},"product_brand":[],"product_cat":[132,122,158,48],"product_tag":[],"class_list":{"0":"post-19506","1":"product","2":"type-product","3":"status-publish","4":"has-post-thumbnail","6":"product_cat-ofertas-derivados-liquidos","7":"product_cat-yogurt","8":"product_cat-yogurt-mix-con-cereal","9":"product_cat-yogurt-y-bebidas-lacteas","11":"first","12":"instock","13":"taxable","14":"shipping-taxable","15":"purchasable","16":"product-type-simple"},"acf":[],"_links":{"self":[{"href":"https:\/\/alival.com.co\/express\/wp-json\/wp\/v2\/product\/19506","targetHints":{"allow":["GET"]}}],"collection":[{"href":"https:\/\/alival.com.co\/express\/wp-json\/wp\/v2\/product"}],"about":[{"href":"https:\/\/alival.com.co\/express\/wp-json\/wp\/v2\/types\/product"}],"replies":[{"embeddable":true,"href":"https:\/\/alival.com.co\/express\/wp-json\/wp\/v2\/comments?post=19506"}],"wp:featuredmedia":[{"embeddable":true,"href":"https:\/\/alival.com.co\/express\/wp-json\/wp\/v2\/media\/19508"}],"wp:attachment":[{"href":"https:\/\/alival.com.co\/express\/wp-json\/wp\/v2\/media?parent=19506"}],"wp:term":[{"taxonomy":"product_brand","embeddable":true,"href":"https:\/\/alival.com.co\/express\/wp-json\/wp\/v2\/product_brand?post=19506"},{"taxonomy":"product_cat","embeddable":true,"href":"https:\/\/alival.com.co\/express\/wp-json\/wp\/v2\/product_cat?post=19506"},{"taxonomy":"product_tag","embeddable":true,"href":"https:\/\/alival.com.co\/express\/wp-json\/wp\/v2\/product_tag?post=19506"}],"curies":[{"name":"wp","href":"https:\/\/api.w.org\/{rel}","templated":true}]}}