{"id":17210,"date":"2024-01-22T15:05:18","date_gmt":"2024-01-22T20:05:18","guid":{"rendered":"https:\/\/alival.com.co\/express\/?post_type=product&#038;p=17210"},"modified":"2026-04-01T15:56:31","modified_gmt":"2026-04-01T20:56:31","slug":"bebida-aloe-vera-pet-x-500ml-pague-3-lleve-4-original-sugar","status":"publish","type":"product","link":"https:\/\/alival.com.co\/express\/producto\/bebida-aloe-vera-pet-x-500ml-pague-3-lleve-4-original-sugar\/","title":{"rendered":"Bebida Aloe Vera Pet x 500mL Pague 3 Lleve 4 Original, Sugar-Free"},"content":{"rendered":"<p><strong>Bebida con aloe vera original, sugar-free<\/strong><\/p>\n<p><b>INGREDIENTES:\u00a0<\/b>Agua purificada, gel y polvo de aloe vera, az\u00facar, acidulante, \u00e1cido asc\u00f3rbico, sabor artificial, estabilizante, regulador de acidez, espesante y betacaroteno.<\/p>\n<p><b>GRASA TOTAL:\u00a0<\/b>0 gramos por cada 100 mL.<\/p>\n<p><b>EMPAQUE:<\/b>\u00a0Lata y Botella (PET).<\/p>\n<p><b>VIDA \u00daTIL:<\/b>\u00a024 meses<\/p>\n<p><b>MODO DE CONSERVACI\u00d3N:<\/b>\u00a0Producto listo para consumir, despu\u00e9s de abierto debe refrigerarse y consumirse en el menor tiempo posible. Apto para ni\u00f1os mayores de 4 a\u00f1os y adultos.<\/p>\n","protected":false},"excerpt":{"rendered":"<p>Bebida con aloe vera original, sugar-free INGREDIENTES:\u00a0Agua purificada, gel y polvo de aloe vera, az\u00facar, acidulante, \u00e1cido asc\u00f3rbico, sabor artificial, estabilizante, regulador de acidez, espesante y betacaroteno. GRASA TOTAL:\u00a00 gramos por cada 100 mL. EMPAQUE:\u00a0Lata y Botella (PET). VIDA \u00daTIL:\u00a024 meses MODO DE CONSERVACI\u00d3N:\u00a0Producto listo para consumir, despu\u00e9s de abierto debe refrigerarse y consumirse en [&hellip;]<\/p>\n","protected":false},"featured_media":18691,"comment_status":"open","ping_status":"closed","template":"","meta":{"_acf_changed":false},"product_brand":[],"product_cat":[132],"product_tag":[],"class_list":{"0":"post-17210","1":"product","2":"type-product","3":"status-publish","4":"has-post-thumbnail","6":"product_cat-ofertas-derivados-liquidos","8":"first","9":"instock","10":"taxable","11":"shipping-taxable","12":"purchasable","13":"product-type-simple"},"acf":[],"_links":{"self":[{"href":"https:\/\/alival.com.co\/express\/wp-json\/wp\/v2\/product\/17210","targetHints":{"allow":["GET"]}}],"collection":[{"href":"https:\/\/alival.com.co\/express\/wp-json\/wp\/v2\/product"}],"about":[{"href":"https:\/\/alival.com.co\/express\/wp-json\/wp\/v2\/types\/product"}],"replies":[{"embeddable":true,"href":"https:\/\/alival.com.co\/express\/wp-json\/wp\/v2\/comments?post=17210"}],"wp:featuredmedia":[{"embeddable":true,"href":"https:\/\/alival.com.co\/express\/wp-json\/wp\/v2\/media\/18691"}],"wp:attachment":[{"href":"https:\/\/alival.com.co\/express\/wp-json\/wp\/v2\/media?parent=17210"}],"wp:term":[{"taxonomy":"product_brand","embeddable":true,"href":"https:\/\/alival.com.co\/express\/wp-json\/wp\/v2\/product_brand?post=17210"},{"taxonomy":"product_cat","embeddable":true,"href":"https:\/\/alival.com.co\/express\/wp-json\/wp\/v2\/product_cat?post=17210"},{"taxonomy":"product_tag","embeddable":true,"href":"https:\/\/alival.com.co\/express\/wp-json\/wp\/v2\/product_tag?post=17210"}],"curies":[{"name":"wp","href":"https:\/\/api.w.org\/{rel}","templated":true}]}}