{"id":11335,"date":"2021-10-29T16:03:47","date_gmt":"2021-10-29T21:03:47","guid":{"rendered":"https:\/\/alival.com.co\/express\/?post_type=product&#038;p=11335"},"modified":"2026-04-07T12:35:14","modified_gmt":"2026-04-07T17:35:14","slug":"dulce-con-leche-san-fernando-x-50-gr-x-8-und","status":"publish","type":"product","link":"https:\/\/alival.com.co\/express\/producto\/dulce-con-leche-san-fernando-x-50-gr-x-8-und\/","title":{"rendered":"Dulce Con leche San Fernando Display 8 und 50 gr"},"content":{"rendered":"<p><strong>Dulce con Leche<\/strong><\/p>\n<p><b>INGREDIENTES:\u00a0<\/b>Leche entera higienizada y\/o reconstituida (agua leche en polvo), az\u00facar, texturizante (almid\u00f3n modificado), glucosa, regulador de acidez (bicarbonato de sodio).<\/p>\n<p>Al\u00e9rgeno: Contiene leche.<\/p>\n<p><b>GRASA TOTAL:\u00a0<\/b>5,5 gramos por cada 100 gramos.<\/p>\n<p><b>EMPAQUE:<\/b>\u00a0Vaso y\/o recipiente pl\u00e1stico con tapa termosellable y bolsa sellable tipo doypack.<\/p>\n<p><b>VIDA \u00daTIL:<\/b>\u00a0120 d\u00edas.<\/p>\n<p><b>MODO DE CONSERVACI\u00d3N:\u00a0<\/b>Cons\u00e9rvese a temperatura ambiente en un lugar fresco y seco, despu\u00e9s de abierto mant\u00e9ngase refrigerado.<\/p>\n","protected":false},"excerpt":{"rendered":"<p>Dulce con Leche INGREDIENTES:\u00a0Leche entera higienizada y\/o reconstituida (agua leche en polvo), az\u00facar, texturizante (almid\u00f3n modificado), glucosa, regulador de acidez (bicarbonato de sodio). Al\u00e9rgeno: Contiene leche. GRASA TOTAL:\u00a05,5 gramos por cada 100 gramos. EMPAQUE:\u00a0Vaso y\/o recipiente pl\u00e1stico con tapa termosellable y bolsa sellable tipo doypack. VIDA \u00daTIL:\u00a0120 d\u00edas. MODO DE CONSERVACI\u00d3N:\u00a0Cons\u00e9rvese a temperatura ambiente en [&hellip;]<\/p>\n","protected":false},"featured_media":17402,"comment_status":"open","ping_status":"closed","template":"","meta":{"_acf_changed":false},"product_brand":[],"product_cat":[50],"product_tag":[],"class_list":{"0":"post-11335","1":"product","2":"type-product","3":"status-publish","4":"has-post-thumbnail","6":"product_cat-cremas-y-esparcibles","8":"first","9":"instock","10":"taxable","11":"shipping-taxable","12":"purchasable","13":"product-type-simple"},"acf":[],"_links":{"self":[{"href":"https:\/\/alival.com.co\/express\/wp-json\/wp\/v2\/product\/11335","targetHints":{"allow":["GET"]}}],"collection":[{"href":"https:\/\/alival.com.co\/express\/wp-json\/wp\/v2\/product"}],"about":[{"href":"https:\/\/alival.com.co\/express\/wp-json\/wp\/v2\/types\/product"}],"replies":[{"embeddable":true,"href":"https:\/\/alival.com.co\/express\/wp-json\/wp\/v2\/comments?post=11335"}],"wp:featuredmedia":[{"embeddable":true,"href":"https:\/\/alival.com.co\/express\/wp-json\/wp\/v2\/media\/17402"}],"wp:attachment":[{"href":"https:\/\/alival.com.co\/express\/wp-json\/wp\/v2\/media?parent=11335"}],"wp:term":[{"taxonomy":"product_brand","embeddable":true,"href":"https:\/\/alival.com.co\/express\/wp-json\/wp\/v2\/product_brand?post=11335"},{"taxonomy":"product_cat","embeddable":true,"href":"https:\/\/alival.com.co\/express\/wp-json\/wp\/v2\/product_cat?post=11335"},{"taxonomy":"product_tag","embeddable":true,"href":"https:\/\/alival.com.co\/express\/wp-json\/wp\/v2\/product_tag?post=11335"}],"curies":[{"name":"wp","href":"https:\/\/api.w.org\/{rel}","templated":true}]}}