{"id":11207,"date":"2021-10-27T16:34:07","date_gmt":"2021-10-27T21:34:07","guid":{"rendered":"https:\/\/alival.com.co\/express\/?post_type=product&#038;p=11207"},"modified":"2026-04-01T16:42:33","modified_gmt":"2026-04-01T21:42:33","slug":"suero-costeno-200-gr","status":"publish","type":"product","link":"https:\/\/alival.com.co\/express\/producto\/suero-costeno-200-gr\/","title":{"rendered":"Suero Coste\u00f1o San Fernando 200 gr"},"content":{"rendered":"<p><strong>Crema<\/strong><b>\u00a0para untar suero coste\u00f1o<\/b><\/p>\n<p>INGREDIENTES:\u00a0Leche entera pasteurizada y\/o leche reconstituida (Agua, Leche en polvo), crema de leche entera, leche en polvo, sal, emulsificante (goma guar, alginato de sodio, goma de algarrobo, carragenina), almid\u00f3n modificado, cultivos l\u00e1cticos (Lactobacillus helveticus, Lactococcus lactis ssp. lactis, Lactococcus lactis ssp. cremoris, Streptococcus \u00a0thermophilus), conservantes (sorbato de potasio, benzoato de sodio).<\/p>\n<p>ALERGENOS: Contiene leche.<\/p>\n<p><strong>GRASA TOTAL:<\/strong>\u00a021 gramos por cada 100g.<\/p>\n<p><strong>EMPAQUE:<\/strong>\u00a0Bolsa sellable tipo doypack.<\/p>\n<p>VIDA \u00daTIL:\u00a060 d\u00edas<\/p>\n<p>MODO DE CONSERVACI\u00d3N:\u00a0Producto listo para consumir, despu\u00e9s de abierto debe refrigerarse y consumirse en el menor tiempo posible. Apto para ni\u00f1os mayores de 4 a\u00f1os y adultos.<\/p>\n","protected":false},"excerpt":{"rendered":"<p>Crema\u00a0para untar suero coste\u00f1o INGREDIENTES:\u00a0Leche entera pasteurizada y\/o leche reconstituida (Agua, Leche en polvo), crema de leche entera, leche en polvo, sal, emulsificante (goma guar, alginato de sodio, goma de algarrobo, carragenina), almid\u00f3n modificado, cultivos l\u00e1cticos (Lactobacillus helveticus, Lactococcus lactis ssp. lactis, Lactococcus lactis ssp. cremoris, Streptococcus \u00a0thermophilus), conservantes (sorbato de potasio, benzoato de sodio). [&hellip;]<\/p>\n","protected":false},"featured_media":17251,"comment_status":"open","ping_status":"closed","template":"","meta":{"_acf_changed":false},"product_brand":[],"product_cat":[50],"product_tag":[],"class_list":{"0":"post-11207","1":"product","2":"type-product","3":"status-publish","4":"has-post-thumbnail","6":"product_cat-cremas-y-esparcibles","8":"first","9":"instock","10":"purchasable","11":"product-type-simple"},"acf":[],"_links":{"self":[{"href":"https:\/\/alival.com.co\/express\/wp-json\/wp\/v2\/product\/11207","targetHints":{"allow":["GET"]}}],"collection":[{"href":"https:\/\/alival.com.co\/express\/wp-json\/wp\/v2\/product"}],"about":[{"href":"https:\/\/alival.com.co\/express\/wp-json\/wp\/v2\/types\/product"}],"replies":[{"embeddable":true,"href":"https:\/\/alival.com.co\/express\/wp-json\/wp\/v2\/comments?post=11207"}],"wp:featuredmedia":[{"embeddable":true,"href":"https:\/\/alival.com.co\/express\/wp-json\/wp\/v2\/media\/17251"}],"wp:attachment":[{"href":"https:\/\/alival.com.co\/express\/wp-json\/wp\/v2\/media?parent=11207"}],"wp:term":[{"taxonomy":"product_brand","embeddable":true,"href":"https:\/\/alival.com.co\/express\/wp-json\/wp\/v2\/product_brand?post=11207"},{"taxonomy":"product_cat","embeddable":true,"href":"https:\/\/alival.com.co\/express\/wp-json\/wp\/v2\/product_cat?post=11207"},{"taxonomy":"product_tag","embeddable":true,"href":"https:\/\/alival.com.co\/express\/wp-json\/wp\/v2\/product_tag?post=11207"}],"curies":[{"name":"wp","href":"https:\/\/api.w.org\/{rel}","templated":true}]}}