{"id":10519,"date":"2021-09-03T10:51:36","date_gmt":"2021-09-03T15:51:36","guid":{"rendered":"https:\/\/alival.com.co\/express\/?post_type=product&#038;p=10519"},"modified":"2026-04-07T15:48:48","modified_gmt":"2026-04-07T20:48:48","slug":"queso-la-perla-cuajada-x800-gr","status":"publish","type":"product","link":"https:\/\/alival.com.co\/express\/producto\/queso-la-perla-cuajada-x800-gr\/","title":{"rendered":"Queso La Perla Cuajada x 800gr"},"content":{"rendered":"<p><strong>Queso Fresco Graso, Semiblando Cuajada<\/strong><\/p>\n<p><b>INGREDIENTES:<\/b>\u00a0Leche entera pasteurizada, sal (cloruro de sodio), estabilizante (cloruro de calcio) y cuajo.<\/p>\n<p>Al\u00e9rgenos: Contiene leche.<\/p>\n<p><b>GRASA TOTAL:<\/b>\u00a017 gramos por cada 100g.<\/p>\n<p><b>EMPAQUE:<\/b>\u00a0Bolsa pl\u00e1stica termoencogible<br \/>\npara empacado al vac\u00edo.<\/p>\n<p><b>VIDA \u00daTIL:<\/b>\u00a020 d\u00edas.<\/p>\n<p><b>MODO DE CONSERVACI\u00d3N:\u00a0<\/b>Producto listo para consumir. Requiere refrigeraci\u00f3n. Despu\u00e9s de abierto cons\u00e9rvese refrigerado y cons\u00famase en<br \/>\nel menor tiempo posible.<\/p>\n","protected":false},"excerpt":{"rendered":"<p>Queso Fresco Graso, Semiblando Cuajada INGREDIENTES:\u00a0Leche entera pasteurizada, sal (cloruro de sodio), estabilizante (cloruro de calcio) y cuajo. Al\u00e9rgenos: Contiene leche. GRASA TOTAL:\u00a017 gramos por cada 100g. EMPAQUE:\u00a0Bolsa pl\u00e1stica termoencogible para empacado al vac\u00edo. VIDA \u00daTIL:\u00a020 d\u00edas. MODO DE CONSERVACI\u00d3N:\u00a0Producto listo para consumir. Requiere refrigeraci\u00f3n. Despu\u00e9s de abierto cons\u00e9rvese refrigerado y cons\u00famase en el menor [&hellip;]<\/p>\n","protected":false},"featured_media":17258,"comment_status":"open","ping_status":"closed","template":"","meta":{"_acf_changed":false},"product_brand":[],"product_cat":[132],"product_tag":[53,54],"class_list":{"0":"post-10519","1":"product","2":"type-product","3":"status-publish","4":"has-post-thumbnail","6":"product_cat-ofertas-derivados-liquidos","7":"product_tag-cuajada","8":"product_tag-fresco","9":"product_shipping_class-nacional","11":"first","12":"instock","13":"purchasable","14":"product-type-simple"},"acf":[],"_links":{"self":[{"href":"https:\/\/alival.com.co\/express\/wp-json\/wp\/v2\/product\/10519","targetHints":{"allow":["GET"]}}],"collection":[{"href":"https:\/\/alival.com.co\/express\/wp-json\/wp\/v2\/product"}],"about":[{"href":"https:\/\/alival.com.co\/express\/wp-json\/wp\/v2\/types\/product"}],"replies":[{"embeddable":true,"href":"https:\/\/alival.com.co\/express\/wp-json\/wp\/v2\/comments?post=10519"}],"wp:featuredmedia":[{"embeddable":true,"href":"https:\/\/alival.com.co\/express\/wp-json\/wp\/v2\/media\/17258"}],"wp:attachment":[{"href":"https:\/\/alival.com.co\/express\/wp-json\/wp\/v2\/media?parent=10519"}],"wp:term":[{"taxonomy":"product_brand","embeddable":true,"href":"https:\/\/alival.com.co\/express\/wp-json\/wp\/v2\/product_brand?post=10519"},{"taxonomy":"product_cat","embeddable":true,"href":"https:\/\/alival.com.co\/express\/wp-json\/wp\/v2\/product_cat?post=10519"},{"taxonomy":"product_tag","embeddable":true,"href":"https:\/\/alival.com.co\/express\/wp-json\/wp\/v2\/product_tag?post=10519"}],"curies":[{"name":"wp","href":"https:\/\/api.w.org\/{rel}","templated":true}]}}