{"id":670,"date":"2023-03-01T16:38:03","date_gmt":"2023-03-01T16:38:03","guid":{"rendered":"https:\/\/alival.com.co\/?page_id=670"},"modified":"2024-04-29T03:46:30","modified_gmt":"2024-04-29T03:46:30","slug":"leche-0-grasa","status":"publish","type":"page","link":"https:\/\/alival.com.co\/en\/leche-0-grasa\/","title":{"rendered":"Zero Fat Milk"},"content":{"rendered":"\t\t<div data-elementor-type=\"wp-page\" data-elementor-id=\"670\" class=\"elementor elementor-670\" data-elementor-post-type=\"page\">\n\t\t\t\t\t\t<section class=\"elementor-section elementor-top-section elementor-element elementor-element-1fb8f833 elementor-section-boxed elementor-section-height-default elementor-section-height-default\" data-id=\"1fb8f833\" data-element_type=\"section\" data-e-type=\"section\" data-settings=\"{&quot;background_background&quot;:&quot;classic&quot;}\">\n\t\t\t\t\t\t<div class=\"elementor-container elementor-column-gap-default\">\n\t\t\t\t\t<div class=\"elementor-column elementor-col-50 elementor-top-column elementor-element elementor-element-4b06e67\" data-id=\"4b06e67\" data-element_type=\"column\" data-e-type=\"column\">\n\t\t\t<div class=\"elementor-widget-wrap elementor-element-populated\">\n\t\t\t\t\t\t<div class=\"elementor-element elementor-element-63e371af shapes-leche e-transform elementor-widget elementor-widget-image\" data-id=\"63e371af\" data-element_type=\"widget\" data-e-type=\"widget\" data-settings=\"{&quot;_transform_rotateZ_effect&quot;:{&quot;unit&quot;:&quot;px&quot;,&quot;size&quot;:2,&quot;sizes&quot;:[]},&quot;_transform_rotateZ_effect_tablet&quot;:{&quot;unit&quot;:&quot;deg&quot;,&quot;size&quot;:&quot;&quot;,&quot;sizes&quot;:[]},&quot;_transform_rotateZ_effect_mobile&quot;:{&quot;unit&quot;:&quot;deg&quot;,&quot;size&quot;:&quot;&quot;,&quot;sizes&quot;:[]}}\" data-widget_type=\"image.default\">\n\t\t\t\t<div class=\"elementor-widget-container\">\n\t\t\t\t\t\t\t\t\t\t\t\t\t\t\t<img fetchpriority=\"high\" decoding=\"async\" width=\"1000\" height=\"1000\" src=\"https:\/\/alival.com.co\/wp-content\/uploads\/2024\/04\/LECHE-ZERO-TETRA.png\" class=\"attachment-full size-full wp-image-8498\" alt=\"\" srcset=\"https:\/\/alival.com.co\/wp-content\/uploads\/2024\/04\/LECHE-ZERO-TETRA.png 1000w, https:\/\/alival.com.co\/wp-content\/uploads\/2024\/04\/LECHE-ZERO-TETRA-300x300.png 300w, https:\/\/alival.com.co\/wp-content\/uploads\/2024\/04\/LECHE-ZERO-TETRA-150x150.png 150w, https:\/\/alival.com.co\/wp-content\/uploads\/2024\/04\/LECHE-ZERO-TETRA-768x768.png 768w\" sizes=\"(max-width: 1000px) 100vw, 1000px\" \/>\t\t\t\t\t\t\t\t\t\t\t\t\t\t\t<\/div>\n\t\t\t\t<\/div>\n\t\t\t\t\t<\/div>\n\t\t<\/div>\n\t\t\t\t<div class=\"elementor-column elementor-col-50 elementor-top-column elementor-element elementor-element-2f9a7bbf\" data-id=\"2f9a7bbf\" data-element_type=\"column\" data-e-type=\"column\">\n\t\t\t<div class=\"elementor-widget-wrap elementor-element-populated\">\n\t\t\t\t\t\t<div class=\"elementor-element elementor-element-30c408e7 elementor-widget elementor-widget-heading\" data-id=\"30c408e7\" data-element_type=\"widget\" data-e-type=\"widget\" data-widget_type=\"heading.default\">\n\t\t\t\t<div class=\"elementor-widget-container\">\n\t\t\t\t\t<h2 class=\"elementor-heading-title elementor-size-default\">Leche Zero Grasa<\/h2>\t\t\t\t<\/div>\n\t\t\t\t<\/div>\n\t\t\t\t<div class=\"elementor-element elementor-element-c214478 elementor-widget elementor-widget-heading\" data-id=\"c214478\" data-element_type=\"widget\" data-e-type=\"widget\" data-widget_type=\"heading.default\">\n\t\t\t\t<div class=\"elementor-widget-container\">\n\t\t\t\t\t<h2 class=\"elementor-heading-title elementor-size-default\">Descremada - Deslactosada\u200b<\/h2>\t\t\t\t<\/div>\n\t\t\t\t<\/div>\n\t\t\t\t<div class=\"elementor-element elementor-element-76e3b9c0 elementor-widget elementor-widget-text-editor\" data-id=\"76e3b9c0\" data-element_type=\"widget\" data-e-type=\"widget\" data-widget_type=\"text-editor.default\">\n\t\t\t\t<div class=\"elementor-widget-container\">\n\t\t\t\t\t\t\t\t\t<p><span style=\"font-weight: 400;\">\u00a1Siente el equilibrio perfecto en cada preparaci\u00f3n! una opci\u00f3n sin igual para ti que buscas cuidar tu figura y disfrutar de todos los beneficios de la leche.<\/span><\/p>\t\t\t\t\t\t\t\t<\/div>\n\t\t\t\t<\/div>\n\t\t\t\t\t<\/div>\n\t\t<\/div>\n\t\t\t\t\t<\/div>\n\t\t<\/section>\n\t\t\t\t<section class=\"elementor-section elementor-top-section elementor-element elementor-element-5f9c5bf6 elementor-section-height-min-height elementor-section-boxed elementor-section-height-default elementor-section-items-middle\" data-id=\"5f9c5bf6\" data-element_type=\"section\" data-e-type=\"section\" data-settings=\"{&quot;background_background&quot;:&quot;classic&quot;}\">\n\t\t\t\t\t\t\t<div class=\"elementor-background-overlay\"><\/div>\n\t\t\t\t\t\t\t<div class=\"elementor-container elementor-column-gap-default\">\n\t\t\t\t\t<div class=\"elementor-column elementor-col-50 elementor-top-column elementor-element elementor-element-49c8aac6\" data-id=\"49c8aac6\" data-element_type=\"column\" data-e-type=\"column\" data-settings=\"{&quot;background_background&quot;:&quot;classic&quot;}\">\n\t\t\t<div class=\"elementor-widget-wrap elementor-element-populated\">\n\t\t\t\t\t\t<div class=\"elementor-element elementor-element-1f7a9cdc elementor-widget elementor-widget-text-editor\" data-id=\"1f7a9cdc\" data-element_type=\"widget\" data-e-type=\"widget\" data-widget_type=\"text-editor.default\">\n\t\t\t\t<div class=\"elementor-widget-container\">\n\t\t\t\t\t\t\t\t\t<p><strong>Leche Ultra Alta Temperatura UAT (UHT), larga vida descremada deslactosada<\/strong><\/p><p><b>INGREDIENTES:<\/b> \u00a0Leche descremada higienizada, estabilizante (Polifosfato de sodio), Enzima (Lactasa).\u00a0<\/p><p><b>GRASA TOTAL:<\/b> 0,2 gramos\u00a0<span style=\"text-align: justify;\">por cada 100 mL.<\/span><\/p><p><strong>EMPAQUE:<\/strong> Tetra Pak.<\/p><div style=\"text-align: justify;\"><span style=\"font-weight: bolder;\">VIDA \u00daTIL:<\/span>\u00a0 120 d\u00edas.<\/div><p><b>MODO DE CONSERVACI\u00d3N: <\/b>Producto para consumo directo. No requiere refrigeraci\u00f3n. Despu\u00e9s de abierto cons\u00e9rvese refrigerado y consumir en el menor tiempo posible. Apto para ser consumido por cualquier persona.<\/p>\t\t\t\t\t\t\t\t<\/div>\n\t\t\t\t<\/div>\n\t\t\t\t\t<\/div>\n\t\t<\/div>\n\t\t\t\t<div class=\"elementor-column elementor-col-50 elementor-top-column elementor-element elementor-element-6edc292a\" data-id=\"6edc292a\" data-element_type=\"column\" data-e-type=\"column\">\n\t\t\t<div class=\"elementor-widget-wrap elementor-element-populated\">\n\t\t\t\t\t\t<div class=\"elementor-element elementor-element-2820493 elementor-invisible elementor-widget elementor-widget-image\" data-id=\"2820493\" data-element_type=\"widget\" data-e-type=\"widget\" data-settings=\"{&quot;motion_fx_motion_fx_scrolling&quot;:&quot;yes&quot;,&quot;motion_fx_rotateZ_effect&quot;:&quot;yes&quot;,&quot;motion_fx_rotateZ_speed&quot;:{&quot;unit&quot;:&quot;px&quot;,&quot;size&quot;:0.4,&quot;sizes&quot;:[]},&quot;motion_fx_rotateZ_affectedRange&quot;:{&quot;unit&quot;:&quot;%&quot;,&quot;size&quot;:&quot;&quot;,&quot;sizes&quot;:{&quot;start&quot;:12,&quot;end&quot;:94}},&quot;motion_fx_motion_fx_mouse&quot;:&quot;yes&quot;,&quot;motion_fx_mouseTrack_effect&quot;:&quot;yes&quot;,&quot;motion_fx_mouseTrack_direction&quot;:&quot;negative&quot;,&quot;_animation&quot;:&quot;tada&quot;,&quot;motion_fx_devices&quot;:[&quot;desktop&quot;,&quot;tablet&quot;,&quot;mobile&quot;],&quot;motion_fx_mouseTrack_speed&quot;:{&quot;unit&quot;:&quot;px&quot;,&quot;size&quot;:1,&quot;sizes&quot;:[]}}\" data-widget_type=\"image.default\">\n\t\t\t\t<div class=\"elementor-widget-container\">\n\t\t\t\t\t\t\t\t\t\t\t\t\t\t\t<img decoding=\"async\" width=\"800\" height=\"800\" src=\"https:\/\/alival.com.co\/wp-content\/uploads\/2024\/04\/LECHE-ZERO-TETRA.png\" class=\"attachment-large size-large wp-image-8498\" alt=\"\" srcset=\"https:\/\/alival.com.co\/wp-content\/uploads\/2024\/04\/LECHE-ZERO-TETRA.png 1000w, https:\/\/alival.com.co\/wp-content\/uploads\/2024\/04\/LECHE-ZERO-TETRA-300x300.png 300w, https:\/\/alival.com.co\/wp-content\/uploads\/2024\/04\/LECHE-ZERO-TETRA-150x150.png 150w, https:\/\/alival.com.co\/wp-content\/uploads\/2024\/04\/LECHE-ZERO-TETRA-768x768.png 768w\" sizes=\"(max-width: 800px) 100vw, 800px\" \/>\t\t\t\t\t\t\t\t\t\t\t\t\t\t\t<\/div>\n\t\t\t\t<\/div>\n\t\t\t\t\t<\/div>\n\t\t<\/div>\n\t\t\t\t\t<\/div>\n\t\t<\/section>\n\t\t\t\t<section class=\"elementor-section elementor-top-section elementor-element elementor-element-67311419 elementor-section-boxed elementor-section-height-default elementor-section-height-default\" data-id=\"67311419\" data-element_type=\"section\" data-e-type=\"section\" data-settings=\"{&quot;background_background&quot;:&quot;classic&quot;}\">\n\t\t\t\t\t\t<div class=\"elementor-container elementor-column-gap-wider\">\n\t\t\t\t\t<div class=\"elementor-column elementor-col-33 elementor-top-column elementor-element elementor-element-171a4996\" data-id=\"171a4996\" data-element_type=\"column\" data-e-type=\"column\">\n\t\t\t<div class=\"elementor-widget-wrap elementor-element-populated\">\n\t\t\t\t\t\t<div class=\"elementor-element elementor-element-5f19c72e elementor-widget__width-initial elementor-widget elementor-widget-image\" data-id=\"5f19c72e\" data-element_type=\"widget\" data-e-type=\"widget\" data-widget_type=\"image.default\">\n\t\t\t\t<div class=\"elementor-widget-container\">\n\t\t\t\t\t\t\t\t\t\t\t\t\t\t\t\t<a href=\"https:\/\/alival.com.co\/express\/\">\n\t\t\t\t\t\t\t<img decoding=\"async\" width=\"414\" height=\"414\" src=\"https:\/\/alival.com.co\/wp-content\/uploads\/2023\/02\/Recurso-12.png\" class=\"attachment-full size-full wp-image-436\" alt=\"\" srcset=\"https:\/\/alival.com.co\/wp-content\/uploads\/2023\/02\/Recurso-12.png 414w, https:\/\/alival.com.co\/wp-content\/uploads\/2023\/02\/Recurso-12-300x300.png 300w, https:\/\/alival.com.co\/wp-content\/uploads\/2023\/02\/Recurso-12-150x150.png 150w\" sizes=\"(max-width: 414px) 100vw, 414px\" \/>\t\t\t\t\t\t\t\t<\/a>\n\t\t\t\t\t\t\t\t\t\t\t\t\t\t\t<\/div>\n\t\t\t\t<\/div>\n\t\t\t\t\t<\/div>\n\t\t<\/div>\n\t\t\t\t<div class=\"elementor-column elementor-col-33 elementor-top-column elementor-element elementor-element-2071f55b\" data-id=\"2071f55b\" data-element_type=\"column\" data-e-type=\"column\">\n\t\t\t<div class=\"elementor-widget-wrap elementor-element-populated\">\n\t\t\t\t\t\t<div class=\"elementor-element elementor-element-92a91d0 elementor-widget elementor-widget-image\" data-id=\"92a91d0\" data-element_type=\"widget\" data-e-type=\"widget\" data-widget_type=\"image.default\">\n\t\t\t\t<div class=\"elementor-widget-container\">\n\t\t\t\t\t\t\t\t\t\t\t\t\t\t\t<img decoding=\"async\" width=\"800\" height=\"800\" src=\"https:\/\/alival.com.co\/wp-content\/uploads\/2024\/04\/LECHE-ZERO-TETRA.png\" class=\"attachment-large size-large wp-image-8498\" alt=\"\" srcset=\"https:\/\/alival.com.co\/wp-content\/uploads\/2024\/04\/LECHE-ZERO-TETRA.png 1000w, https:\/\/alival.com.co\/wp-content\/uploads\/2024\/04\/LECHE-ZERO-TETRA-300x300.png 300w, https:\/\/alival.com.co\/wp-content\/uploads\/2024\/04\/LECHE-ZERO-TETRA-150x150.png 150w, https:\/\/alival.com.co\/wp-content\/uploads\/2024\/04\/LECHE-ZERO-TETRA-768x768.png 768w\" sizes=\"(max-width: 800px) 100vw, 800px\" \/>\t\t\t\t\t\t\t\t\t\t\t\t\t\t\t<\/div>\n\t\t\t\t<\/div>\n\t\t\t\t\t<\/div>\n\t\t<\/div>\n\t\t\t\t<div class=\"elementor-column elementor-col-33 elementor-top-column elementor-element elementor-element-5cdee013\" data-id=\"5cdee013\" data-element_type=\"column\" data-e-type=\"column\">\n\t\t\t<div class=\"elementor-widget-wrap elementor-element-populated\">\n\t\t\t\t\t\t<div class=\"elementor-element elementor-element-35d3ea4c elementor-widget elementor-widget-image\" data-id=\"35d3ea4c\" data-element_type=\"widget\" data-e-type=\"widget\" data-widget_type=\"image.default\">\n\t\t\t\t<div class=\"elementor-widget-container\">\n\t\t\t\t\t\t\t\t\t\t\t\t\t\t\t\t<a href=\"https:\/\/alival.com.co\/contactanos\/\">\n\t\t\t\t\t\t\t<img loading=\"lazy\" decoding=\"async\" width=\"414\" height=\"414\" src=\"https:\/\/alival.com.co\/wp-content\/uploads\/2023\/02\/Boton-vende-nuestros-productos.png\" class=\"attachment-full size-full wp-image-329\" alt=\"\" srcset=\"https:\/\/alival.com.co\/wp-content\/uploads\/2023\/02\/Boton-vende-nuestros-productos.png 414w, https:\/\/alival.com.co\/wp-content\/uploads\/2023\/02\/Boton-vende-nuestros-productos-300x300.png 300w, https:\/\/alival.com.co\/wp-content\/uploads\/2023\/02\/Boton-vende-nuestros-productos-150x150.png 150w\" sizes=\"(max-width: 414px) 100vw, 414px\" \/>\t\t\t\t\t\t\t\t<\/a>\n\t\t\t\t\t\t\t\t\t\t\t\t\t\t\t<\/div>\n\t\t\t\t<\/div>\n\t\t\t\t\t<\/div>\n\t\t<\/div>\n\t\t\t\t\t<\/div>\n\t\t<\/section>\n\t\t\t\t<section class=\"elementor-section elementor-top-section elementor-element elementor-element-15496560 elementor-section-boxed elementor-section-height-default elementor-section-height-default\" data-id=\"15496560\" data-element_type=\"section\" data-e-type=\"section\">\n\t\t\t\t\t\t<div class=\"elementor-container elementor-column-gap-default\">\n\t\t\t\t\t<div class=\"elementor-column elementor-col-100 elementor-top-column elementor-element elementor-element-6d033a19\" data-id=\"6d033a19\" data-element_type=\"column\" data-e-type=\"column\">\n\t\t\t<div class=\"elementor-widget-wrap elementor-element-populated\">\n\t\t\t\t\t\t<div class=\"elementor-element elementor-element-483484c0 elementor-widget elementor-widget-heading\" data-id=\"483484c0\" data-element_type=\"widget\" data-e-type=\"widget\" data-widget_type=\"heading.default\">\n\t\t\t\t<div class=\"elementor-widget-container\">\n\t\t\t\t\t<h2 class=\"elementor-heading-title elementor-size-default\">Tablas nutricionales<\/h2>\t\t\t\t<\/div>\n\t\t\t\t<\/div>\n\t\t\t\t\t<\/div>\n\t\t<\/div>\n\t\t\t\t\t<\/div>\n\t\t<\/section>\n\t\t\t\t<section class=\"elementor-section elementor-top-section elementor-element elementor-element-21f1a097 elementor-section-boxed elementor-section-height-default elementor-section-height-default\" data-id=\"21f1a097\" data-element_type=\"section\" data-e-type=\"section\">\n\t\t\t\t\t\t<div class=\"elementor-container elementor-column-gap-default\">\n\t\t\t\t\t<div class=\"elementor-column elementor-col-100 elementor-top-column elementor-element elementor-element-44ff6d5b\" data-id=\"44ff6d5b\" data-element_type=\"column\" data-e-type=\"column\">\n\t\t\t<div class=\"elementor-widget-wrap elementor-element-populated\">\n\t\t\t\t\t\t<div class=\"elementor-element elementor-element-6e0d21af elementor-skin-carousel elementor-arrows-yes elementor-pagination-type-bullets elementor-pagination-position-outside elementor-widget elementor-widget-media-carousel\" data-id=\"6e0d21af\" data-element_type=\"widget\" data-e-type=\"widget\" data-settings=\"{&quot;slides_per_view_mobile&quot;:&quot;1&quot;,&quot;slides_to_scroll_mobile&quot;:&quot;1&quot;,&quot;space_between_mobile&quot;:{&quot;unit&quot;:&quot;px&quot;,&quot;size&quot;:0,&quot;sizes&quot;:[]},&quot;slides_per_view&quot;:&quot;4&quot;,&quot;slides_per_view_tablet&quot;:&quot;2&quot;,&quot;slides_to_scroll&quot;:&quot;2&quot;,&quot;skin&quot;:&quot;carousel&quot;,&quot;effect&quot;:&quot;slide&quot;,&quot;show_arrows&quot;:&quot;yes&quot;,&quot;pagination&quot;:&quot;bullets&quot;,&quot;speed&quot;:500,&quot;autoplay&quot;:&quot;yes&quot;,&quot;autoplay_speed&quot;:5000,&quot;loop&quot;:&quot;yes&quot;,&quot;pause_on_hover&quot;:&quot;yes&quot;,&quot;pause_on_interaction&quot;:&quot;yes&quot;,&quot;space_between&quot;:{&quot;unit&quot;:&quot;px&quot;,&quot;size&quot;:10,&quot;sizes&quot;:[]},&quot;space_between_tablet&quot;:{&quot;unit&quot;:&quot;px&quot;,&quot;size&quot;:10,&quot;sizes&quot;:[]}}\" data-widget_type=\"media-carousel.default\">\n\t\t\t\t<div class=\"elementor-widget-container\">\n\t\t\t\t\t\t\t<div class=\"elementor-swiper\">\n\t\t\t<div class=\"elementor-main-swiper swiper-container\">\n\t\t\t\t<div class=\"swiper-wrapper\">\n\t\t\t\t\t\t\t\t\t\t\t<div class=\"swiper-slide\">\n\t\t\t\t\t\t\t<a href=\"https:\/\/alival.com.co\/leche-entera\/\">\t\t<div class=\"elementor-carousel-image\" role=\"img\" aria-label=\"TABLAS NUTRICIONALES-07\" style=\"background-image: url(&#039;https:\/\/alival.com.co\/wp-content\/uploads\/2024\/04\/TABLAS-NUTRICIONALES-07.png&#039;)\">\n\n\t\t\t\n\t\t\t\t\t<\/div>\n\t\t<\/a>\t\t\t\t\t\t<\/div>\n\t\t\t\t\t\t\t\t\t\t\t<div class=\"swiper-slide\">\n\t\t\t\t\t\t\t<a href=\"https:\/\/alival.com.co\/leche-deslactosada\/\">\t\t<div class=\"elementor-carousel-image\" role=\"img\" aria-label=\"TABLAS NUTRICIONALES-08\" style=\"background-image: url(&#039;https:\/\/alival.com.co\/wp-content\/uploads\/2024\/04\/TABLAS-NUTRICIONALES-08.png&#039;)\">\n\n\t\t\t\n\t\t\t\t\t<\/div>\n\t\t<\/a>\t\t\t\t\t\t<\/div>\n\t\t\t\t\t\t\t\t\t\t\t<div class=\"swiper-slide\">\n\t\t\t\t\t\t\t<a href=\"https:\/\/alival.com.co\/leche-baja-en-grasa\/\">\t\t<div class=\"elementor-carousel-image\" role=\"img\" aria-label=\"TABLAS NUTRICIONALES-09\" style=\"background-image: url(&#039;https:\/\/alival.com.co\/wp-content\/uploads\/2024\/04\/TABLAS-NUTRICIONALES-09.png&#039;)\">\n\n\t\t\t\n\t\t\t\t\t<\/div>\n\t\t<\/a>\t\t\t\t\t\t<\/div>\n\t\t\t\t\t\t\t\t\t\t\t<div class=\"swiper-slide\">\n\t\t\t\t\t\t\t<a href=\"https:\/\/alival.com.co\/leche-0-grasa\/\">\t\t<div class=\"elementor-carousel-image\" role=\"img\" aria-label=\"TABLAS NUTRICIONALES-10\" style=\"background-image: url(&#039;https:\/\/alival.com.co\/wp-content\/uploads\/2024\/04\/TABLAS-NUTRICIONALES-10.png&#039;)\">\n\n\t\t\t\n\t\t\t\t\t<\/div>\n\t\t<\/a>\t\t\t\t\t\t<\/div>\n\t\t\t\t\t\t\t\t\t\t\t<div class=\"swiper-slide\">\n\t\t\t\t\t\t\t<a href=\"https:\/\/alival.com.co\/leche-entera\/\">\t\t<div class=\"elementor-carousel-image\" role=\"img\" aria-label=\"TABLAS NUTRICIONALES-12\" style=\"background-image: url(&#039;https:\/\/alival.com.co\/wp-content\/uploads\/2024\/04\/TABLAS-NUTRICIONALES-12.png&#039;)\">\n\n\t\t\t\n\t\t\t\t\t<\/div>\n\t\t<\/a>\t\t\t\t\t\t<\/div>\n\t\t\t\t\t\t\t\t\t\t\t<div class=\"swiper-slide\">\n\t\t\t\t\t\t\t<a href=\"https:\/\/alival.com.co\/mantequilla\/\">\t\t<div class=\"elementor-carousel-image\" role=\"img\" aria-label=\"TABLAS NUTRICIONALES-17\" style=\"background-image: url(&#039;https:\/\/alival.com.co\/wp-content\/uploads\/2024\/04\/TABLAS-NUTRICIONALES-17.png&#039;)\">\n\n\t\t\t\n\t\t\t\t\t<\/div>\n\t\t<\/a>\t\t\t\t\t\t<\/div>\n\t\t\t\t\t\t\t\t\t\t\t<div class=\"swiper-slide\">\n\t\t\t\t\t\t\t<a href=\"https:\/\/alival.com.co\/leche-entera\/\">\t\t<div class=\"elementor-carousel-image\" role=\"img\" aria-label=\"TABLAS NUTRICIONALES-13\" style=\"background-image: url(&#039;https:\/\/alival.com.co\/wp-content\/uploads\/2024\/04\/TABLAS-NUTRICIONALES-13.png&#039;)\">\n\n\t\t\t\n\t\t\t\t\t<\/div>\n\t\t<\/a>\t\t\t\t\t\t<\/div>\n\t\t\t\t\t\t\t\t\t\t\t<div class=\"swiper-slide\">\n\t\t\t\t\t\t\t<a href=\"https:\/\/alival.com.co\/leche-deslactosada\/\">\t\t<div class=\"elementor-carousel-image\" role=\"img\" aria-label=\"TABLAS NUTRICIONALES-14\" style=\"background-image: url(&#039;https:\/\/alival.com.co\/wp-content\/uploads\/2024\/04\/TABLAS-NUTRICIONALES-14.png&#039;)\">\n\n\t\t\t\n\t\t\t\t\t<\/div>\n\t\t<\/a>\t\t\t\t\t\t<\/div>\n\t\t\t\t\t\t\t\t\t\t\t<div class=\"swiper-slide\">\n\t\t\t\t\t\t\t<a href=\"https:\/\/alival.com.co\/leche-entera\/\">\t\t<div class=\"elementor-carousel-image\" role=\"img\" aria-label=\"TABLAS NUTRICIONALES-16\" style=\"background-image: url(&#039;https:\/\/alival.com.co\/wp-content\/uploads\/2024\/04\/TABLAS-NUTRICIONALES-16.png&#039;)\">\n\n\t\t\t\n\t\t\t\t\t<\/div>\n\t\t<\/a>\t\t\t\t\t\t<\/div>\n\t\t\t\t\t\t\t\t\t\t\t<div class=\"swiper-slide\">\n\t\t\t\t\t\t\t<a href=\"https:\/\/alival.com.co\/leche-saborizada\/\">\t\t<div class=\"elementor-carousel-image\" role=\"img\" aria-label=\"TABLAS NUTRICIONALES-15\" style=\"background-image: url(&#039;https:\/\/alival.com.co\/wp-content\/uploads\/2024\/04\/TABLAS-NUTRICIONALES-15.png&#039;)\">\n\n\t\t\t\n\t\t\t\t\t<\/div>\n\t\t<\/a>\t\t\t\t\t\t<\/div>\n\t\t\t\t\t\t\t\t\t<\/div>\n\t\t\t\t\t\t\t\t\t\t\t\t\t\t\t<div class=\"swiper-pagination\"><\/div>\n\t\t\t\t\t\t\t\t\t\t\t\t\t\t\t\t<div class=\"elementor-swiper-button elementor-swiper-button-prev\" role=\"button\" tabindex=\"0\">\n\t\t\t\t\t\t\t<i aria-hidden=\"true\" class=\"eicon-chevron-left\"><\/i>\t\t\t\t\t\t\t<span class=\"elementor-screen-only\">Anterior<\/span>\n\t\t\t\t\t\t<\/div>\n\t\t\t\t\t\t<div class=\"elementor-swiper-button elementor-swiper-button-next\" role=\"button\" tabindex=\"0\">\n\t\t\t\t\t\t\t<i aria-hidden=\"true\" class=\"eicon-chevron-right\"><\/i>\t\t\t\t\t\t\t<span class=\"elementor-screen-only\">Siguiente<\/span>\n\t\t\t\t\t\t<\/div>\n\t\t\t\t\t\t\t\t\t\t\t\t<\/div>\n\t\t<\/div>\n\t\t\t\t\t\t<\/div>\n\t\t\t\t<\/div>\n\t\t\t\t\t<\/div>\n\t\t<\/div>\n\t\t\t\t\t<\/div>\n\t\t<\/section>\n\t\t\t\t<section class=\"elementor-section elementor-top-section elementor-element elementor-element-1e76e678 elementor-section-full_width elementor-section-height-default elementor-section-height-default\" data-id=\"1e76e678\" data-element_type=\"section\" data-e-type=\"section\">\n\t\t\t\t\t\t<div class=\"elementor-container elementor-column-gap-narrow\">\n\t\t\t\t\t<div class=\"elementor-column elementor-col-100 elementor-top-column elementor-element elementor-element-64b430a5\" data-id=\"64b430a5\" data-element_type=\"column\" data-e-type=\"column\">\n\t\t\t<div class=\"elementor-widget-wrap elementor-element-populated\">\n\t\t\t\t\t\t<div class=\"elementor-element elementor-element-7436ca75 elementor-widget elementor-widget-image\" data-id=\"7436ca75\" data-element_type=\"widget\" data-e-type=\"widget\" data-widget_type=\"image.default\">\n\t\t\t\t<div class=\"elementor-widget-container\">\n\t\t\t\t\t\t\t\t\t\t\t\t\t\t\t\t<a href=\"https:\/\/alival.com.co\/express\/\">\n\t\t\t\t\t\t\t<img loading=\"lazy\" decoding=\"async\" width=\"1641\" height=\"601\" src=\"https:\/\/alival.com.co\/wp-content\/uploads\/2024\/03\/banner-alival-express.png\" class=\"attachment-full size-full wp-image-8240\" alt=\"\" srcset=\"https:\/\/alival.com.co\/wp-content\/uploads\/2024\/03\/banner-alival-express.png 1641w, https:\/\/alival.com.co\/wp-content\/uploads\/2024\/03\/banner-alival-express-300x110.png 300w, https:\/\/alival.com.co\/wp-content\/uploads\/2024\/03\/banner-alival-express-1024x375.png 1024w, https:\/\/alival.com.co\/wp-content\/uploads\/2024\/03\/banner-alival-express-768x281.png 768w, https:\/\/alival.com.co\/wp-content\/uploads\/2024\/03\/banner-alival-express-1536x563.png 1536w\" sizes=\"(max-width: 1641px) 100vw, 1641px\" \/>\t\t\t\t\t\t\t\t<\/a>\n\t\t\t\t\t\t\t\t\t\t\t\t\t\t\t<\/div>\n\t\t\t\t<\/div>\n\t\t\t\t\t<\/div>\n\t\t<\/div>\n\t\t\t\t\t<\/div>\n\t\t<\/section>\n\t\t\t\t<\/div>\n\t\t","protected":false},"excerpt":{"rendered":"<p>Leche Zero Grasa Descremada &#8211; Deslactosada\u200b \u00a1Siente el equilibrio perfecto en cada preparaci\u00f3n! una opci\u00f3n sin igual para ti que buscas cuidar tu figura y disfrutar de todos los beneficios de la leche. Leche Ultra Alta Temperatura UAT (UHT), larga vida descremada deslactosada INGREDIENTES: \u00a0Leche descremada higienizada, estabilizante (Polifosfato de sodio), Enzima (Lactasa).\u00a0 GRASA TOTAL: [&hellip;]<\/p>\n","protected":false},"author":1,"featured_media":0,"parent":0,"menu_order":0,"comment_status":"closed","ping_status":"closed","template":"elementor_header_footer","meta":{"_acf_changed":false,"_joinchat":[],"footnotes":""},"class_list":["post-670","page","type-page","status-publish","hentry"],"acf":[],"_links":{"self":[{"href":"https:\/\/alival.com.co\/en\/wp-json\/wp\/v2\/pages\/670","targetHints":{"allow":["GET"]}}],"collection":[{"href":"https:\/\/alival.com.co\/en\/wp-json\/wp\/v2\/pages"}],"about":[{"href":"https:\/\/alival.com.co\/en\/wp-json\/wp\/v2\/types\/page"}],"author":[{"embeddable":true,"href":"https:\/\/alival.com.co\/en\/wp-json\/wp\/v2\/users\/1"}],"replies":[{"embeddable":true,"href":"https:\/\/alival.com.co\/en\/wp-json\/wp\/v2\/comments?post=670"}],"version-history":[{"count":155,"href":"https:\/\/alival.com.co\/en\/wp-json\/wp\/v2\/pages\/670\/revisions"}],"predecessor-version":[{"id":9868,"href":"https:\/\/alival.com.co\/en\/wp-json\/wp\/v2\/pages\/670\/revisions\/9868"}],"wp:attachment":[{"href":"https:\/\/alival.com.co\/en\/wp-json\/wp\/v2\/media?parent=670"}],"curies":[{"name":"wp","href":"https:\/\/api.w.org\/{rel}","templated":true}]}}