{"id":3157,"date":"2023-04-28T22:36:54","date_gmt":"2023-04-28T22:36:54","guid":{"rendered":"https:\/\/alival.com.co\/?page_id=3157"},"modified":"2024-04-24T17:10:43","modified_gmt":"2024-04-24T17:10:43","slug":"quesos-la-perla","status":"publish","type":"page","link":"https:\/\/alival.com.co\/en\/quesos-la-perla\/","title":{"rendered":"Quesos La Perla"},"content":{"rendered":"\t\t<div data-elementor-type=\"wp-page\" data-elementor-id=\"3157\" class=\"elementor elementor-3157\" data-elementor-post-type=\"page\">\n\t\t\t\t\t\t<section class=\"elementor-section elementor-top-section elementor-element elementor-element-618de355 elementor-section-boxed elementor-section-height-default elementor-section-height-default\" data-id=\"618de355\" data-element_type=\"section\" data-e-type=\"section\" data-settings=\"{&quot;background_background&quot;:&quot;classic&quot;}\">\n\t\t\t\t\t\t\t<div class=\"elementor-background-overlay\"><\/div>\n\t\t\t\t\t\t\t<div class=\"elementor-container elementor-column-gap-default\">\n\t\t\t\t\t<div class=\"elementor-column elementor-col-50 elementor-top-column elementor-element elementor-element-6f9b09e\" data-id=\"6f9b09e\" data-element_type=\"column\" data-e-type=\"column\">\n\t\t\t<div class=\"elementor-widget-wrap elementor-element-populated\">\n\t\t\t\t\t\t<div class=\"elementor-element elementor-element-4d671b94 shapes-leche e-transform elementor-widget elementor-widget-image\" data-id=\"4d671b94\" data-element_type=\"widget\" data-e-type=\"widget\" data-settings=\"{&quot;_transform_rotateZ_effect&quot;:{&quot;unit&quot;:&quot;px&quot;,&quot;size&quot;:-2,&quot;sizes&quot;:[]},&quot;_transform_rotateZ_effect_tablet&quot;:{&quot;unit&quot;:&quot;deg&quot;,&quot;size&quot;:&quot;&quot;,&quot;sizes&quot;:[]},&quot;_transform_rotateZ_effect_mobile&quot;:{&quot;unit&quot;:&quot;deg&quot;,&quot;size&quot;:&quot;&quot;,&quot;sizes&quot;:[]}}\" data-widget_type=\"image.default\">\n\t\t\t\t<div class=\"elementor-widget-container\">\n\t\t\t\t\t\t\t\t\t\t\t\t\t\t\t<img fetchpriority=\"high\" decoding=\"async\" width=\"1000\" height=\"1000\" src=\"https:\/\/alival.com.co\/wp-content\/uploads\/2024\/04\/QUESO-LA-PERLA_.png\" class=\"attachment-full size-full wp-image-8949\" alt=\"\" srcset=\"https:\/\/alival.com.co\/wp-content\/uploads\/2024\/04\/QUESO-LA-PERLA_.png 1000w, https:\/\/alival.com.co\/wp-content\/uploads\/2024\/04\/QUESO-LA-PERLA_-300x300.png 300w, https:\/\/alival.com.co\/wp-content\/uploads\/2024\/04\/QUESO-LA-PERLA_-150x150.png 150w, https:\/\/alival.com.co\/wp-content\/uploads\/2024\/04\/QUESO-LA-PERLA_-768x768.png 768w\" sizes=\"(max-width: 1000px) 100vw, 1000px\" \/>\t\t\t\t\t\t\t\t\t\t\t\t\t\t\t<\/div>\n\t\t\t\t<\/div>\n\t\t\t\t\t<\/div>\n\t\t<\/div>\n\t\t\t\t<div class=\"elementor-column elementor-col-50 elementor-top-column elementor-element elementor-element-53a4846c\" data-id=\"53a4846c\" data-element_type=\"column\" data-e-type=\"column\">\n\t\t\t<div class=\"elementor-widget-wrap elementor-element-populated\">\n\t\t\t\t\t\t<div class=\"elementor-element elementor-element-2207ec3d elementor-widget elementor-widget-heading\" data-id=\"2207ec3d\" data-element_type=\"widget\" data-e-type=\"widget\" data-widget_type=\"heading.default\">\n\t\t\t\t<div class=\"elementor-widget-container\">\n\t\t\t\t\t<h2 class=\"elementor-heading-title elementor-size-default\">Queso Cuajada<\/h2>\t\t\t\t<\/div>\n\t\t\t\t<\/div>\n\t\t\t\t<div class=\"elementor-element elementor-element-50db1267 elementor-widget elementor-widget-text-editor\" data-id=\"50db1267\" data-element_type=\"widget\" data-e-type=\"widget\" data-widget_type=\"text-editor.default\">\n\t\t\t\t<div class=\"elementor-widget-container\">\n\t\t\t\t\t\t\t\t\t<p>Queso fresco, cremoso y suave que es perfecto para una gran variedad de tus preparaciones favoritas.<\/p>\t\t\t\t\t\t\t\t<\/div>\n\t\t\t\t<\/div>\n\t\t\t\t\t<\/div>\n\t\t<\/div>\n\t\t\t\t\t<\/div>\n\t\t<\/section>\n\t\t\t\t<section class=\"elementor-section elementor-top-section elementor-element elementor-element-4bc9755f elementor-section-height-min-height elementor-section-boxed elementor-section-height-default elementor-section-items-middle\" data-id=\"4bc9755f\" data-element_type=\"section\" data-e-type=\"section\" data-settings=\"{&quot;background_background&quot;:&quot;classic&quot;}\">\n\t\t\t\t\t\t\t<div class=\"elementor-background-overlay\"><\/div>\n\t\t\t\t\t\t\t<div class=\"elementor-container elementor-column-gap-default\">\n\t\t\t\t\t<div class=\"elementor-column elementor-col-50 elementor-top-column elementor-element elementor-element-12fac41f\" data-id=\"12fac41f\" data-element_type=\"column\" data-e-type=\"column\" data-settings=\"{&quot;background_background&quot;:&quot;classic&quot;}\">\n\t\t\t<div class=\"elementor-widget-wrap elementor-element-populated\">\n\t\t\t\t\t\t<div class=\"elementor-element elementor-element-3b0f883c elementor-widget elementor-widget-text-editor\" data-id=\"3b0f883c\" data-element_type=\"widget\" data-e-type=\"widget\" data-widget_type=\"text-editor.default\">\n\t\t\t\t<div class=\"elementor-widget-container\">\n\t\t\t\t\t\t\t\t\t<p><strong>Queso Fresco Graso, Semiblando Cuajada<\/strong><\/p><p><b>INGREDIENTES:<\/b>\u00a0Leche entera pasteurizada, sal (cloruro de sodio), estabilizante (cloruro de calcio) y cuajo.<\/p><p>Al\u00e9rgenos: Contiene leche.\u00a0<\/p><p><b>GRASA TOTAL:<\/b>\u00a017 gramos por cada 100g.<\/p><p><b>EMPAQUE:<\/b>\u00a0Bolsa pl\u00e1stica termoencogible\u00a0<br \/>para empacado al vac\u00edo.<\/p><p><b>VIDA \u00daTIL:<\/b>\u00a020 d\u00edas.\u00a0<\/p><p><b>MODO DE CONSERVACI\u00d3N:\u00a0<\/b>Producto listo para consumir. Requiere refrigeraci\u00f3n. Despu\u00e9s de abierto cons\u00e9rvese refrigerado y cons\u00famase en\u00a0<br \/>el menor tiempo posible.<\/p>\t\t\t\t\t\t\t\t<\/div>\n\t\t\t\t<\/div>\n\t\t\t\t<div class=\"elementor-element elementor-element-7c233ba elementor-widget elementor-widget-gallery\" data-id=\"7c233ba\" data-element_type=\"widget\" data-e-type=\"widget\" data-settings=\"{&quot;gallery_layout&quot;:&quot;masonry&quot;,&quot;lazyload&quot;:&quot;yes&quot;,&quot;columns&quot;:4,&quot;columns_tablet&quot;:2,&quot;columns_mobile&quot;:1,&quot;gap&quot;:{&quot;unit&quot;:&quot;px&quot;,&quot;size&quot;:10,&quot;sizes&quot;:[]},&quot;gap_tablet&quot;:{&quot;unit&quot;:&quot;px&quot;,&quot;size&quot;:10,&quot;sizes&quot;:[]},&quot;gap_mobile&quot;:{&quot;unit&quot;:&quot;px&quot;,&quot;size&quot;:10,&quot;sizes&quot;:[]},&quot;link_to&quot;:&quot;file&quot;,&quot;overlay_background&quot;:&quot;yes&quot;,&quot;content_hover_animation&quot;:&quot;fade-in&quot;}\" data-widget_type=\"gallery.default\">\n\t\t\t\t<div class=\"elementor-widget-container\">\n\t\t\t\t\t\t\t<div class=\"elementor-gallery__container\">\n\t\t\t\t\t\t\t<a class=\"e-gallery-item elementor-gallery-item elementor-animated-content\" href=\"https:\/\/alival.com.co\/wp-content\/uploads\/2024\/04\/LA-PERLA-QUESO.jpg\" data-elementor-open-lightbox=\"yes\" data-elementor-lightbox-slideshow=\"7c233ba\" data-elementor-lightbox-title=\"LA PERLA QUESO\" data-e-action-hash=\"#elementor-action%3Aaction%3Dlightbox%26settings%3DeyJpZCI6ODk1MiwidXJsIjoiaHR0cHM6XC9cL2FsaXZhbC5jb20uY29cL3dwLWNvbnRlbnRcL3VwbG9hZHNcLzIwMjRcLzA0XC9MQS1QRVJMQS1RVUVTTy5qcGciLCJzbGlkZXNob3ciOiI3YzIzM2JhIn0%3D\">\n\t\t\t\t\t<div class=\"e-gallery-image elementor-gallery-item__image\" data-thumbnail=\"https:\/\/alival.com.co\/wp-content\/uploads\/2024\/04\/LA-PERLA-QUESO-300x300.jpg\" data-width=\"300\" data-height=\"300\" aria-label=\"\" role=\"img\" ><\/div>\n\t\t\t\t\t\t\t\t\t\t\t<div class=\"elementor-gallery-item__overlay\"><\/div>\n\t\t\t\t\t\t\t\t\t\t\t\t\t\t<\/a>\n\t\t\t\t\t<\/div>\n\t\t\t\t\t<\/div>\n\t\t\t\t<\/div>\n\t\t\t\t\t<\/div>\n\t\t<\/div>\n\t\t\t\t<div class=\"elementor-column elementor-col-50 elementor-top-column elementor-element elementor-element-5566f504\" data-id=\"5566f504\" data-element_type=\"column\" data-e-type=\"column\">\n\t\t\t<div class=\"elementor-widget-wrap elementor-element-populated\">\n\t\t\t\t\t\t<div class=\"elementor-element elementor-element-ccd4b2a elementor-invisible elementor-widget elementor-widget-image\" data-id=\"ccd4b2a\" data-element_type=\"widget\" data-e-type=\"widget\" data-settings=\"{&quot;motion_fx_motion_fx_scrolling&quot;:&quot;yes&quot;,&quot;motion_fx_rotateZ_effect&quot;:&quot;yes&quot;,&quot;motion_fx_rotateZ_speed&quot;:{&quot;unit&quot;:&quot;px&quot;,&quot;size&quot;:0.4,&quot;sizes&quot;:[]},&quot;motion_fx_rotateZ_affectedRange&quot;:{&quot;unit&quot;:&quot;%&quot;,&quot;size&quot;:&quot;&quot;,&quot;sizes&quot;:{&quot;start&quot;:8,&quot;end&quot;:92}},&quot;motion_fx_motion_fx_mouse&quot;:&quot;yes&quot;,&quot;motion_fx_mouseTrack_effect&quot;:&quot;yes&quot;,&quot;motion_fx_mouseTrack_direction&quot;:&quot;negative&quot;,&quot;_animation&quot;:&quot;tada&quot;,&quot;motion_fx_devices&quot;:[&quot;desktop&quot;,&quot;tablet&quot;,&quot;mobile&quot;],&quot;motion_fx_mouseTrack_speed&quot;:{&quot;unit&quot;:&quot;px&quot;,&quot;size&quot;:1,&quot;sizes&quot;:[]}}\" data-widget_type=\"image.default\">\n\t\t\t\t<div class=\"elementor-widget-container\">\n\t\t\t\t\t\t\t\t\t\t\t\t\t\t\t<img decoding=\"async\" width=\"800\" height=\"800\" src=\"https:\/\/alival.com.co\/wp-content\/uploads\/2024\/04\/QUESO-LA-PERLA_.png\" class=\"attachment-large size-large wp-image-8949\" alt=\"\" srcset=\"https:\/\/alival.com.co\/wp-content\/uploads\/2024\/04\/QUESO-LA-PERLA_.png 1000w, https:\/\/alival.com.co\/wp-content\/uploads\/2024\/04\/QUESO-LA-PERLA_-300x300.png 300w, https:\/\/alival.com.co\/wp-content\/uploads\/2024\/04\/QUESO-LA-PERLA_-150x150.png 150w, https:\/\/alival.com.co\/wp-content\/uploads\/2024\/04\/QUESO-LA-PERLA_-768x768.png 768w\" sizes=\"(max-width: 800px) 100vw, 800px\" \/>\t\t\t\t\t\t\t\t\t\t\t\t\t\t\t<\/div>\n\t\t\t\t<\/div>\n\t\t\t\t\t<\/div>\n\t\t<\/div>\n\t\t\t\t\t<\/div>\n\t\t<\/section>\n\t\t\t\t<section class=\"elementor-section elementor-top-section elementor-element elementor-element-48d5b91f elementor-section-boxed elementor-section-height-default elementor-section-height-default\" data-id=\"48d5b91f\" data-element_type=\"section\" data-e-type=\"section\" data-settings=\"{&quot;background_background&quot;:&quot;classic&quot;}\">\n\t\t\t\t\t\t<div class=\"elementor-container elementor-column-gap-wider\">\n\t\t\t\t\t<div class=\"elementor-column elementor-col-33 elementor-top-column elementor-element elementor-element-70a197e\" data-id=\"70a197e\" data-element_type=\"column\" data-e-type=\"column\">\n\t\t\t<div class=\"elementor-widget-wrap elementor-element-populated\">\n\t\t\t\t\t\t<div class=\"elementor-element elementor-element-476241d4 elementor-widget elementor-widget-image\" data-id=\"476241d4\" data-element_type=\"widget\" data-e-type=\"widget\" data-widget_type=\"image.default\">\n\t\t\t\t<div class=\"elementor-widget-container\">\n\t\t\t\t\t\t\t\t\t\t\t\t\t\t\t\t<a href=\"https:\/\/alival.com.co\/express\/\">\n\t\t\t\t\t\t\t<img decoding=\"async\" width=\"414\" height=\"414\" src=\"https:\/\/alival.com.co\/wp-content\/uploads\/2023\/02\/Recurso-12.png\" class=\"attachment-full size-full wp-image-436\" alt=\"\" srcset=\"https:\/\/alival.com.co\/wp-content\/uploads\/2023\/02\/Recurso-12.png 414w, https:\/\/alival.com.co\/wp-content\/uploads\/2023\/02\/Recurso-12-300x300.png 300w, https:\/\/alival.com.co\/wp-content\/uploads\/2023\/02\/Recurso-12-150x150.png 150w\" sizes=\"(max-width: 414px) 100vw, 414px\" \/>\t\t\t\t\t\t\t\t<\/a>\n\t\t\t\t\t\t\t\t\t\t\t\t\t\t\t<\/div>\n\t\t\t\t<\/div>\n\t\t\t\t\t<\/div>\n\t\t<\/div>\n\t\t\t\t<div class=\"elementor-column elementor-col-33 elementor-top-column elementor-element elementor-element-389733a8\" data-id=\"389733a8\" data-element_type=\"column\" data-e-type=\"column\">\n\t\t\t<div class=\"elementor-widget-wrap elementor-element-populated\">\n\t\t\t\t\t\t<div class=\"elementor-element elementor-element-61ac8996 elementor-widget elementor-widget-image\" data-id=\"61ac8996\" data-element_type=\"widget\" data-e-type=\"widget\" data-widget_type=\"image.default\">\n\t\t\t\t<div class=\"elementor-widget-container\">\n\t\t\t\t\t\t\t\t\t\t\t\t\t\t\t<img fetchpriority=\"high\" decoding=\"async\" width=\"1000\" height=\"1000\" src=\"https:\/\/alival.com.co\/wp-content\/uploads\/2024\/04\/QUESO-LA-PERLA_.png\" class=\"attachment-full size-full wp-image-8949\" alt=\"\" srcset=\"https:\/\/alival.com.co\/wp-content\/uploads\/2024\/04\/QUESO-LA-PERLA_.png 1000w, https:\/\/alival.com.co\/wp-content\/uploads\/2024\/04\/QUESO-LA-PERLA_-300x300.png 300w, https:\/\/alival.com.co\/wp-content\/uploads\/2024\/04\/QUESO-LA-PERLA_-150x150.png 150w, https:\/\/alival.com.co\/wp-content\/uploads\/2024\/04\/QUESO-LA-PERLA_-768x768.png 768w\" sizes=\"(max-width: 1000px) 100vw, 1000px\" \/>\t\t\t\t\t\t\t\t\t\t\t\t\t\t\t<\/div>\n\t\t\t\t<\/div>\n\t\t\t\t\t<\/div>\n\t\t<\/div>\n\t\t\t\t<div class=\"elementor-column elementor-col-33 elementor-top-column elementor-element elementor-element-749c2db6\" data-id=\"749c2db6\" data-element_type=\"column\" data-e-type=\"column\">\n\t\t\t<div class=\"elementor-widget-wrap elementor-element-populated\">\n\t\t\t\t\t\t<div class=\"elementor-element elementor-element-3c4548cb elementor-widget elementor-widget-image\" data-id=\"3c4548cb\" data-element_type=\"widget\" data-e-type=\"widget\" data-widget_type=\"image.default\">\n\t\t\t\t<div class=\"elementor-widget-container\">\n\t\t\t\t\t\t\t\t\t\t\t\t\t\t\t\t<a href=\"https:\/\/alival.com.co\/contactanos\/\">\n\t\t\t\t\t\t\t<img loading=\"lazy\" decoding=\"async\" width=\"414\" height=\"414\" src=\"https:\/\/alival.com.co\/wp-content\/uploads\/2023\/02\/Boton-vende-nuestros-productos.png\" class=\"attachment-full size-full wp-image-329\" alt=\"\" srcset=\"https:\/\/alival.com.co\/wp-content\/uploads\/2023\/02\/Boton-vende-nuestros-productos.png 414w, https:\/\/alival.com.co\/wp-content\/uploads\/2023\/02\/Boton-vende-nuestros-productos-300x300.png 300w, https:\/\/alival.com.co\/wp-content\/uploads\/2023\/02\/Boton-vende-nuestros-productos-150x150.png 150w\" sizes=\"(max-width: 414px) 100vw, 414px\" \/>\t\t\t\t\t\t\t\t<\/a>\n\t\t\t\t\t\t\t\t\t\t\t\t\t\t\t<\/div>\n\t\t\t\t<\/div>\n\t\t\t\t\t<\/div>\n\t\t<\/div>\n\t\t\t\t\t<\/div>\n\t\t<\/section>\n\t\t\t\t<section class=\"elementor-section elementor-top-section elementor-element elementor-element-39b5e488 elementor-section-boxed elementor-section-height-default elementor-section-height-default\" data-id=\"39b5e488\" data-element_type=\"section\" data-e-type=\"section\">\n\t\t\t\t\t\t<div class=\"elementor-container elementor-column-gap-default\">\n\t\t\t\t\t<div class=\"elementor-column elementor-col-100 elementor-top-column elementor-element elementor-element-58907773\" data-id=\"58907773\" data-element_type=\"column\" data-e-type=\"column\">\n\t\t\t<div class=\"elementor-widget-wrap elementor-element-populated\">\n\t\t\t\t\t\t<div class=\"elementor-element elementor-element-2a590369 elementor-widget elementor-widget-heading\" data-id=\"2a590369\" data-element_type=\"widget\" data-e-type=\"widget\" data-widget_type=\"heading.default\">\n\t\t\t\t<div class=\"elementor-widget-container\">\n\t\t\t\t\t<h2 class=\"elementor-heading-title elementor-size-default\">Tablas nutricionales<\/h2>\t\t\t\t<\/div>\n\t\t\t\t<\/div>\n\t\t\t\t\t<\/div>\n\t\t<\/div>\n\t\t\t\t\t<\/div>\n\t\t<\/section>\n\t\t\t\t<section class=\"elementor-section elementor-top-section elementor-element elementor-element-2fb7360 elementor-section-boxed elementor-section-height-default elementor-section-height-default\" data-id=\"2fb7360\" data-element_type=\"section\" data-e-type=\"section\">\n\t\t\t\t\t\t<div class=\"elementor-container elementor-column-gap-default\">\n\t\t\t\t\t<div class=\"elementor-column elementor-col-100 elementor-top-column elementor-element elementor-element-424b536\" data-id=\"424b536\" data-element_type=\"column\" data-e-type=\"column\">\n\t\t\t<div class=\"elementor-widget-wrap elementor-element-populated\">\n\t\t\t\t\t\t<div class=\"elementor-element elementor-element-2ff0527 elementor-skin-carousel elementor-arrows-yes elementor-pagination-type-bullets elementor-pagination-position-outside elementor-widget elementor-widget-media-carousel\" data-id=\"2ff0527\" data-element_type=\"widget\" data-e-type=\"widget\" data-settings=\"{&quot;slides_per_view_mobile&quot;:&quot;1&quot;,&quot;slides_to_scroll_mobile&quot;:&quot;1&quot;,&quot;space_between_mobile&quot;:{&quot;unit&quot;:&quot;px&quot;,&quot;size&quot;:0,&quot;sizes&quot;:[]},&quot;slides_per_view&quot;:&quot;4&quot;,&quot;slides_per_view_tablet&quot;:&quot;2&quot;,&quot;slides_to_scroll&quot;:&quot;2&quot;,&quot;skin&quot;:&quot;carousel&quot;,&quot;effect&quot;:&quot;slide&quot;,&quot;show_arrows&quot;:&quot;yes&quot;,&quot;pagination&quot;:&quot;bullets&quot;,&quot;speed&quot;:500,&quot;autoplay&quot;:&quot;yes&quot;,&quot;autoplay_speed&quot;:5000,&quot;loop&quot;:&quot;yes&quot;,&quot;pause_on_hover&quot;:&quot;yes&quot;,&quot;pause_on_interaction&quot;:&quot;yes&quot;,&quot;space_between&quot;:{&quot;unit&quot;:&quot;px&quot;,&quot;size&quot;:10,&quot;sizes&quot;:[]},&quot;space_between_tablet&quot;:{&quot;unit&quot;:&quot;px&quot;,&quot;size&quot;:10,&quot;sizes&quot;:[]}}\" data-widget_type=\"media-carousel.default\">\n\t\t\t\t<div class=\"elementor-widget-container\">\n\t\t\t\t\t\t\t<div class=\"elementor-swiper\">\n\t\t\t<div class=\"elementor-main-swiper swiper-container\">\n\t\t\t\t<div class=\"swiper-wrapper\">\n\t\t\t\t\t\t\t\t\t\t\t<div class=\"swiper-slide\">\n\t\t\t\t\t\t\t<a href=\"https:\/\/alival.com.co\/suero-costeno\/\">\t\t<div class=\"elementor-carousel-image\" role=\"img\" aria-label=\"TABLAS NUTRICIONALES-25\" style=\"background-image: url(&#039;https:\/\/alival.com.co\/wp-content\/uploads\/2024\/04\/TABLAS-NUTRICIONALES-25.png&#039;)\">\n\n\t\t\t\n\t\t\t\t\t<\/div>\n\t\t<\/a>\t\t\t\t\t\t<\/div>\n\t\t\t\t\t\t\t\t\t\t\t<div class=\"swiper-slide\">\n\t\t\t\t\t\t\t<a href=\"https:\/\/alival.com.co\/quesos-san-fernando\/\">\t\t<div class=\"elementor-carousel-image\" role=\"img\" aria-label=\"TABLAS NUTRICIONALES-22\" style=\"background-image: url(&#039;https:\/\/alival.com.co\/wp-content\/uploads\/2024\/04\/TABLAS-NUTRICIONALES-22.png&#039;)\">\n\n\t\t\t\n\t\t\t\t\t<\/div>\n\t\t<\/a>\t\t\t\t\t\t<\/div>\n\t\t\t\t\t\t\t\t\t\t\t<div class=\"swiper-slide\">\n\t\t\t\t\t\t\t<a href=\"https:\/\/alival.com.co\/quesos-la-perla\/\">\t\t<div class=\"elementor-carousel-image\" role=\"img\" aria-label=\"TABLAS NUTRICIONALES-23\" style=\"background-image: url(&#039;https:\/\/alival.com.co\/wp-content\/uploads\/2024\/04\/TABLAS-NUTRICIONALES-23.png&#039;)\">\n\n\t\t\t\n\t\t\t\t\t<\/div>\n\t\t<\/a>\t\t\t\t\t\t<\/div>\n\t\t\t\t\t\t\t\t\t<\/div>\n\t\t\t\t\t\t\t\t\t\t\t\t\t\t\t<div class=\"swiper-pagination\"><\/div>\n\t\t\t\t\t\t\t\t\t\t\t\t\t\t\t\t<div class=\"elementor-swiper-button elementor-swiper-button-prev\" role=\"button\" tabindex=\"0\">\n\t\t\t\t\t\t\t<i aria-hidden=\"true\" class=\"eicon-chevron-left\"><\/i>\t\t\t\t\t\t\t<span class=\"elementor-screen-only\">Anterior<\/span>\n\t\t\t\t\t\t<\/div>\n\t\t\t\t\t\t<div class=\"elementor-swiper-button elementor-swiper-button-next\" role=\"button\" tabindex=\"0\">\n\t\t\t\t\t\t\t<i aria-hidden=\"true\" class=\"eicon-chevron-right\"><\/i>\t\t\t\t\t\t\t<span class=\"elementor-screen-only\">Siguiente<\/span>\n\t\t\t\t\t\t<\/div>\n\t\t\t\t\t\t\t\t\t\t\t\t<\/div>\n\t\t<\/div>\n\t\t\t\t\t\t<\/div>\n\t\t\t\t<\/div>\n\t\t\t\t\t<\/div>\n\t\t<\/div>\n\t\t\t\t\t<\/div>\n\t\t<\/section>\n\t\t\t\t<section class=\"elementor-section elementor-top-section elementor-element elementor-element-36bad30d elementor-section-full_width elementor-section-height-default elementor-section-height-default\" data-id=\"36bad30d\" data-element_type=\"section\" data-e-type=\"section\">\n\t\t\t\t\t\t<div class=\"elementor-container elementor-column-gap-narrow\">\n\t\t\t\t\t<div class=\"elementor-column elementor-col-100 elementor-top-column elementor-element elementor-element-6b536e5\" data-id=\"6b536e5\" data-element_type=\"column\" data-e-type=\"column\">\n\t\t\t<div class=\"elementor-widget-wrap elementor-element-populated\">\n\t\t\t\t\t\t<div class=\"elementor-element elementor-element-3faaa2fb elementor-widget elementor-widget-image\" data-id=\"3faaa2fb\" data-element_type=\"widget\" data-e-type=\"widget\" data-widget_type=\"image.default\">\n\t\t\t\t<div class=\"elementor-widget-container\">\n\t\t\t\t\t\t\t\t\t\t\t\t\t\t\t\t<a href=\"https:\/\/alival.com.co\/express\/\">\n\t\t\t\t\t\t\t<img loading=\"lazy\" decoding=\"async\" width=\"1641\" height=\"601\" src=\"https:\/\/alival.com.co\/wp-content\/uploads\/2024\/03\/banner-alival-express.png\" class=\"attachment-full size-full wp-image-8240\" alt=\"\" srcset=\"https:\/\/alival.com.co\/wp-content\/uploads\/2024\/03\/banner-alival-express.png 1641w, https:\/\/alival.com.co\/wp-content\/uploads\/2024\/03\/banner-alival-express-300x110.png 300w, https:\/\/alival.com.co\/wp-content\/uploads\/2024\/03\/banner-alival-express-1024x375.png 1024w, https:\/\/alival.com.co\/wp-content\/uploads\/2024\/03\/banner-alival-express-768x281.png 768w, https:\/\/alival.com.co\/wp-content\/uploads\/2024\/03\/banner-alival-express-1536x563.png 1536w\" sizes=\"(max-width: 1641px) 100vw, 1641px\" \/>\t\t\t\t\t\t\t\t<\/a>\n\t\t\t\t\t\t\t\t\t\t\t\t\t\t\t<\/div>\n\t\t\t\t<\/div>\n\t\t\t\t\t<\/div>\n\t\t<\/div>\n\t\t\t\t\t<\/div>\n\t\t<\/section>\n\t\t\t\t<\/div>\n\t\t","protected":false},"excerpt":{"rendered":"<p>Queso Cuajada Queso fresco, cremoso y suave que es perfecto para una gran variedad de tus preparaciones favoritas. Queso Fresco Graso, Semiblando Cuajada INGREDIENTES:\u00a0Leche entera pasteurizada, sal (cloruro de sodio), estabilizante (cloruro de calcio) y cuajo. Al\u00e9rgenos: Contiene leche.\u00a0 GRASA TOTAL:\u00a017 gramos por cada 100g. EMPAQUE:\u00a0Bolsa pl\u00e1stica termoencogible\u00a0para empacado al vac\u00edo. VIDA \u00daTIL:\u00a020 d\u00edas.\u00a0 MODO [&hellip;]<\/p>\n","protected":false},"author":1,"featured_media":0,"parent":0,"menu_order":0,"comment_status":"closed","ping_status":"closed","template":"elementor_header_footer","meta":{"_acf_changed":false,"_joinchat":[],"footnotes":""},"class_list":["post-3157","page","type-page","status-publish","hentry"],"acf":[],"_links":{"self":[{"href":"https:\/\/alival.com.co\/en\/wp-json\/wp\/v2\/pages\/3157","targetHints":{"allow":["GET"]}}],"collection":[{"href":"https:\/\/alival.com.co\/en\/wp-json\/wp\/v2\/pages"}],"about":[{"href":"https:\/\/alival.com.co\/en\/wp-json\/wp\/v2\/types\/page"}],"author":[{"embeddable":true,"href":"https:\/\/alival.com.co\/en\/wp-json\/wp\/v2\/users\/1"}],"replies":[{"embeddable":true,"href":"https:\/\/alival.com.co\/en\/wp-json\/wp\/v2\/comments?post=3157"}],"version-history":[{"count":46,"href":"https:\/\/alival.com.co\/en\/wp-json\/wp\/v2\/pages\/3157\/revisions"}],"predecessor-version":[{"id":9693,"href":"https:\/\/alival.com.co\/en\/wp-json\/wp\/v2\/pages\/3157\/revisions\/9693"}],"wp:attachment":[{"href":"https:\/\/alival.com.co\/en\/wp-json\/wp\/v2\/media?parent=3157"}],"curies":[{"name":"wp","href":"https:\/\/api.w.org\/{rel}","templated":true}]}}