{"id":2824,"date":"2023-04-24T16:28:19","date_gmt":"2023-04-24T16:28:19","guid":{"rendered":"https:\/\/alival.com.co\/?page_id=2824"},"modified":"2024-04-24T17:04:33","modified_gmt":"2024-04-24T17:04:33","slug":"sour-cream","status":"publish","type":"page","link":"https:\/\/alival.com.co\/en\/sour-cream\/","title":{"rendered":"Sour Cream"},"content":{"rendered":"\t\t<div data-elementor-type=\"wp-page\" data-elementor-id=\"2824\" class=\"elementor elementor-2824\" data-elementor-post-type=\"page\">\n\t\t\t\t\t\t<section class=\"elementor-section elementor-top-section elementor-element elementor-element-230e6032 elementor-section-boxed elementor-section-height-default elementor-section-height-default\" data-id=\"230e6032\" data-element_type=\"section\" data-e-type=\"section\" data-settings=\"{&quot;background_background&quot;:&quot;classic&quot;}\">\n\t\t\t\t\t\t\t<div class=\"elementor-background-overlay\"><\/div>\n\t\t\t\t\t\t\t<div class=\"elementor-container elementor-column-gap-default\">\n\t\t\t\t\t<div class=\"elementor-column elementor-col-50 elementor-top-column elementor-element elementor-element-2df4c62f\" data-id=\"2df4c62f\" data-element_type=\"column\" data-e-type=\"column\">\n\t\t\t<div class=\"elementor-widget-wrap elementor-element-populated\">\n\t\t\t\t\t\t<div class=\"elementor-element elementor-element-521efe16 shapes-leche e-transform elementor-widget elementor-widget-image\" data-id=\"521efe16\" data-element_type=\"widget\" data-e-type=\"widget\" data-settings=\"{&quot;_transform_rotateZ_effect&quot;:{&quot;unit&quot;:&quot;px&quot;,&quot;size&quot;:-2,&quot;sizes&quot;:[]},&quot;_transform_rotateZ_effect_tablet&quot;:{&quot;unit&quot;:&quot;deg&quot;,&quot;size&quot;:&quot;&quot;,&quot;sizes&quot;:[]},&quot;_transform_rotateZ_effect_mobile&quot;:{&quot;unit&quot;:&quot;deg&quot;,&quot;size&quot;:&quot;&quot;,&quot;sizes&quot;:[]}}\" data-widget_type=\"image.default\">\n\t\t\t\t<div class=\"elementor-widget-container\">\n\t\t\t\t\t\t\t\t\t\t\t\t\t\t\t<img fetchpriority=\"high\" decoding=\"async\" width=\"1000\" height=\"1000\" src=\"https:\/\/alival.com.co\/wp-content\/uploads\/2024\/04\/SOUR-CREAM-400G-1.png\" class=\"attachment-full size-full wp-image-8923\" alt=\"\" srcset=\"https:\/\/alival.com.co\/wp-content\/uploads\/2024\/04\/SOUR-CREAM-400G-1.png 1000w, https:\/\/alival.com.co\/wp-content\/uploads\/2024\/04\/SOUR-CREAM-400G-1-300x300.png 300w, https:\/\/alival.com.co\/wp-content\/uploads\/2024\/04\/SOUR-CREAM-400G-1-150x150.png 150w, https:\/\/alival.com.co\/wp-content\/uploads\/2024\/04\/SOUR-CREAM-400G-1-768x768.png 768w\" sizes=\"(max-width: 1000px) 100vw, 1000px\" \/>\t\t\t\t\t\t\t\t\t\t\t\t\t\t\t<\/div>\n\t\t\t\t<\/div>\n\t\t\t\t\t<\/div>\n\t\t<\/div>\n\t\t\t\t<div class=\"elementor-column elementor-col-50 elementor-top-column elementor-element elementor-element-2e55dfd7\" data-id=\"2e55dfd7\" data-element_type=\"column\" data-e-type=\"column\">\n\t\t\t<div class=\"elementor-widget-wrap elementor-element-populated\">\n\t\t\t\t\t\t<div class=\"elementor-element elementor-element-6f95a3e3 elementor-widget elementor-widget-heading\" data-id=\"6f95a3e3\" data-element_type=\"widget\" data-e-type=\"widget\" data-widget_type=\"heading.default\">\n\t\t\t\t<div class=\"elementor-widget-container\">\n\t\t\t\t\t<h2 class=\"elementor-heading-title elementor-size-default\">Sour Cream<\/h2>\t\t\t\t<\/div>\n\t\t\t\t<\/div>\n\t\t\t\t<div class=\"elementor-element elementor-element-5809191a elementor-widget elementor-widget-text-editor\" data-id=\"5809191a\" data-element_type=\"widget\" data-e-type=\"widget\" data-widget_type=\"text-editor.default\">\n\t\t\t\t<div class=\"elementor-widget-container\">\n\t\t\t\t\t\t\t\t\t<p>Tiene un delicioso aroma y una textura cremosa que la hacen perfecta para untar en tus tostadas o tu receta favorita, sorprende a tu paladar con su sabor inigualable.<\/p>\t\t\t\t\t\t\t\t<\/div>\n\t\t\t\t<\/div>\n\t\t\t\t\t<\/div>\n\t\t<\/div>\n\t\t\t\t\t<\/div>\n\t\t<\/section>\n\t\t\t\t<section class=\"elementor-section elementor-top-section elementor-element elementor-element-7120f850 elementor-section-height-min-height elementor-section-boxed elementor-section-height-default elementor-section-items-middle\" data-id=\"7120f850\" data-element_type=\"section\" data-e-type=\"section\" data-settings=\"{&quot;background_background&quot;:&quot;classic&quot;}\">\n\t\t\t\t\t\t\t<div class=\"elementor-background-overlay\"><\/div>\n\t\t\t\t\t\t\t<div class=\"elementor-container elementor-column-gap-default\">\n\t\t\t\t\t<div class=\"elementor-column elementor-col-50 elementor-top-column elementor-element elementor-element-77e232ff\" data-id=\"77e232ff\" data-element_type=\"column\" data-e-type=\"column\" data-settings=\"{&quot;background_background&quot;:&quot;classic&quot;}\">\n\t\t\t<div class=\"elementor-widget-wrap elementor-element-populated\">\n\t\t\t\t\t\t<div class=\"elementor-element elementor-element-3de712de elementor-widget elementor-widget-text-editor\" data-id=\"3de712de\" data-element_type=\"widget\" data-e-type=\"widget\" data-widget_type=\"text-editor.default\">\n\t\t\t\t<div class=\"elementor-widget-container\">\n\t\t\t\t\t\t\t\t\t<p><b>Crema agria para untar<\/b><strong>.<\/strong><\/p>\n<p><b>INGREDIENTES:&nbsp;<\/b>Leche entera pasteurizada y\/o leche reconstituida (Agua, Leche en polvo), crema de leche entera, leche en polvo, sal, emulsificante (goma guar, alginato de sodio, goma de algarrobo, carragenina), cultivos l\u00e1cticos (Lactococcus lactis subsp. cremoris, Lactococcus lactis subsp. lactis, Streptococcus thermophilus), conservantes (sorbato de potasio, benzoato de sodio).&nbsp;<\/p><p>ALERGENOS: Contiene leche.&nbsp;<br><b><\/b><\/p>\n<p><strong>GRASA TOTAL: <\/strong>25 gramos por cada 100g.<\/p>\n<p><b>EMPAQUE: <\/b>Vaso pl\u00e1stico con tapa termosellable.<\/p>\n<p><b>VIDA \u00daTIL:<\/b> 60 d\u00edas.<\/p>\n<p><b>MODO DE CONSERVACI\u00d3N:<\/b> Producto listo para consumir, despu\u00e9s de abierto debe refrigerarse y consumirse en el menor tiempo posible. Apto para ni\u00f1os mayores de 4 a\u00f1os y adultos.<\/p>\t\t\t\t\t\t\t\t<\/div>\n\t\t\t\t<\/div>\n\t\t\t\t<div class=\"elementor-element elementor-element-8871e2a elementor-widget elementor-widget-gallery\" data-id=\"8871e2a\" data-element_type=\"widget\" data-e-type=\"widget\" data-settings=\"{&quot;gallery_layout&quot;:&quot;masonry&quot;,&quot;lazyload&quot;:&quot;yes&quot;,&quot;columns&quot;:4,&quot;columns_tablet&quot;:2,&quot;columns_mobile&quot;:1,&quot;gap&quot;:{&quot;unit&quot;:&quot;px&quot;,&quot;size&quot;:10,&quot;sizes&quot;:[]},&quot;gap_tablet&quot;:{&quot;unit&quot;:&quot;px&quot;,&quot;size&quot;:10,&quot;sizes&quot;:[]},&quot;gap_mobile&quot;:{&quot;unit&quot;:&quot;px&quot;,&quot;size&quot;:10,&quot;sizes&quot;:[]},&quot;link_to&quot;:&quot;file&quot;,&quot;overlay_background&quot;:&quot;yes&quot;,&quot;content_hover_animation&quot;:&quot;fade-in&quot;}\" data-widget_type=\"gallery.default\">\n\t\t\t\t<div class=\"elementor-widget-container\">\n\t\t\t\t\t\t\t<div class=\"elementor-gallery__container\">\n\t\t\t\t\t\t\t<a class=\"e-gallery-item elementor-gallery-item elementor-animated-content\" href=\"https:\/\/alival.com.co\/wp-content\/uploads\/2024\/04\/SOUR-CREAM-140G.jpg\" data-elementor-open-lightbox=\"yes\" data-elementor-lightbox-slideshow=\"8871e2a\" data-elementor-lightbox-title=\"SOUR CREAM 140G\" data-e-action-hash=\"#elementor-action%3Aaction%3Dlightbox%26settings%3DeyJpZCI6ODkyNCwidXJsIjoiaHR0cHM6XC9cL2FsaXZhbC5jb20uY29cL3dwLWNvbnRlbnRcL3VwbG9hZHNcLzIwMjRcLzA0XC9TT1VSLUNSRUFNLTE0MEcuanBnIiwic2xpZGVzaG93IjoiODg3MWUyYSJ9\">\n\t\t\t\t\t<div class=\"e-gallery-image elementor-gallery-item__image\" data-thumbnail=\"https:\/\/alival.com.co\/wp-content\/uploads\/2024\/04\/SOUR-CREAM-140G-300x300.jpg\" data-width=\"300\" data-height=\"300\" aria-label=\"\" role=\"img\" ><\/div>\n\t\t\t\t\t\t\t\t\t\t\t<div class=\"elementor-gallery-item__overlay\"><\/div>\n\t\t\t\t\t\t\t\t\t\t\t\t\t\t<\/a>\n\t\t\t\t\t\t\t<a class=\"e-gallery-item elementor-gallery-item elementor-animated-content\" href=\"https:\/\/alival.com.co\/wp-content\/uploads\/2024\/04\/SOUR-CREAN-400G.jpg\" data-elementor-open-lightbox=\"yes\" data-elementor-lightbox-slideshow=\"8871e2a\" data-elementor-lightbox-title=\"SOUR CREAN 400G\" data-e-action-hash=\"#elementor-action%3Aaction%3Dlightbox%26settings%3DeyJpZCI6ODkyNSwidXJsIjoiaHR0cHM6XC9cL2FsaXZhbC5jb20uY29cL3dwLWNvbnRlbnRcL3VwbG9hZHNcLzIwMjRcLzA0XC9TT1VSLUNSRUFOLTQwMEcuanBnIiwic2xpZGVzaG93IjoiODg3MWUyYSJ9\">\n\t\t\t\t\t<div class=\"e-gallery-image elementor-gallery-item__image\" data-thumbnail=\"https:\/\/alival.com.co\/wp-content\/uploads\/2024\/04\/SOUR-CREAN-400G-300x300.jpg\" data-width=\"300\" data-height=\"300\" aria-label=\"\" role=\"img\" ><\/div>\n\t\t\t\t\t\t\t\t\t\t\t<div class=\"elementor-gallery-item__overlay\"><\/div>\n\t\t\t\t\t\t\t\t\t\t\t\t\t\t<\/a>\n\t\t\t\t\t<\/div>\n\t\t\t\t\t<\/div>\n\t\t\t\t<\/div>\n\t\t\t\t\t<\/div>\n\t\t<\/div>\n\t\t\t\t<div class=\"elementor-column elementor-col-50 elementor-top-column elementor-element elementor-element-5ed0b1a5\" data-id=\"5ed0b1a5\" data-element_type=\"column\" data-e-type=\"column\">\n\t\t\t<div class=\"elementor-widget-wrap elementor-element-populated\">\n\t\t\t\t\t\t<div class=\"elementor-element elementor-element-6b0ac73 elementor-invisible elementor-widget elementor-widget-image\" data-id=\"6b0ac73\" data-element_type=\"widget\" data-e-type=\"widget\" data-settings=\"{&quot;motion_fx_motion_fx_scrolling&quot;:&quot;yes&quot;,&quot;motion_fx_rotateZ_effect&quot;:&quot;yes&quot;,&quot;motion_fx_rotateZ_speed&quot;:{&quot;unit&quot;:&quot;px&quot;,&quot;size&quot;:0.4,&quot;sizes&quot;:[]},&quot;motion_fx_rotateZ_affectedRange&quot;:{&quot;unit&quot;:&quot;%&quot;,&quot;size&quot;:&quot;&quot;,&quot;sizes&quot;:{&quot;start&quot;:8,&quot;end&quot;:92}},&quot;motion_fx_motion_fx_mouse&quot;:&quot;yes&quot;,&quot;motion_fx_mouseTrack_effect&quot;:&quot;yes&quot;,&quot;motion_fx_mouseTrack_direction&quot;:&quot;negative&quot;,&quot;_animation&quot;:&quot;tada&quot;,&quot;motion_fx_devices&quot;:[&quot;desktop&quot;,&quot;tablet&quot;,&quot;mobile&quot;],&quot;motion_fx_mouseTrack_speed&quot;:{&quot;unit&quot;:&quot;px&quot;,&quot;size&quot;:1,&quot;sizes&quot;:[]}}\" data-widget_type=\"image.default\">\n\t\t\t\t<div class=\"elementor-widget-container\">\n\t\t\t\t\t\t\t\t\t\t\t\t\t\t\t<img decoding=\"async\" width=\"800\" height=\"800\" src=\"https:\/\/alival.com.co\/wp-content\/uploads\/2024\/04\/SOUR-CREAM-400G-1.png\" class=\"attachment-large size-large wp-image-8923\" alt=\"\" srcset=\"https:\/\/alival.com.co\/wp-content\/uploads\/2024\/04\/SOUR-CREAM-400G-1.png 1000w, https:\/\/alival.com.co\/wp-content\/uploads\/2024\/04\/SOUR-CREAM-400G-1-300x300.png 300w, https:\/\/alival.com.co\/wp-content\/uploads\/2024\/04\/SOUR-CREAM-400G-1-150x150.png 150w, https:\/\/alival.com.co\/wp-content\/uploads\/2024\/04\/SOUR-CREAM-400G-1-768x768.png 768w\" sizes=\"(max-width: 800px) 100vw, 800px\" \/>\t\t\t\t\t\t\t\t\t\t\t\t\t\t\t<\/div>\n\t\t\t\t<\/div>\n\t\t\t\t\t<\/div>\n\t\t<\/div>\n\t\t\t\t\t<\/div>\n\t\t<\/section>\n\t\t\t\t<section class=\"elementor-section elementor-top-section elementor-element elementor-element-4b12abfa elementor-section-boxed elementor-section-height-default elementor-section-height-default\" data-id=\"4b12abfa\" data-element_type=\"section\" data-e-type=\"section\" data-settings=\"{&quot;background_background&quot;:&quot;classic&quot;}\">\n\t\t\t\t\t\t<div class=\"elementor-container elementor-column-gap-wider\">\n\t\t\t\t\t<div class=\"elementor-column elementor-col-33 elementor-top-column elementor-element elementor-element-40e4a664\" data-id=\"40e4a664\" data-element_type=\"column\" data-e-type=\"column\">\n\t\t\t<div class=\"elementor-widget-wrap elementor-element-populated\">\n\t\t\t\t\t\t<div class=\"elementor-element elementor-element-50312d6d elementor-widget elementor-widget-image\" data-id=\"50312d6d\" data-element_type=\"widget\" data-e-type=\"widget\" data-widget_type=\"image.default\">\n\t\t\t\t<div class=\"elementor-widget-container\">\n\t\t\t\t\t\t\t\t\t\t\t\t\t\t\t\t<a href=\"https:\/\/alival.com.co\/express\/\">\n\t\t\t\t\t\t\t<img decoding=\"async\" width=\"414\" height=\"414\" src=\"https:\/\/alival.com.co\/wp-content\/uploads\/2023\/02\/Recurso-12.png\" class=\"attachment-full size-full wp-image-436\" alt=\"\" srcset=\"https:\/\/alival.com.co\/wp-content\/uploads\/2023\/02\/Recurso-12.png 414w, https:\/\/alival.com.co\/wp-content\/uploads\/2023\/02\/Recurso-12-300x300.png 300w, https:\/\/alival.com.co\/wp-content\/uploads\/2023\/02\/Recurso-12-150x150.png 150w\" sizes=\"(max-width: 414px) 100vw, 414px\" \/>\t\t\t\t\t\t\t\t<\/a>\n\t\t\t\t\t\t\t\t\t\t\t\t\t\t\t<\/div>\n\t\t\t\t<\/div>\n\t\t\t\t\t<\/div>\n\t\t<\/div>\n\t\t\t\t<div class=\"elementor-column elementor-col-33 elementor-top-column elementor-element elementor-element-c0e41ea\" data-id=\"c0e41ea\" data-element_type=\"column\" data-e-type=\"column\">\n\t\t\t<div class=\"elementor-widget-wrap elementor-element-populated\">\n\t\t\t\t\t\t<div class=\"elementor-element elementor-element-29f3e325 elementor-widget elementor-widget-image\" data-id=\"29f3e325\" data-element_type=\"widget\" data-e-type=\"widget\" data-widget_type=\"image.default\">\n\t\t\t\t<div class=\"elementor-widget-container\">\n\t\t\t\t\t\t\t\t\t\t\t\t\t\t\t<img fetchpriority=\"high\" decoding=\"async\" width=\"1000\" height=\"1000\" src=\"https:\/\/alival.com.co\/wp-content\/uploads\/2024\/04\/SOUR-CREAM-400G-1.png\" class=\"attachment-full size-full wp-image-8923\" alt=\"\" srcset=\"https:\/\/alival.com.co\/wp-content\/uploads\/2024\/04\/SOUR-CREAM-400G-1.png 1000w, https:\/\/alival.com.co\/wp-content\/uploads\/2024\/04\/SOUR-CREAM-400G-1-300x300.png 300w, https:\/\/alival.com.co\/wp-content\/uploads\/2024\/04\/SOUR-CREAM-400G-1-150x150.png 150w, https:\/\/alival.com.co\/wp-content\/uploads\/2024\/04\/SOUR-CREAM-400G-1-768x768.png 768w\" sizes=\"(max-width: 1000px) 100vw, 1000px\" \/>\t\t\t\t\t\t\t\t\t\t\t\t\t\t\t<\/div>\n\t\t\t\t<\/div>\n\t\t\t\t\t<\/div>\n\t\t<\/div>\n\t\t\t\t<div class=\"elementor-column elementor-col-33 elementor-top-column elementor-element elementor-element-42c53d73\" data-id=\"42c53d73\" data-element_type=\"column\" data-e-type=\"column\">\n\t\t\t<div class=\"elementor-widget-wrap elementor-element-populated\">\n\t\t\t\t\t\t<div class=\"elementor-element elementor-element-22f42e86 elementor-widget elementor-widget-image\" data-id=\"22f42e86\" data-element_type=\"widget\" data-e-type=\"widget\" data-widget_type=\"image.default\">\n\t\t\t\t<div class=\"elementor-widget-container\">\n\t\t\t\t\t\t\t\t\t\t\t\t\t\t\t\t<a href=\"https:\/\/alival.com.co\/contactanos\/\">\n\t\t\t\t\t\t\t<img loading=\"lazy\" decoding=\"async\" width=\"414\" height=\"414\" src=\"https:\/\/alival.com.co\/wp-content\/uploads\/2023\/02\/Boton-vende-nuestros-productos.png\" class=\"attachment-full size-full wp-image-329\" alt=\"\" srcset=\"https:\/\/alival.com.co\/wp-content\/uploads\/2023\/02\/Boton-vende-nuestros-productos.png 414w, https:\/\/alival.com.co\/wp-content\/uploads\/2023\/02\/Boton-vende-nuestros-productos-300x300.png 300w, https:\/\/alival.com.co\/wp-content\/uploads\/2023\/02\/Boton-vende-nuestros-productos-150x150.png 150w\" sizes=\"(max-width: 414px) 100vw, 414px\" \/>\t\t\t\t\t\t\t\t<\/a>\n\t\t\t\t\t\t\t\t\t\t\t\t\t\t\t<\/div>\n\t\t\t\t<\/div>\n\t\t\t\t\t<\/div>\n\t\t<\/div>\n\t\t\t\t\t<\/div>\n\t\t<\/section>\n\t\t\t\t<section class=\"elementor-section elementor-top-section elementor-element elementor-element-70b4ae7a elementor-section-boxed elementor-section-height-default elementor-section-height-default\" data-id=\"70b4ae7a\" data-element_type=\"section\" data-e-type=\"section\">\n\t\t\t\t\t\t<div class=\"elementor-container elementor-column-gap-default\">\n\t\t\t\t\t<div class=\"elementor-column elementor-col-100 elementor-top-column elementor-element elementor-element-2e58ad8d\" data-id=\"2e58ad8d\" data-element_type=\"column\" data-e-type=\"column\">\n\t\t\t<div class=\"elementor-widget-wrap elementor-element-populated\">\n\t\t\t\t\t\t<div class=\"elementor-element elementor-element-2b5a26dd elementor-widget elementor-widget-heading\" data-id=\"2b5a26dd\" data-element_type=\"widget\" data-e-type=\"widget\" data-widget_type=\"heading.default\">\n\t\t\t\t<div class=\"elementor-widget-container\">\n\t\t\t\t\t<h2 class=\"elementor-heading-title elementor-size-default\">Tablas nutricionales<\/h2>\t\t\t\t<\/div>\n\t\t\t\t<\/div>\n\t\t\t\t\t<\/div>\n\t\t<\/div>\n\t\t\t\t\t<\/div>\n\t\t<\/section>\n\t\t\t\t<section class=\"elementor-section elementor-top-section elementor-element elementor-element-39e047b3 elementor-section-boxed elementor-section-height-default elementor-section-height-default\" data-id=\"39e047b3\" data-element_type=\"section\" data-e-type=\"section\">\n\t\t\t\t\t\t<div class=\"elementor-container elementor-column-gap-default\">\n\t\t\t\t\t<div class=\"elementor-column elementor-col-100 elementor-top-column elementor-element elementor-element-28edc719\" data-id=\"28edc719\" data-element_type=\"column\" data-e-type=\"column\">\n\t\t\t<div class=\"elementor-widget-wrap elementor-element-populated\">\n\t\t\t\t\t\t<div class=\"elementor-element elementor-element-bcee0de elementor-skin-carousel elementor-arrows-yes elementor-pagination-type-bullets elementor-pagination-position-outside elementor-widget elementor-widget-media-carousel\" data-id=\"bcee0de\" data-element_type=\"widget\" data-e-type=\"widget\" data-settings=\"{&quot;slides_per_view_mobile&quot;:&quot;1&quot;,&quot;slides_to_scroll_mobile&quot;:&quot;1&quot;,&quot;space_between_mobile&quot;:{&quot;unit&quot;:&quot;px&quot;,&quot;size&quot;:0,&quot;sizes&quot;:[]},&quot;slides_per_view&quot;:&quot;4&quot;,&quot;slides_per_view_tablet&quot;:&quot;2&quot;,&quot;slides_to_scroll&quot;:&quot;2&quot;,&quot;skin&quot;:&quot;carousel&quot;,&quot;effect&quot;:&quot;slide&quot;,&quot;show_arrows&quot;:&quot;yes&quot;,&quot;pagination&quot;:&quot;bullets&quot;,&quot;speed&quot;:500,&quot;autoplay&quot;:&quot;yes&quot;,&quot;autoplay_speed&quot;:5000,&quot;loop&quot;:&quot;yes&quot;,&quot;pause_on_hover&quot;:&quot;yes&quot;,&quot;pause_on_interaction&quot;:&quot;yes&quot;,&quot;space_between&quot;:{&quot;unit&quot;:&quot;px&quot;,&quot;size&quot;:10,&quot;sizes&quot;:[]},&quot;space_between_tablet&quot;:{&quot;unit&quot;:&quot;px&quot;,&quot;size&quot;:10,&quot;sizes&quot;:[]}}\" data-widget_type=\"media-carousel.default\">\n\t\t\t\t<div class=\"elementor-widget-container\">\n\t\t\t\t\t\t\t<div class=\"elementor-swiper\">\n\t\t\t<div class=\"elementor-main-swiper swiper-container\">\n\t\t\t\t<div class=\"swiper-wrapper\">\n\t\t\t\t\t\t\t\t\t\t\t<div class=\"swiper-slide\">\n\t\t\t\t\t\t\t<a href=\"https:\/\/alival.com.co\/crema-de-leche\/\">\t\t<div class=\"elementor-carousel-image\" role=\"img\" aria-label=\"TABLAS NUTRICIONALES-21\" style=\"background-image: url(&#039;https:\/\/alival.com.co\/wp-content\/uploads\/2024\/04\/TABLAS-NUTRICIONALES-21-1.png&#039;)\">\n\n\t\t\t\n\t\t\t\t\t<\/div>\n\t\t<\/a>\t\t\t\t\t\t<\/div>\n\t\t\t\t\t\t\t\t\t\t\t<div class=\"swiper-slide\">\n\t\t\t\t\t\t\t<a href=\"https:\/\/alival.com.co\/dulce-de-leche\/\">\t\t<div class=\"elementor-carousel-image\" role=\"img\" aria-label=\"TABLAS NUTRICIONALES-05\" style=\"background-image: url(&#039;https:\/\/alival.com.co\/wp-content\/uploads\/2024\/04\/TABLAS-NUTRICIONALES-05-1.png&#039;)\">\n\n\t\t\t\n\t\t\t\t\t<\/div>\n\t\t<\/a>\t\t\t\t\t\t<\/div>\n\t\t\t\t\t\t\t\t\t\t\t<div class=\"swiper-slide\">\n\t\t\t\t\t\t\t<a href=\"https:\/\/alival.com.co\/leche-condensada\/\">\t\t<div class=\"elementor-carousel-image\" role=\"img\" aria-label=\"TABLAS NUTRICIONALES-24\" style=\"background-image: url(&#039;https:\/\/alival.com.co\/wp-content\/uploads\/2024\/04\/TABLAS-NUTRICIONALES-24.png&#039;)\">\n\n\t\t\t\n\t\t\t\t\t<\/div>\n\t\t<\/a>\t\t\t\t\t\t<\/div>\n\t\t\t\t\t\t\t\t\t\t\t<div class=\"swiper-slide\">\n\t\t\t\t\t\t\t<a href=\"https:\/\/alival.com.co\/sour-cream\/\">\t\t<div class=\"elementor-carousel-image\" role=\"img\" aria-label=\"TABLAS NUTRICIONALES-18\" style=\"background-image: url(&#039;https:\/\/alival.com.co\/wp-content\/uploads\/2024\/04\/TABLAS-NUTRICIONALES-18.png&#039;)\">\n\n\t\t\t\n\t\t\t\t\t<\/div>\n\t\t<\/a>\t\t\t\t\t\t<\/div>\n\t\t\t\t\t\t\t\t\t\t\t<div class=\"swiper-slide\">\n\t\t\t\t\t\t\t<a href=\"https:\/\/alival.com.co\/suero-costeno\/\">\t\t<div class=\"elementor-carousel-image\" role=\"img\" aria-label=\"TABLAS NUTRICIONALES-25\" style=\"background-image: url(&#039;https:\/\/alival.com.co\/wp-content\/uploads\/2024\/04\/TABLAS-NUTRICIONALES-25.png&#039;)\">\n\n\t\t\t\n\t\t\t\t\t<\/div>\n\t\t<\/a>\t\t\t\t\t\t<\/div>\n\t\t\t\t\t\t\t\t\t\t\t<div class=\"swiper-slide\">\n\t\t\t\t\t\t\t<a href=\"https:\/\/alival.com.co\/mantequilla\/\">\t\t<div class=\"elementor-carousel-image\" role=\"img\" aria-label=\"TABLAS NUTRICIONALES-17\" style=\"background-image: url(&#039;https:\/\/alival.com.co\/wp-content\/uploads\/2024\/04\/TABLAS-NUTRICIONALES-17.png&#039;)\">\n\n\t\t\t\n\t\t\t\t\t<\/div>\n\t\t<\/a>\t\t\t\t\t\t<\/div>\n\t\t\t\t\t\t\t\t\t<\/div>\n\t\t\t\t\t\t\t\t\t\t\t\t\t\t\t<div class=\"swiper-pagination\"><\/div>\n\t\t\t\t\t\t\t\t\t\t\t\t\t\t\t\t<div class=\"elementor-swiper-button elementor-swiper-button-prev\" role=\"button\" tabindex=\"0\">\n\t\t\t\t\t\t\t<i aria-hidden=\"true\" class=\"eicon-chevron-left\"><\/i>\t\t\t\t\t\t\t<span class=\"elementor-screen-only\">Anterior<\/span>\n\t\t\t\t\t\t<\/div>\n\t\t\t\t\t\t<div class=\"elementor-swiper-button elementor-swiper-button-next\" role=\"button\" tabindex=\"0\">\n\t\t\t\t\t\t\t<i aria-hidden=\"true\" class=\"eicon-chevron-right\"><\/i>\t\t\t\t\t\t\t<span class=\"elementor-screen-only\">Siguiente<\/span>\n\t\t\t\t\t\t<\/div>\n\t\t\t\t\t\t\t\t\t\t\t\t<\/div>\n\t\t<\/div>\n\t\t\t\t\t\t<\/div>\n\t\t\t\t<\/div>\n\t\t\t\t\t<\/div>\n\t\t<\/div>\n\t\t\t\t\t<\/div>\n\t\t<\/section>\n\t\t\t\t<section class=\"elementor-section elementor-top-section elementor-element elementor-element-4a48ba3a elementor-section-full_width elementor-section-height-default elementor-section-height-default\" data-id=\"4a48ba3a\" data-element_type=\"section\" data-e-type=\"section\">\n\t\t\t\t\t\t<div class=\"elementor-container elementor-column-gap-narrow\">\n\t\t\t\t\t<div class=\"elementor-column elementor-col-100 elementor-top-column elementor-element elementor-element-2fe9a9f2\" data-id=\"2fe9a9f2\" data-element_type=\"column\" data-e-type=\"column\">\n\t\t\t<div class=\"elementor-widget-wrap elementor-element-populated\">\n\t\t\t\t\t\t<div class=\"elementor-element elementor-element-4502029b elementor-widget elementor-widget-image\" data-id=\"4502029b\" data-element_type=\"widget\" data-e-type=\"widget\" data-widget_type=\"image.default\">\n\t\t\t\t<div class=\"elementor-widget-container\">\n\t\t\t\t\t\t\t\t\t\t\t\t\t\t\t\t<a href=\"https:\/\/alival.com.co\/express\/\">\n\t\t\t\t\t\t\t<img loading=\"lazy\" decoding=\"async\" width=\"1641\" height=\"601\" src=\"https:\/\/alival.com.co\/wp-content\/uploads\/2024\/03\/banner-alival-express.png\" class=\"attachment-full size-full wp-image-8240\" alt=\"\" srcset=\"https:\/\/alival.com.co\/wp-content\/uploads\/2024\/03\/banner-alival-express.png 1641w, https:\/\/alival.com.co\/wp-content\/uploads\/2024\/03\/banner-alival-express-300x110.png 300w, https:\/\/alival.com.co\/wp-content\/uploads\/2024\/03\/banner-alival-express-1024x375.png 1024w, https:\/\/alival.com.co\/wp-content\/uploads\/2024\/03\/banner-alival-express-768x281.png 768w, https:\/\/alival.com.co\/wp-content\/uploads\/2024\/03\/banner-alival-express-1536x563.png 1536w\" sizes=\"(max-width: 1641px) 100vw, 1641px\" \/>\t\t\t\t\t\t\t\t<\/a>\n\t\t\t\t\t\t\t\t\t\t\t\t\t\t\t<\/div>\n\t\t\t\t<\/div>\n\t\t\t\t\t<\/div>\n\t\t<\/div>\n\t\t\t\t\t<\/div>\n\t\t<\/section>\n\t\t\t\t<\/div>\n\t\t","protected":false},"excerpt":{"rendered":"<p>Sour Cream Tiene un delicioso aroma y una textura cremosa que la hacen perfecta para untar en tus tostadas o tu receta favorita, sorprende a tu paladar con su sabor inigualable. Crema agria para untar. INGREDIENTES:&nbsp;Leche entera pasteurizada y\/o leche reconstituida (Agua, Leche en polvo), crema de leche entera, leche en polvo, sal, emulsificante (goma [&hellip;]<\/p>\n","protected":false},"author":1,"featured_media":0,"parent":0,"menu_order":0,"comment_status":"closed","ping_status":"closed","template":"elementor_header_footer","meta":{"_acf_changed":false,"_joinchat":[],"footnotes":""},"class_list":["post-2824","page","type-page","status-publish","hentry"],"acf":[],"_links":{"self":[{"href":"https:\/\/alival.com.co\/en\/wp-json\/wp\/v2\/pages\/2824","targetHints":{"allow":["GET"]}}],"collection":[{"href":"https:\/\/alival.com.co\/en\/wp-json\/wp\/v2\/pages"}],"about":[{"href":"https:\/\/alival.com.co\/en\/wp-json\/wp\/v2\/types\/page"}],"author":[{"embeddable":true,"href":"https:\/\/alival.com.co\/en\/wp-json\/wp\/v2\/users\/1"}],"replies":[{"embeddable":true,"href":"https:\/\/alival.com.co\/en\/wp-json\/wp\/v2\/comments?post=2824"}],"version-history":[{"count":79,"href":"https:\/\/alival.com.co\/en\/wp-json\/wp\/v2\/pages\/2824\/revisions"}],"predecessor-version":[{"id":9678,"href":"https:\/\/alival.com.co\/en\/wp-json\/wp\/v2\/pages\/2824\/revisions\/9678"}],"wp:attachment":[{"href":"https:\/\/alival.com.co\/en\/wp-json\/wp\/v2\/media?parent=2824"}],"curies":[{"name":"wp","href":"https:\/\/api.w.org\/{rel}","templated":true}]}}