{"id":2820,"date":"2023-04-24T16:27:45","date_gmt":"2023-04-24T16:27:45","guid":{"rendered":"https:\/\/alival.com.co\/?page_id=2820"},"modified":"2025-07-28T19:07:57","modified_gmt":"2025-07-28T19:07:57","slug":"leche-condensada","status":"publish","type":"page","link":"https:\/\/alival.com.co\/en\/leche-condensada\/","title":{"rendered":"Condensed Milk"},"content":{"rendered":"\t\t<div data-elementor-type=\"wp-page\" data-elementor-id=\"2820\" class=\"elementor elementor-2820\" data-elementor-post-type=\"page\">\n\t\t\t\t\t\t<section class=\"elementor-section elementor-top-section elementor-element elementor-element-11ef9d07 elementor-section-boxed elementor-section-height-default elementor-section-height-default\" data-id=\"11ef9d07\" data-element_type=\"section\" data-e-type=\"section\" data-settings=\"{&quot;background_background&quot;:&quot;classic&quot;}\">\n\t\t\t\t\t\t\t<div class=\"elementor-background-overlay\"><\/div>\n\t\t\t\t\t\t\t<div class=\"elementor-container elementor-column-gap-default\">\n\t\t\t\t\t<div class=\"elementor-column elementor-col-50 elementor-top-column elementor-element elementor-element-685827b1\" data-id=\"685827b1\" data-element_type=\"column\" data-e-type=\"column\">\n\t\t\t<div class=\"elementor-widget-wrap elementor-element-populated\">\n\t\t\t\t\t\t<div class=\"elementor-element elementor-element-165887c9 shapes-leche e-transform elementor-widget elementor-widget-image\" data-id=\"165887c9\" data-element_type=\"widget\" data-e-type=\"widget\" data-settings=\"{&quot;_transform_rotateZ_effect&quot;:{&quot;unit&quot;:&quot;px&quot;,&quot;size&quot;:-2,&quot;sizes&quot;:[]},&quot;_transform_rotateZ_effect_tablet&quot;:{&quot;unit&quot;:&quot;deg&quot;,&quot;size&quot;:&quot;&quot;,&quot;sizes&quot;:[]},&quot;_transform_rotateZ_effect_mobile&quot;:{&quot;unit&quot;:&quot;deg&quot;,&quot;size&quot;:&quot;&quot;,&quot;sizes&quot;:[]}}\" data-widget_type=\"image.default\">\n\t\t\t\t<div class=\"elementor-widget-container\">\n\t\t\t\t\t\t\t\t\t\t\t\t\t\t\t<img fetchpriority=\"high\" decoding=\"async\" width=\"1000\" height=\"1000\" src=\"https:\/\/alival.com.co\/wp-content\/uploads\/2024\/04\/LECHE-CONDENSADA_-1.png\" class=\"attachment-full size-full wp-image-8887\" alt=\"\" srcset=\"https:\/\/alival.com.co\/wp-content\/uploads\/2024\/04\/LECHE-CONDENSADA_-1.png 1000w, https:\/\/alival.com.co\/wp-content\/uploads\/2024\/04\/LECHE-CONDENSADA_-1-300x300.png 300w, https:\/\/alival.com.co\/wp-content\/uploads\/2024\/04\/LECHE-CONDENSADA_-1-150x150.png 150w, https:\/\/alival.com.co\/wp-content\/uploads\/2024\/04\/LECHE-CONDENSADA_-1-768x768.png 768w\" sizes=\"(max-width: 1000px) 100vw, 1000px\" \/>\t\t\t\t\t\t\t\t\t\t\t\t\t\t\t<\/div>\n\t\t\t\t<\/div>\n\t\t\t\t\t<\/div>\n\t\t<\/div>\n\t\t\t\t<div class=\"elementor-column elementor-col-50 elementor-top-column elementor-element elementor-element-60537ed6\" data-id=\"60537ed6\" data-element_type=\"column\" data-e-type=\"column\">\n\t\t\t<div class=\"elementor-widget-wrap elementor-element-populated\">\n\t\t\t\t\t\t<div class=\"elementor-element elementor-element-5d90c571 elementor-widget elementor-widget-heading\" data-id=\"5d90c571\" data-element_type=\"widget\" data-e-type=\"widget\" data-widget_type=\"heading.default\">\n\t\t\t\t<div class=\"elementor-widget-container\">\n\t\t\t\t\t<h2 class=\"elementor-heading-title elementor-size-default\">Leche Condensada<\/h2>\t\t\t\t<\/div>\n\t\t\t\t<\/div>\n\t\t\t\t<div class=\"elementor-element elementor-element-6eb4df28 elementor-widget elementor-widget-text-editor\" data-id=\"6eb4df28\" data-element_type=\"widget\" data-e-type=\"widget\" data-widget_type=\"text-editor.default\">\n\t\t\t\t<div class=\"elementor-widget-container\">\n\t\t\t\t\t\t\t\t\t<p>Es el ingrediente secreto para preparar postres irresistibles. Descubre nuevas formas de disfrutarla en la cocina y sorprende a tus seres queridos con deliciosas recetas.<\/p>\t\t\t\t\t\t\t\t<\/div>\n\t\t\t\t<\/div>\n\t\t\t\t\t<\/div>\n\t\t<\/div>\n\t\t\t\t\t<\/div>\n\t\t<\/section>\n\t\t\t\t<section class=\"elementor-section elementor-top-section elementor-element elementor-element-2a382079 elementor-section-height-min-height elementor-section-boxed elementor-section-height-default elementor-section-items-middle\" data-id=\"2a382079\" data-element_type=\"section\" data-e-type=\"section\" data-settings=\"{&quot;background_background&quot;:&quot;classic&quot;}\">\n\t\t\t\t\t\t\t<div class=\"elementor-background-overlay\"><\/div>\n\t\t\t\t\t\t\t<div class=\"elementor-container elementor-column-gap-default\">\n\t\t\t\t\t<div class=\"elementor-column elementor-col-50 elementor-top-column elementor-element elementor-element-5d577d49\" data-id=\"5d577d49\" data-element_type=\"column\" data-e-type=\"column\" data-settings=\"{&quot;background_background&quot;:&quot;classic&quot;}\">\n\t\t\t<div class=\"elementor-widget-wrap elementor-element-populated\">\n\t\t\t\t\t\t<div class=\"elementor-element elementor-element-6ebcb38 elementor-widget elementor-widget-text-editor\" data-id=\"6ebcb38\" data-element_type=\"widget\" data-e-type=\"widget\" data-widget_type=\"text-editor.default\">\n\t\t\t\t<div class=\"elementor-widget-container\">\n\t\t\t\t\t\t\t\t\t<p><strong>Leche condensada azucarada semidescremada.<\/strong><\/p>\n<p><b>INGREDIENTES:&nbsp;<\/b>&nbsp;Leche higienizada l\u00edquida y\/o reconstituida, agua, az\u00facar, glucosa, leche en polvo, regulador de acidez (citrato de sodio), Estabilizante (polifosfato de sodio), conservantes (Sorbato de potasio, benzoato de sodio). Al\u00e9rgenos: Contiene Leche.<\/p>\n<p><b>GRASA TOTAL: <\/b>3 gramos por cada 100g.<\/p>\n<p><b>EMPAQUE:<\/b>&nbsp;Bolsa sellable tipo doypack.<\/p><p><b>VIDA \u00daTIL:<\/b> 90 d\u00edas.<\/p>\n<p><b>MODO DE CONSERVACI\u00d3N: <\/b>Cons\u00e9rvese a temperatura ambiente en un lugar fresco y seco, despu\u00e9s de abierto mant\u00e9ngase refrigerado y consumirse en el menor tiempo posible.<\/p>\t\t\t\t\t\t\t\t<\/div>\n\t\t\t\t<\/div>\n\t\t\t\t<div class=\"elementor-element elementor-element-6af14fe elementor-widget elementor-widget-gallery\" data-id=\"6af14fe\" data-element_type=\"widget\" data-e-type=\"widget\" data-settings=\"{&quot;gallery_layout&quot;:&quot;masonry&quot;,&quot;lazyload&quot;:&quot;yes&quot;,&quot;columns&quot;:4,&quot;columns_tablet&quot;:2,&quot;columns_mobile&quot;:1,&quot;gap&quot;:{&quot;unit&quot;:&quot;px&quot;,&quot;size&quot;:10,&quot;sizes&quot;:[]},&quot;gap_tablet&quot;:{&quot;unit&quot;:&quot;px&quot;,&quot;size&quot;:10,&quot;sizes&quot;:[]},&quot;gap_mobile&quot;:{&quot;unit&quot;:&quot;px&quot;,&quot;size&quot;:10,&quot;sizes&quot;:[]},&quot;link_to&quot;:&quot;file&quot;,&quot;overlay_background&quot;:&quot;yes&quot;,&quot;content_hover_animation&quot;:&quot;fade-in&quot;}\" data-widget_type=\"gallery.default\">\n\t\t\t\t<div class=\"elementor-widget-container\">\n\t\t\t\t\t\t\t<div class=\"elementor-gallery__container\">\n\t\t\t\t\t\t\t<a class=\"e-gallery-item elementor-gallery-item elementor-animated-content\" href=\"https:\/\/alival.com.co\/wp-content\/uploads\/2025\/07\/LECHE-CONDENSADA-X-100.jpg\" data-elementor-open-lightbox=\"yes\" data-elementor-lightbox-slideshow=\"6af14fe\" data-elementor-lightbox-title=\"LECHE CONDENSADA X 100\" data-e-action-hash=\"#elementor-action%3Aaction%3Dlightbox%26settings%3DeyJpZCI6MTIwOTMsInVybCI6Imh0dHBzOlwvXC9hbGl2YWwuY29tLmNvXC93cC1jb250ZW50XC91cGxvYWRzXC8yMDI1XC8wN1wvTEVDSEUtQ09OREVOU0FEQS1YLTEwMC5qcGciLCJzbGlkZXNob3ciOiI2YWYxNGZlIn0%3D\">\n\t\t\t\t\t<div class=\"e-gallery-image elementor-gallery-item__image\" data-thumbnail=\"https:\/\/alival.com.co\/wp-content\/uploads\/2025\/07\/LECHE-CONDENSADA-X-100-300x300.jpg\" data-width=\"300\" data-height=\"300\" aria-label=\"\" role=\"img\" ><\/div>\n\t\t\t\t\t\t\t\t\t\t\t<div class=\"elementor-gallery-item__overlay\"><\/div>\n\t\t\t\t\t\t\t\t\t\t\t\t\t\t<\/a>\n\t\t\t\t\t\t\t<a class=\"e-gallery-item elementor-gallery-item elementor-animated-content\" href=\"https:\/\/alival.com.co\/wp-content\/uploads\/2024\/04\/LECHE-CONDENSADA-.jpg\" data-elementor-open-lightbox=\"yes\" data-elementor-lightbox-slideshow=\"6af14fe\" data-elementor-lightbox-title=\"LECHE CONDENSADA\" data-e-action-hash=\"#elementor-action%3Aaction%3Dlightbox%26settings%3DeyJpZCI6ODg4OCwidXJsIjoiaHR0cHM6XC9cL2FsaXZhbC5jb20uY29cL3dwLWNvbnRlbnRcL3VwbG9hZHNcLzIwMjRcLzA0XC9MRUNIRS1DT05ERU5TQURBLS5qcGciLCJzbGlkZXNob3ciOiI2YWYxNGZlIn0%3D\">\n\t\t\t\t\t<div class=\"e-gallery-image elementor-gallery-item__image\" data-thumbnail=\"https:\/\/alival.com.co\/wp-content\/uploads\/2024\/04\/LECHE-CONDENSADA--300x300.jpg\" data-width=\"300\" data-height=\"300\" aria-label=\"\" role=\"img\" ><\/div>\n\t\t\t\t\t\t\t\t\t\t\t<div class=\"elementor-gallery-item__overlay\"><\/div>\n\t\t\t\t\t\t\t\t\t\t\t\t\t\t<\/a>\n\t\t\t\t\t\t\t<a class=\"e-gallery-item elementor-gallery-item elementor-animated-content\" href=\"https:\/\/alival.com.co\/wp-content\/uploads\/2025\/07\/LECHE-CONDENSADA-X1000.jpg\" data-elementor-open-lightbox=\"yes\" data-elementor-lightbox-slideshow=\"6af14fe\" data-elementor-lightbox-title=\"LECHE CONDENSADA X1000\" data-e-action-hash=\"#elementor-action%3Aaction%3Dlightbox%26settings%3DeyJpZCI6MTIwOTQsInVybCI6Imh0dHBzOlwvXC9hbGl2YWwuY29tLmNvXC93cC1jb250ZW50XC91cGxvYWRzXC8yMDI1XC8wN1wvTEVDSEUtQ09OREVOU0FEQS1YMTAwMC5qcGciLCJzbGlkZXNob3ciOiI2YWYxNGZlIn0%3D\">\n\t\t\t\t\t<div class=\"e-gallery-image elementor-gallery-item__image\" data-thumbnail=\"https:\/\/alival.com.co\/wp-content\/uploads\/2025\/07\/LECHE-CONDENSADA-X1000-300x300.jpg\" data-width=\"300\" data-height=\"300\" aria-label=\"\" role=\"img\" ><\/div>\n\t\t\t\t\t\t\t\t\t\t\t<div class=\"elementor-gallery-item__overlay\"><\/div>\n\t\t\t\t\t\t\t\t\t\t\t\t\t\t<\/a>\n\t\t\t\t\t<\/div>\n\t\t\t\t\t<\/div>\n\t\t\t\t<\/div>\n\t\t\t\t\t<\/div>\n\t\t<\/div>\n\t\t\t\t<div class=\"elementor-column elementor-col-50 elementor-top-column elementor-element elementor-element-3bdfc94f\" data-id=\"3bdfc94f\" data-element_type=\"column\" data-e-type=\"column\">\n\t\t\t<div class=\"elementor-widget-wrap elementor-element-populated\">\n\t\t\t\t\t\t<div class=\"elementor-element elementor-element-aee1303 elementor-invisible elementor-widget elementor-widget-image\" data-id=\"aee1303\" data-element_type=\"widget\" data-e-type=\"widget\" data-settings=\"{&quot;motion_fx_motion_fx_scrolling&quot;:&quot;yes&quot;,&quot;motion_fx_rotateZ_effect&quot;:&quot;yes&quot;,&quot;motion_fx_rotateZ_speed&quot;:{&quot;unit&quot;:&quot;px&quot;,&quot;size&quot;:0.4,&quot;sizes&quot;:[]},&quot;motion_fx_rotateZ_affectedRange&quot;:{&quot;unit&quot;:&quot;%&quot;,&quot;size&quot;:&quot;&quot;,&quot;sizes&quot;:{&quot;start&quot;:8,&quot;end&quot;:92}},&quot;motion_fx_motion_fx_mouse&quot;:&quot;yes&quot;,&quot;motion_fx_mouseTrack_effect&quot;:&quot;yes&quot;,&quot;motion_fx_mouseTrack_direction&quot;:&quot;negative&quot;,&quot;_animation&quot;:&quot;tada&quot;,&quot;motion_fx_devices&quot;:[&quot;desktop&quot;,&quot;tablet&quot;,&quot;mobile&quot;],&quot;motion_fx_mouseTrack_speed&quot;:{&quot;unit&quot;:&quot;px&quot;,&quot;size&quot;:1,&quot;sizes&quot;:[]}}\" data-widget_type=\"image.default\">\n\t\t\t\t<div class=\"elementor-widget-container\">\n\t\t\t\t\t\t\t\t\t\t\t\t\t\t\t<img decoding=\"async\" width=\"800\" height=\"800\" src=\"https:\/\/alival.com.co\/wp-content\/uploads\/2024\/04\/LECHE-CONDENSADA_-1.png\" class=\"attachment-large size-large wp-image-8887\" alt=\"\" srcset=\"https:\/\/alival.com.co\/wp-content\/uploads\/2024\/04\/LECHE-CONDENSADA_-1.png 1000w, https:\/\/alival.com.co\/wp-content\/uploads\/2024\/04\/LECHE-CONDENSADA_-1-300x300.png 300w, https:\/\/alival.com.co\/wp-content\/uploads\/2024\/04\/LECHE-CONDENSADA_-1-150x150.png 150w, https:\/\/alival.com.co\/wp-content\/uploads\/2024\/04\/LECHE-CONDENSADA_-1-768x768.png 768w\" sizes=\"(max-width: 800px) 100vw, 800px\" \/>\t\t\t\t\t\t\t\t\t\t\t\t\t\t\t<\/div>\n\t\t\t\t<\/div>\n\t\t\t\t\t<\/div>\n\t\t<\/div>\n\t\t\t\t\t<\/div>\n\t\t<\/section>\n\t\t\t\t<section class=\"elementor-section elementor-top-section elementor-element elementor-element-8762e83 elementor-section-boxed elementor-section-height-default elementor-section-height-default\" data-id=\"8762e83\" data-element_type=\"section\" data-e-type=\"section\" data-settings=\"{&quot;background_background&quot;:&quot;classic&quot;}\">\n\t\t\t\t\t\t<div class=\"elementor-container elementor-column-gap-wider\">\n\t\t\t\t\t<div class=\"elementor-column elementor-col-33 elementor-top-column elementor-element elementor-element-1fd6fcaf\" data-id=\"1fd6fcaf\" data-element_type=\"column\" data-e-type=\"column\">\n\t\t\t<div class=\"elementor-widget-wrap elementor-element-populated\">\n\t\t\t\t\t\t<div class=\"elementor-element elementor-element-4b12bacd elementor-widget elementor-widget-image\" data-id=\"4b12bacd\" data-element_type=\"widget\" data-e-type=\"widget\" data-widget_type=\"image.default\">\n\t\t\t\t<div class=\"elementor-widget-container\">\n\t\t\t\t\t\t\t\t\t\t\t\t\t\t\t\t<a href=\"https:\/\/alival.com.co\/express\/\">\n\t\t\t\t\t\t\t<img decoding=\"async\" width=\"414\" height=\"414\" src=\"https:\/\/alival.com.co\/wp-content\/uploads\/2023\/02\/Recurso-12.png\" class=\"attachment-full size-full wp-image-436\" alt=\"\" srcset=\"https:\/\/alival.com.co\/wp-content\/uploads\/2023\/02\/Recurso-12.png 414w, https:\/\/alival.com.co\/wp-content\/uploads\/2023\/02\/Recurso-12-300x300.png 300w, https:\/\/alival.com.co\/wp-content\/uploads\/2023\/02\/Recurso-12-150x150.png 150w\" sizes=\"(max-width: 414px) 100vw, 414px\" \/>\t\t\t\t\t\t\t\t<\/a>\n\t\t\t\t\t\t\t\t\t\t\t\t\t\t\t<\/div>\n\t\t\t\t<\/div>\n\t\t\t\t\t<\/div>\n\t\t<\/div>\n\t\t\t\t<div class=\"elementor-column elementor-col-33 elementor-top-column elementor-element elementor-element-20b215d1\" data-id=\"20b215d1\" data-element_type=\"column\" data-e-type=\"column\">\n\t\t\t<div class=\"elementor-widget-wrap elementor-element-populated\">\n\t\t\t\t\t\t<div class=\"elementor-element elementor-element-1a5af078 elementor-widget elementor-widget-image\" data-id=\"1a5af078\" data-element_type=\"widget\" data-e-type=\"widget\" data-widget_type=\"image.default\">\n\t\t\t\t<div class=\"elementor-widget-container\">\n\t\t\t\t\t\t\t\t\t\t\t\t\t\t\t<img fetchpriority=\"high\" decoding=\"async\" width=\"1000\" height=\"1000\" src=\"https:\/\/alival.com.co\/wp-content\/uploads\/2024\/04\/LECHE-CONDENSADA_-1.png\" class=\"attachment-full size-full wp-image-8887\" alt=\"\" srcset=\"https:\/\/alival.com.co\/wp-content\/uploads\/2024\/04\/LECHE-CONDENSADA_-1.png 1000w, https:\/\/alival.com.co\/wp-content\/uploads\/2024\/04\/LECHE-CONDENSADA_-1-300x300.png 300w, https:\/\/alival.com.co\/wp-content\/uploads\/2024\/04\/LECHE-CONDENSADA_-1-150x150.png 150w, https:\/\/alival.com.co\/wp-content\/uploads\/2024\/04\/LECHE-CONDENSADA_-1-768x768.png 768w\" sizes=\"(max-width: 1000px) 100vw, 1000px\" \/>\t\t\t\t\t\t\t\t\t\t\t\t\t\t\t<\/div>\n\t\t\t\t<\/div>\n\t\t\t\t\t<\/div>\n\t\t<\/div>\n\t\t\t\t<div class=\"elementor-column elementor-col-33 elementor-top-column elementor-element elementor-element-591c0f82\" data-id=\"591c0f82\" data-element_type=\"column\" data-e-type=\"column\">\n\t\t\t<div class=\"elementor-widget-wrap elementor-element-populated\">\n\t\t\t\t\t\t<div class=\"elementor-element elementor-element-21eb14e2 elementor-widget elementor-widget-image\" data-id=\"21eb14e2\" data-element_type=\"widget\" data-e-type=\"widget\" data-widget_type=\"image.default\">\n\t\t\t\t<div class=\"elementor-widget-container\">\n\t\t\t\t\t\t\t\t\t\t\t\t\t\t\t\t<a href=\"https:\/\/alival.com.co\/contactanos\/\">\n\t\t\t\t\t\t\t<img loading=\"lazy\" decoding=\"async\" width=\"414\" height=\"414\" src=\"https:\/\/alival.com.co\/wp-content\/uploads\/2023\/02\/Boton-vende-nuestros-productos.png\" class=\"attachment-full size-full wp-image-329\" alt=\"\" srcset=\"https:\/\/alival.com.co\/wp-content\/uploads\/2023\/02\/Boton-vende-nuestros-productos.png 414w, https:\/\/alival.com.co\/wp-content\/uploads\/2023\/02\/Boton-vende-nuestros-productos-300x300.png 300w, https:\/\/alival.com.co\/wp-content\/uploads\/2023\/02\/Boton-vende-nuestros-productos-150x150.png 150w\" sizes=\"(max-width: 414px) 100vw, 414px\" \/>\t\t\t\t\t\t\t\t<\/a>\n\t\t\t\t\t\t\t\t\t\t\t\t\t\t\t<\/div>\n\t\t\t\t<\/div>\n\t\t\t\t\t<\/div>\n\t\t<\/div>\n\t\t\t\t\t<\/div>\n\t\t<\/section>\n\t\t\t\t<section class=\"elementor-section elementor-top-section elementor-element elementor-element-13b9d8b0 elementor-section-boxed elementor-section-height-default elementor-section-height-default\" data-id=\"13b9d8b0\" data-element_type=\"section\" data-e-type=\"section\">\n\t\t\t\t\t\t<div class=\"elementor-container elementor-column-gap-default\">\n\t\t\t\t\t<div class=\"elementor-column elementor-col-100 elementor-top-column elementor-element elementor-element-4092aadf\" data-id=\"4092aadf\" data-element_type=\"column\" data-e-type=\"column\">\n\t\t\t<div class=\"elementor-widget-wrap elementor-element-populated\">\n\t\t\t\t\t\t<div class=\"elementor-element elementor-element-c17de24 elementor-widget elementor-widget-heading\" data-id=\"c17de24\" data-element_type=\"widget\" data-e-type=\"widget\" data-widget_type=\"heading.default\">\n\t\t\t\t<div class=\"elementor-widget-container\">\n\t\t\t\t\t<h2 class=\"elementor-heading-title elementor-size-default\">Tablas nutricionales<\/h2>\t\t\t\t<\/div>\n\t\t\t\t<\/div>\n\t\t\t\t\t<\/div>\n\t\t<\/div>\n\t\t\t\t\t<\/div>\n\t\t<\/section>\n\t\t\t\t<section class=\"elementor-section elementor-top-section elementor-element elementor-element-1c4fc623 elementor-section-boxed elementor-section-height-default elementor-section-height-default\" data-id=\"1c4fc623\" data-element_type=\"section\" data-e-type=\"section\">\n\t\t\t\t\t\t<div class=\"elementor-container elementor-column-gap-default\">\n\t\t\t\t\t<div class=\"elementor-column elementor-col-100 elementor-top-column elementor-element elementor-element-2670f937\" data-id=\"2670f937\" data-element_type=\"column\" data-e-type=\"column\">\n\t\t\t<div class=\"elementor-widget-wrap elementor-element-populated\">\n\t\t\t\t\t\t<div class=\"elementor-element elementor-element-49ed6cef elementor-skin-carousel elementor-arrows-yes elementor-pagination-type-bullets elementor-pagination-position-outside elementor-widget elementor-widget-media-carousel\" data-id=\"49ed6cef\" data-element_type=\"widget\" data-e-type=\"widget\" data-settings=\"{&quot;slides_per_view_mobile&quot;:&quot;1&quot;,&quot;slides_to_scroll_mobile&quot;:&quot;1&quot;,&quot;space_between_mobile&quot;:{&quot;unit&quot;:&quot;px&quot;,&quot;size&quot;:0,&quot;sizes&quot;:[]},&quot;slides_per_view&quot;:&quot;4&quot;,&quot;slides_per_view_tablet&quot;:&quot;2&quot;,&quot;slides_to_scroll&quot;:&quot;2&quot;,&quot;skin&quot;:&quot;carousel&quot;,&quot;effect&quot;:&quot;slide&quot;,&quot;show_arrows&quot;:&quot;yes&quot;,&quot;pagination&quot;:&quot;bullets&quot;,&quot;speed&quot;:500,&quot;autoplay&quot;:&quot;yes&quot;,&quot;autoplay_speed&quot;:5000,&quot;loop&quot;:&quot;yes&quot;,&quot;pause_on_hover&quot;:&quot;yes&quot;,&quot;pause_on_interaction&quot;:&quot;yes&quot;,&quot;space_between&quot;:{&quot;unit&quot;:&quot;px&quot;,&quot;size&quot;:10,&quot;sizes&quot;:[]},&quot;space_between_tablet&quot;:{&quot;unit&quot;:&quot;px&quot;,&quot;size&quot;:10,&quot;sizes&quot;:[]}}\" data-widget_type=\"media-carousel.default\">\n\t\t\t\t<div class=\"elementor-widget-container\">\n\t\t\t\t\t\t\t<div class=\"elementor-swiper\">\n\t\t\t<div class=\"elementor-main-swiper swiper-container\">\n\t\t\t\t<div class=\"swiper-wrapper\">\n\t\t\t\t\t\t\t\t\t\t\t<div class=\"swiper-slide\">\n\t\t\t\t\t\t\t<a href=\"https:\/\/alival.com.co\/crema-de-leche\/\">\t\t<div class=\"elementor-carousel-image\" role=\"img\" aria-label=\"TABLAS NUTRICIONALES-21\" style=\"background-image: url(&#039;https:\/\/alival.com.co\/wp-content\/uploads\/2024\/04\/TABLAS-NUTRICIONALES-21-1.png&#039;)\">\n\n\t\t\t\n\t\t\t\t\t<\/div>\n\t\t<\/a>\t\t\t\t\t\t<\/div>\n\t\t\t\t\t\t\t\t\t\t\t<div class=\"swiper-slide\">\n\t\t\t\t\t\t\t<a href=\"https:\/\/alival.com.co\/dulce-de-leche\/\">\t\t<div class=\"elementor-carousel-image\" role=\"img\" aria-label=\"TABLAS NUTRICIONALES-05\" style=\"background-image: url(&#039;https:\/\/alival.com.co\/wp-content\/uploads\/2024\/04\/TABLAS-NUTRICIONALES-05-1.png&#039;)\">\n\n\t\t\t\n\t\t\t\t\t<\/div>\n\t\t<\/a>\t\t\t\t\t\t<\/div>\n\t\t\t\t\t\t\t\t\t\t\t<div class=\"swiper-slide\">\n\t\t\t\t\t\t\t<a href=\"https:\/\/alival.com.co\/leche-condensada\/\">\t\t<div class=\"elementor-carousel-image\" role=\"img\" aria-label=\"TABLAS NUTRICIONALES-24\" style=\"background-image: url(&#039;https:\/\/alival.com.co\/wp-content\/uploads\/2024\/04\/TABLAS-NUTRICIONALES-24.png&#039;)\">\n\n\t\t\t\n\t\t\t\t\t<\/div>\n\t\t<\/a>\t\t\t\t\t\t<\/div>\n\t\t\t\t\t\t\t\t\t\t\t<div class=\"swiper-slide\">\n\t\t\t\t\t\t\t<a href=\"https:\/\/alival.com.co\/sour-cream\/\">\t\t<div class=\"elementor-carousel-image\" role=\"img\" aria-label=\"TABLAS NUTRICIONALES-18\" style=\"background-image: url(&#039;https:\/\/alival.com.co\/wp-content\/uploads\/2024\/04\/TABLAS-NUTRICIONALES-18.png&#039;)\">\n\n\t\t\t\n\t\t\t\t\t<\/div>\n\t\t<\/a>\t\t\t\t\t\t<\/div>\n\t\t\t\t\t\t\t\t\t\t\t<div class=\"swiper-slide\">\n\t\t\t\t\t\t\t<a href=\"https:\/\/alival.com.co\/suero-costeno\/\">\t\t<div class=\"elementor-carousel-image\" role=\"img\" aria-label=\"TABLAS NUTRICIONALES-25\" style=\"background-image: url(&#039;https:\/\/alival.com.co\/wp-content\/uploads\/2024\/04\/TABLAS-NUTRICIONALES-25.png&#039;)\">\n\n\t\t\t\n\t\t\t\t\t<\/div>\n\t\t<\/a>\t\t\t\t\t\t<\/div>\n\t\t\t\t\t\t\t\t\t\t\t<div class=\"swiper-slide\">\n\t\t\t\t\t\t\t<a href=\"https:\/\/alival.com.co\/mantequilla\/\">\t\t<div class=\"elementor-carousel-image\" role=\"img\" aria-label=\"TABLAS NUTRICIONALES-17\" style=\"background-image: url(&#039;https:\/\/alival.com.co\/wp-content\/uploads\/2024\/04\/TABLAS-NUTRICIONALES-17.png&#039;)\">\n\n\t\t\t\n\t\t\t\t\t<\/div>\n\t\t<\/a>\t\t\t\t\t\t<\/div>\n\t\t\t\t\t\t\t\t\t<\/div>\n\t\t\t\t\t\t\t\t\t\t\t\t\t\t\t<div class=\"swiper-pagination\"><\/div>\n\t\t\t\t\t\t\t\t\t\t\t\t\t\t\t\t<div class=\"elementor-swiper-button elementor-swiper-button-prev\" role=\"button\" tabindex=\"0\">\n\t\t\t\t\t\t\t<i aria-hidden=\"true\" class=\"eicon-chevron-left\"><\/i>\t\t\t\t\t\t\t<span class=\"elementor-screen-only\">Anterior<\/span>\n\t\t\t\t\t\t<\/div>\n\t\t\t\t\t\t<div class=\"elementor-swiper-button elementor-swiper-button-next\" role=\"button\" tabindex=\"0\">\n\t\t\t\t\t\t\t<i aria-hidden=\"true\" class=\"eicon-chevron-right\"><\/i>\t\t\t\t\t\t\t<span class=\"elementor-screen-only\">Siguiente<\/span>\n\t\t\t\t\t\t<\/div>\n\t\t\t\t\t\t\t\t\t\t\t\t<\/div>\n\t\t<\/div>\n\t\t\t\t\t\t<\/div>\n\t\t\t\t<\/div>\n\t\t\t\t\t<\/div>\n\t\t<\/div>\n\t\t\t\t\t<\/div>\n\t\t<\/section>\n\t\t\t\t<section class=\"elementor-section elementor-top-section elementor-element elementor-element-469b4bf elementor-section-full_width elementor-section-height-default elementor-section-height-default\" data-id=\"469b4bf\" data-element_type=\"section\" data-e-type=\"section\">\n\t\t\t\t\t\t<div class=\"elementor-container elementor-column-gap-narrow\">\n\t\t\t\t\t<div class=\"elementor-column elementor-col-100 elementor-top-column elementor-element elementor-element-150cb1e0\" data-id=\"150cb1e0\" data-element_type=\"column\" data-e-type=\"column\">\n\t\t\t<div class=\"elementor-widget-wrap elementor-element-populated\">\n\t\t\t\t\t\t<div class=\"elementor-element elementor-element-2d72515b elementor-widget elementor-widget-image\" data-id=\"2d72515b\" data-element_type=\"widget\" data-e-type=\"widget\" data-widget_type=\"image.default\">\n\t\t\t\t<div class=\"elementor-widget-container\">\n\t\t\t\t\t\t\t\t\t\t\t\t\t\t\t\t<a href=\"https:\/\/alival.com.co\/express\/\">\n\t\t\t\t\t\t\t<img loading=\"lazy\" decoding=\"async\" width=\"1641\" height=\"601\" src=\"https:\/\/alival.com.co\/wp-content\/uploads\/2024\/03\/banner-alival-express.png\" class=\"attachment-full size-full wp-image-8240\" alt=\"\" srcset=\"https:\/\/alival.com.co\/wp-content\/uploads\/2024\/03\/banner-alival-express.png 1641w, https:\/\/alival.com.co\/wp-content\/uploads\/2024\/03\/banner-alival-express-300x110.png 300w, https:\/\/alival.com.co\/wp-content\/uploads\/2024\/03\/banner-alival-express-1024x375.png 1024w, https:\/\/alival.com.co\/wp-content\/uploads\/2024\/03\/banner-alival-express-768x281.png 768w, https:\/\/alival.com.co\/wp-content\/uploads\/2024\/03\/banner-alival-express-1536x563.png 1536w\" sizes=\"(max-width: 1641px) 100vw, 1641px\" \/>\t\t\t\t\t\t\t\t<\/a>\n\t\t\t\t\t\t\t\t\t\t\t\t\t\t\t<\/div>\n\t\t\t\t<\/div>\n\t\t\t\t\t<\/div>\n\t\t<\/div>\n\t\t\t\t\t<\/div>\n\t\t<\/section>\n\t\t\t\t<\/div>\n\t\t","protected":false},"excerpt":{"rendered":"<p>Leche Condensada Es el ingrediente secreto para preparar postres irresistibles. Descubre nuevas formas de disfrutarla en la cocina y sorprende a tus seres queridos con deliciosas recetas. Leche condensada azucarada semidescremada. INGREDIENTES:&nbsp;&nbsp;Leche higienizada l\u00edquida y\/o reconstituida, agua, az\u00facar, glucosa, leche en polvo, regulador de acidez (citrato de sodio), Estabilizante (polifosfato de sodio), conservantes (Sorbato de [&hellip;]<\/p>\n","protected":false},"author":1,"featured_media":0,"parent":0,"menu_order":0,"comment_status":"closed","ping_status":"closed","template":"elementor_header_footer","meta":{"_acf_changed":false,"_joinchat":[],"footnotes":""},"class_list":["post-2820","page","type-page","status-publish","hentry"],"acf":[],"_links":{"self":[{"href":"https:\/\/alival.com.co\/en\/wp-json\/wp\/v2\/pages\/2820","targetHints":{"allow":["GET"]}}],"collection":[{"href":"https:\/\/alival.com.co\/en\/wp-json\/wp\/v2\/pages"}],"about":[{"href":"https:\/\/alival.com.co\/en\/wp-json\/wp\/v2\/types\/page"}],"author":[{"embeddable":true,"href":"https:\/\/alival.com.co\/en\/wp-json\/wp\/v2\/users\/1"}],"replies":[{"embeddable":true,"href":"https:\/\/alival.com.co\/en\/wp-json\/wp\/v2\/comments?post=2820"}],"version-history":[{"count":76,"href":"https:\/\/alival.com.co\/en\/wp-json\/wp\/v2\/pages\/2820\/revisions"}],"predecessor-version":[{"id":12097,"href":"https:\/\/alival.com.co\/en\/wp-json\/wp\/v2\/pages\/2820\/revisions\/12097"}],"wp:attachment":[{"href":"https:\/\/alival.com.co\/en\/wp-json\/wp\/v2\/media?parent=2820"}],"curies":[{"name":"wp","href":"https:\/\/api.w.org\/{rel}","templated":true}]}}