{"id":2816,"date":"2023-04-24T16:26:41","date_gmt":"2023-04-24T16:26:41","guid":{"rendered":"https:\/\/alival.com.co\/?page_id=2816"},"modified":"2025-07-29T14:08:00","modified_gmt":"2025-07-29T14:08:00","slug":"crema-de-leche","status":"publish","type":"page","link":"https:\/\/alival.com.co\/en\/crema-de-leche\/","title":{"rendered":"Heavy Cream"},"content":{"rendered":"\t\t<div data-elementor-type=\"wp-page\" data-elementor-id=\"2816\" class=\"elementor elementor-2816\" data-elementor-post-type=\"page\">\n\t\t\t\t\t\t<section class=\"elementor-section elementor-top-section elementor-element elementor-element-6295254e elementor-section-boxed elementor-section-height-default elementor-section-height-default\" data-id=\"6295254e\" data-element_type=\"section\" data-e-type=\"section\" data-settings=\"{&quot;background_background&quot;:&quot;classic&quot;}\">\n\t\t\t\t\t\t\t<div class=\"elementor-background-overlay\"><\/div>\n\t\t\t\t\t\t\t<div class=\"elementor-container elementor-column-gap-default\">\n\t\t\t\t\t<div class=\"elementor-column elementor-col-50 elementor-top-column elementor-element elementor-element-38c0ea90\" data-id=\"38c0ea90\" data-element_type=\"column\" data-e-type=\"column\">\n\t\t\t<div class=\"elementor-widget-wrap elementor-element-populated\">\n\t\t\t\t\t\t<div class=\"elementor-element elementor-element-77174978 shapes-leche e-transform elementor-widget__width-initial elementor-widget elementor-widget-image\" data-id=\"77174978\" data-element_type=\"widget\" data-e-type=\"widget\" data-settings=\"{&quot;_transform_rotateZ_effect&quot;:{&quot;unit&quot;:&quot;px&quot;,&quot;size&quot;:-2,&quot;sizes&quot;:[]},&quot;_transform_rotateZ_effect_tablet&quot;:{&quot;unit&quot;:&quot;deg&quot;,&quot;size&quot;:&quot;&quot;,&quot;sizes&quot;:[]},&quot;_transform_rotateZ_effect_mobile&quot;:{&quot;unit&quot;:&quot;deg&quot;,&quot;size&quot;:&quot;&quot;,&quot;sizes&quot;:[]}}\" data-widget_type=\"image.default\">\n\t\t\t\t<div class=\"elementor-widget-container\">\n\t\t\t\t\t\t\t\t\t\t\t\t\t\t\t<img fetchpriority=\"high\" decoding=\"async\" width=\"1000\" height=\"1000\" src=\"https:\/\/alival.com.co\/wp-content\/uploads\/2024\/03\/CREMA-DE-LECHE-EN-TETRA_.png\" class=\"attachment-full size-full wp-image-8194\" alt=\"\" srcset=\"https:\/\/alival.com.co\/wp-content\/uploads\/2024\/03\/CREMA-DE-LECHE-EN-TETRA_.png 1000w, https:\/\/alival.com.co\/wp-content\/uploads\/2024\/03\/CREMA-DE-LECHE-EN-TETRA_-300x300.png 300w, https:\/\/alival.com.co\/wp-content\/uploads\/2024\/03\/CREMA-DE-LECHE-EN-TETRA_-150x150.png 150w, https:\/\/alival.com.co\/wp-content\/uploads\/2024\/03\/CREMA-DE-LECHE-EN-TETRA_-768x768.png 768w\" sizes=\"(max-width: 1000px) 100vw, 1000px\" \/>\t\t\t\t\t\t\t\t\t\t\t\t\t\t\t<\/div>\n\t\t\t\t<\/div>\n\t\t\t\t\t<\/div>\n\t\t<\/div>\n\t\t\t\t<div class=\"elementor-column elementor-col-50 elementor-top-column elementor-element elementor-element-5fa674e2\" data-id=\"5fa674e2\" data-element_type=\"column\" data-e-type=\"column\">\n\t\t\t<div class=\"elementor-widget-wrap elementor-element-populated\">\n\t\t\t\t\t\t<div class=\"elementor-element elementor-element-61b751a1 elementor-widget elementor-widget-heading\" data-id=\"61b751a1\" data-element_type=\"widget\" data-e-type=\"widget\" data-widget_type=\"heading.default\">\n\t\t\t\t<div class=\"elementor-widget-container\">\n\t\t\t\t\t<h2 class=\"elementor-heading-title elementor-size-default\">Crema de Leche<\/h2>\t\t\t\t<\/div>\n\t\t\t\t<\/div>\n\t\t\t\t<div class=\"elementor-element elementor-element-8f4b110 elementor-widget elementor-widget-text-editor\" data-id=\"8f4b110\" data-element_type=\"widget\" data-e-type=\"widget\" data-widget_type=\"text-editor.default\">\n\t\t\t\t<div class=\"elementor-widget-container\">\n\t\t\t\t\t\t\t\t\t<p>Perfecta para darle a tus recetas un toque de suavidad y cremosidad para llevar tus recetas al siguiente nivel.<\/p>\t\t\t\t\t\t\t\t<\/div>\n\t\t\t\t<\/div>\n\t\t\t\t\t<\/div>\n\t\t<\/div>\n\t\t\t\t\t<\/div>\n\t\t<\/section>\n\t\t\t\t<section class=\"elementor-section elementor-top-section elementor-element elementor-element-58955439 elementor-section-height-min-height elementor-section-boxed elementor-section-height-default elementor-section-items-middle\" data-id=\"58955439\" data-element_type=\"section\" data-e-type=\"section\" data-settings=\"{&quot;background_background&quot;:&quot;classic&quot;}\">\n\t\t\t\t\t\t\t<div class=\"elementor-background-overlay\"><\/div>\n\t\t\t\t\t\t\t<div class=\"elementor-container elementor-column-gap-default\">\n\t\t\t\t\t<div class=\"elementor-column elementor-col-50 elementor-top-column elementor-element elementor-element-1da8054f\" data-id=\"1da8054f\" data-element_type=\"column\" data-e-type=\"column\" data-settings=\"{&quot;background_background&quot;:&quot;classic&quot;}\">\n\t\t\t<div class=\"elementor-widget-wrap elementor-element-populated\">\n\t\t\t\t\t\t<div class=\"elementor-element elementor-element-5eebb830 elementor-widget__width-initial elementor-widget elementor-widget-text-editor\" data-id=\"5eebb830\" data-element_type=\"widget\" data-e-type=\"widget\" data-widget_type=\"text-editor.default\">\n\t\t\t\t<div class=\"elementor-widget-container\">\n\t\t\t\t\t\t\t\t\t<p><strong>Crema de leche semientera UAT (UHT) y repostera.<\/strong><\/p><p><b>INGREDIENTES:\u00a0<\/b>Crema de leche semientera, Gelificantes (goma xantana, carragenina) y Estabilizante (Polifosfato de sodio). AL\u00c9RGENOS: Contiene leche.\u00a0<\/p><p><b>GRASA TOTAL:<\/b> Por cada 100gramos 21g para bolsa y 25g para repostera.<br \/><b>EMPAQUE:<\/b> Bolsa de polietileno de alta barrera y Tetra pak.<br \/><strong><span style=\"text-align: justify;\">VIDA \u00daTIL:<\/span><\/strong><span style=\"text-align: justify;\"> 73 d\u00edas en bolsa \u00a0 \u00a0 \u00a0 \u00a0 \u00a0 \u00a0 \u00a0 \u00a0 \u00a0 \u00a0 \u00a0 \u00a0 \u00a0 \u00a0 \u00a0 \u00a0 \u00a0 \u00a0 \u00a0 \u00a0 \u00a0 \u00a0 \u00a0 \u00a0 \u00a0 \u00a0 \u00a0 \u00a0 180 d\u00edas en Tetra Pak<\/span><\/p><p><b>MODO DE CONSERVACI\u00d3N: <\/b>Producto listo para consumir. No requiere refrigeraci\u00f3n, despu\u00e9s de abierto debe refrigerarse y consumirse en el menor tiempo posible. Apto para ni\u00f1os mayores de 4 a\u00f1os y adultos.<\/p>\t\t\t\t\t\t\t\t<\/div>\n\t\t\t\t<\/div>\n\t\t\t\t<div class=\"elementor-element elementor-element-540ee35 elementor-widget elementor-widget-gallery\" data-id=\"540ee35\" data-element_type=\"widget\" data-e-type=\"widget\" data-settings=\"{&quot;gallery_layout&quot;:&quot;masonry&quot;,&quot;lazyload&quot;:&quot;yes&quot;,&quot;columns&quot;:4,&quot;columns_tablet&quot;:2,&quot;columns_mobile&quot;:1,&quot;gap&quot;:{&quot;unit&quot;:&quot;px&quot;,&quot;size&quot;:10,&quot;sizes&quot;:[]},&quot;gap_tablet&quot;:{&quot;unit&quot;:&quot;px&quot;,&quot;size&quot;:10,&quot;sizes&quot;:[]},&quot;gap_mobile&quot;:{&quot;unit&quot;:&quot;px&quot;,&quot;size&quot;:10,&quot;sizes&quot;:[]},&quot;link_to&quot;:&quot;file&quot;,&quot;overlay_background&quot;:&quot;yes&quot;,&quot;content_hover_animation&quot;:&quot;fade-in&quot;}\" data-widget_type=\"gallery.default\">\n\t\t\t\t<div class=\"elementor-widget-container\">\n\t\t\t\t\t\t\t<div class=\"elementor-gallery__container\">\n\t\t\t\t\t\t\t<a class=\"e-gallery-item elementor-gallery-item elementor-animated-content\" href=\"https:\/\/alival.com.co\/wp-content\/uploads\/2024\/04\/CREMA-DE-LECHE-EN-BOLSA-.jpg\" data-elementor-open-lightbox=\"yes\" data-elementor-lightbox-slideshow=\"540ee35\" data-elementor-lightbox-title=\"CREMA DE LECHE EN BOLSA\" data-e-action-hash=\"#elementor-action%3Aaction%3Dlightbox%26settings%3DeyJpZCI6ODg1NCwidXJsIjoiaHR0cHM6XC9cL2FsaXZhbC5jb20uY29cL3dwLWNvbnRlbnRcL3VwbG9hZHNcLzIwMjRcLzA0XC9DUkVNQS1ERS1MRUNIRS1FTi1CT0xTQS0uanBnIiwic2xpZGVzaG93IjoiNTQwZWUzNSJ9\">\n\t\t\t\t\t<div class=\"e-gallery-image elementor-gallery-item__image\" data-thumbnail=\"https:\/\/alival.com.co\/wp-content\/uploads\/2024\/04\/CREMA-DE-LECHE-EN-BOLSA--300x300.jpg\" data-width=\"300\" data-height=\"300\" aria-label=\"\" role=\"img\" ><\/div>\n\t\t\t\t\t\t\t\t\t\t\t<div class=\"elementor-gallery-item__overlay\"><\/div>\n\t\t\t\t\t\t\t\t\t\t\t\t\t\t<\/a>\n\t\t\t\t\t\t\t<a class=\"e-gallery-item elementor-gallery-item elementor-animated-content\" href=\"https:\/\/alival.com.co\/wp-content\/uploads\/2024\/04\/CREMA-DE-LECHE-EN-TETRA-.jpg\" data-elementor-open-lightbox=\"yes\" data-elementor-lightbox-slideshow=\"540ee35\" data-elementor-lightbox-title=\"CREMA DE LECHE EN TETRA\" data-e-action-hash=\"#elementor-action%3Aaction%3Dlightbox%26settings%3DeyJpZCI6ODg1NSwidXJsIjoiaHR0cHM6XC9cL2FsaXZhbC5jb20uY29cL3dwLWNvbnRlbnRcL3VwbG9hZHNcLzIwMjRcLzA0XC9DUkVNQS1ERS1MRUNIRS1FTi1URVRSQS0uanBnIiwic2xpZGVzaG93IjoiNTQwZWUzNSJ9\">\n\t\t\t\t\t<div class=\"e-gallery-image elementor-gallery-item__image\" data-thumbnail=\"https:\/\/alival.com.co\/wp-content\/uploads\/2024\/04\/CREMA-DE-LECHE-EN-TETRA--300x300.jpg\" data-width=\"300\" data-height=\"300\" aria-label=\"\" role=\"img\" ><\/div>\n\t\t\t\t\t\t\t\t\t\t\t<div class=\"elementor-gallery-item__overlay\"><\/div>\n\t\t\t\t\t\t\t\t\t\t\t\t\t\t<\/a>\n\t\t\t\t\t<\/div>\n\t\t\t\t\t<\/div>\n\t\t\t\t<\/div>\n\t\t\t\t\t<\/div>\n\t\t<\/div>\n\t\t\t\t<div class=\"elementor-column elementor-col-50 elementor-top-column elementor-element elementor-element-bdba010\" data-id=\"bdba010\" data-element_type=\"column\" data-e-type=\"column\">\n\t\t\t<div class=\"elementor-widget-wrap elementor-element-populated\">\n\t\t\t\t\t\t<div class=\"elementor-element elementor-element-5114115 elementor-invisible elementor-widget elementor-widget-image\" data-id=\"5114115\" data-element_type=\"widget\" data-e-type=\"widget\" data-settings=\"{&quot;motion_fx_motion_fx_scrolling&quot;:&quot;yes&quot;,&quot;motion_fx_rotateZ_effect&quot;:&quot;yes&quot;,&quot;motion_fx_rotateZ_speed&quot;:{&quot;unit&quot;:&quot;px&quot;,&quot;size&quot;:0.4,&quot;sizes&quot;:[]},&quot;motion_fx_rotateZ_affectedRange&quot;:{&quot;unit&quot;:&quot;%&quot;,&quot;size&quot;:&quot;&quot;,&quot;sizes&quot;:{&quot;start&quot;:8,&quot;end&quot;:92}},&quot;motion_fx_motion_fx_mouse&quot;:&quot;yes&quot;,&quot;motion_fx_mouseTrack_effect&quot;:&quot;yes&quot;,&quot;motion_fx_mouseTrack_direction&quot;:&quot;negative&quot;,&quot;_animation&quot;:&quot;tada&quot;,&quot;motion_fx_devices&quot;:[&quot;desktop&quot;,&quot;tablet&quot;,&quot;mobile&quot;],&quot;motion_fx_mouseTrack_speed&quot;:{&quot;unit&quot;:&quot;px&quot;,&quot;size&quot;:1,&quot;sizes&quot;:[]}}\" data-widget_type=\"image.default\">\n\t\t\t\t<div class=\"elementor-widget-container\">\n\t\t\t\t\t\t\t\t\t\t\t\t\t\t\t<img decoding=\"async\" width=\"800\" height=\"800\" src=\"https:\/\/alival.com.co\/wp-content\/uploads\/2024\/03\/CREMA-DE-LECHE-EN-TETRA_.png\" class=\"attachment-large size-large wp-image-8194\" alt=\"\" srcset=\"https:\/\/alival.com.co\/wp-content\/uploads\/2024\/03\/CREMA-DE-LECHE-EN-TETRA_.png 1000w, https:\/\/alival.com.co\/wp-content\/uploads\/2024\/03\/CREMA-DE-LECHE-EN-TETRA_-300x300.png 300w, https:\/\/alival.com.co\/wp-content\/uploads\/2024\/03\/CREMA-DE-LECHE-EN-TETRA_-150x150.png 150w, https:\/\/alival.com.co\/wp-content\/uploads\/2024\/03\/CREMA-DE-LECHE-EN-TETRA_-768x768.png 768w\" sizes=\"(max-width: 800px) 100vw, 800px\" \/>\t\t\t\t\t\t\t\t\t\t\t\t\t\t\t<\/div>\n\t\t\t\t<\/div>\n\t\t\t\t\t<\/div>\n\t\t<\/div>\n\t\t\t\t\t<\/div>\n\t\t<\/section>\n\t\t\t\t<section class=\"elementor-section elementor-top-section elementor-element elementor-element-6db42b71 elementor-section-boxed elementor-section-height-default elementor-section-height-default\" data-id=\"6db42b71\" data-element_type=\"section\" data-e-type=\"section\" data-settings=\"{&quot;background_background&quot;:&quot;classic&quot;}\">\n\t\t\t\t\t\t<div class=\"elementor-container elementor-column-gap-wider\">\n\t\t\t\t\t<div class=\"elementor-column elementor-col-33 elementor-top-column elementor-element elementor-element-63dc9848\" data-id=\"63dc9848\" data-element_type=\"column\" data-e-type=\"column\">\n\t\t\t<div class=\"elementor-widget-wrap elementor-element-populated\">\n\t\t\t\t\t\t<div class=\"elementor-element elementor-element-e2b4e7f elementor-widget elementor-widget-image\" data-id=\"e2b4e7f\" data-element_type=\"widget\" data-e-type=\"widget\" data-widget_type=\"image.default\">\n\t\t\t\t<div class=\"elementor-widget-container\">\n\t\t\t\t\t\t\t\t\t\t\t\t\t\t\t\t<a href=\"https:\/\/alival.com.co\/express\/\">\n\t\t\t\t\t\t\t<img decoding=\"async\" width=\"414\" height=\"414\" src=\"https:\/\/alival.com.co\/wp-content\/uploads\/2023\/02\/Recurso-12.png\" class=\"attachment-full size-full wp-image-436\" alt=\"\" srcset=\"https:\/\/alival.com.co\/wp-content\/uploads\/2023\/02\/Recurso-12.png 414w, https:\/\/alival.com.co\/wp-content\/uploads\/2023\/02\/Recurso-12-300x300.png 300w, https:\/\/alival.com.co\/wp-content\/uploads\/2023\/02\/Recurso-12-150x150.png 150w\" sizes=\"(max-width: 414px) 100vw, 414px\" \/>\t\t\t\t\t\t\t\t<\/a>\n\t\t\t\t\t\t\t\t\t\t\t\t\t\t\t<\/div>\n\t\t\t\t<\/div>\n\t\t\t\t\t<\/div>\n\t\t<\/div>\n\t\t\t\t<div class=\"elementor-column elementor-col-33 elementor-top-column elementor-element elementor-element-43399981\" data-id=\"43399981\" data-element_type=\"column\" data-e-type=\"column\">\n\t\t\t<div class=\"elementor-widget-wrap elementor-element-populated\">\n\t\t\t\t\t\t<div class=\"elementor-element elementor-element-35890098 elementor-widget__width-initial elementor-widget elementor-widget-image\" data-id=\"35890098\" data-element_type=\"widget\" data-e-type=\"widget\" data-widget_type=\"image.default\">\n\t\t\t\t<div class=\"elementor-widget-container\">\n\t\t\t\t\t\t\t\t\t\t\t\t\t\t\t<img fetchpriority=\"high\" decoding=\"async\" width=\"1000\" height=\"1000\" src=\"https:\/\/alival.com.co\/wp-content\/uploads\/2024\/03\/CREMA-DE-LECHE-EN-TETRA_.png\" class=\"attachment-full size-full wp-image-8194\" alt=\"\" srcset=\"https:\/\/alival.com.co\/wp-content\/uploads\/2024\/03\/CREMA-DE-LECHE-EN-TETRA_.png 1000w, https:\/\/alival.com.co\/wp-content\/uploads\/2024\/03\/CREMA-DE-LECHE-EN-TETRA_-300x300.png 300w, https:\/\/alival.com.co\/wp-content\/uploads\/2024\/03\/CREMA-DE-LECHE-EN-TETRA_-150x150.png 150w, https:\/\/alival.com.co\/wp-content\/uploads\/2024\/03\/CREMA-DE-LECHE-EN-TETRA_-768x768.png 768w\" sizes=\"(max-width: 1000px) 100vw, 1000px\" \/>\t\t\t\t\t\t\t\t\t\t\t\t\t\t\t<\/div>\n\t\t\t\t<\/div>\n\t\t\t\t\t<\/div>\n\t\t<\/div>\n\t\t\t\t<div class=\"elementor-column elementor-col-33 elementor-top-column elementor-element elementor-element-e728fa4\" data-id=\"e728fa4\" data-element_type=\"column\" data-e-type=\"column\">\n\t\t\t<div class=\"elementor-widget-wrap elementor-element-populated\">\n\t\t\t\t\t\t<div class=\"elementor-element elementor-element-6135e00a elementor-widget elementor-widget-image\" data-id=\"6135e00a\" data-element_type=\"widget\" data-e-type=\"widget\" data-widget_type=\"image.default\">\n\t\t\t\t<div class=\"elementor-widget-container\">\n\t\t\t\t\t\t\t\t\t\t\t\t\t\t\t\t<a href=\"https:\/\/alival.com.co\/contactanos\/\">\n\t\t\t\t\t\t\t<img loading=\"lazy\" decoding=\"async\" width=\"414\" height=\"414\" src=\"https:\/\/alival.com.co\/wp-content\/uploads\/2023\/02\/Boton-vende-nuestros-productos.png\" class=\"attachment-full size-full wp-image-329\" alt=\"\" srcset=\"https:\/\/alival.com.co\/wp-content\/uploads\/2023\/02\/Boton-vende-nuestros-productos.png 414w, https:\/\/alival.com.co\/wp-content\/uploads\/2023\/02\/Boton-vende-nuestros-productos-300x300.png 300w, https:\/\/alival.com.co\/wp-content\/uploads\/2023\/02\/Boton-vende-nuestros-productos-150x150.png 150w\" sizes=\"(max-width: 414px) 100vw, 414px\" \/>\t\t\t\t\t\t\t\t<\/a>\n\t\t\t\t\t\t\t\t\t\t\t\t\t\t\t<\/div>\n\t\t\t\t<\/div>\n\t\t\t\t\t<\/div>\n\t\t<\/div>\n\t\t\t\t\t<\/div>\n\t\t<\/section>\n\t\t\t\t<section class=\"elementor-section elementor-top-section elementor-element elementor-element-46e95f5d elementor-section-boxed elementor-section-height-default elementor-section-height-default\" data-id=\"46e95f5d\" data-element_type=\"section\" data-e-type=\"section\">\n\t\t\t\t\t\t<div class=\"elementor-container elementor-column-gap-default\">\n\t\t\t\t\t<div class=\"elementor-column elementor-col-100 elementor-top-column elementor-element elementor-element-5a377cb2\" data-id=\"5a377cb2\" data-element_type=\"column\" data-e-type=\"column\">\n\t\t\t<div class=\"elementor-widget-wrap elementor-element-populated\">\n\t\t\t\t\t\t<div class=\"elementor-element elementor-element-380ec03f elementor-widget elementor-widget-heading\" data-id=\"380ec03f\" data-element_type=\"widget\" data-e-type=\"widget\" data-widget_type=\"heading.default\">\n\t\t\t\t<div class=\"elementor-widget-container\">\n\t\t\t\t\t<h2 class=\"elementor-heading-title elementor-size-default\">Tablas nutricionales<\/h2>\t\t\t\t<\/div>\n\t\t\t\t<\/div>\n\t\t\t\t\t<\/div>\n\t\t<\/div>\n\t\t\t\t\t<\/div>\n\t\t<\/section>\n\t\t\t\t<section class=\"elementor-section elementor-top-section elementor-element elementor-element-621cd19f elementor-section-boxed elementor-section-height-default elementor-section-height-default\" data-id=\"621cd19f\" data-element_type=\"section\" data-e-type=\"section\">\n\t\t\t\t\t\t<div class=\"elementor-container elementor-column-gap-default\">\n\t\t\t\t\t<div class=\"elementor-column elementor-col-100 elementor-top-column elementor-element elementor-element-1c7e5c9e\" data-id=\"1c7e5c9e\" data-element_type=\"column\" data-e-type=\"column\">\n\t\t\t<div class=\"elementor-widget-wrap elementor-element-populated\">\n\t\t\t\t\t\t<div class=\"elementor-element elementor-element-273381a elementor-skin-carousel elementor-arrows-yes elementor-pagination-type-bullets elementor-pagination-position-outside elementor-widget elementor-widget-media-carousel\" data-id=\"273381a\" data-element_type=\"widget\" data-e-type=\"widget\" data-settings=\"{&quot;slides_per_view_mobile&quot;:&quot;1&quot;,&quot;slides_to_scroll_mobile&quot;:&quot;1&quot;,&quot;space_between_mobile&quot;:{&quot;unit&quot;:&quot;px&quot;,&quot;size&quot;:0,&quot;sizes&quot;:[]},&quot;slides_per_view&quot;:&quot;4&quot;,&quot;slides_per_view_tablet&quot;:&quot;2&quot;,&quot;slides_to_scroll&quot;:&quot;2&quot;,&quot;skin&quot;:&quot;carousel&quot;,&quot;effect&quot;:&quot;slide&quot;,&quot;show_arrows&quot;:&quot;yes&quot;,&quot;pagination&quot;:&quot;bullets&quot;,&quot;speed&quot;:500,&quot;autoplay&quot;:&quot;yes&quot;,&quot;autoplay_speed&quot;:5000,&quot;loop&quot;:&quot;yes&quot;,&quot;pause_on_hover&quot;:&quot;yes&quot;,&quot;pause_on_interaction&quot;:&quot;yes&quot;,&quot;space_between&quot;:{&quot;unit&quot;:&quot;px&quot;,&quot;size&quot;:10,&quot;sizes&quot;:[]},&quot;space_between_tablet&quot;:{&quot;unit&quot;:&quot;px&quot;,&quot;size&quot;:10,&quot;sizes&quot;:[]}}\" data-widget_type=\"media-carousel.default\">\n\t\t\t\t<div class=\"elementor-widget-container\">\n\t\t\t\t\t\t\t<div class=\"elementor-swiper\">\n\t\t\t<div class=\"elementor-main-swiper swiper-container\">\n\t\t\t\t<div class=\"swiper-wrapper\">\n\t\t\t\t\t\t\t\t\t\t\t<div class=\"swiper-slide\">\n\t\t\t\t\t\t\t<a href=\"https:\/\/alival.com.co\/crema-de-leche\/\">\t\t<div class=\"elementor-carousel-image\" role=\"img\" aria-label=\"TABLAS NUTRICIONALES-21\" style=\"background-image: url(&#039;https:\/\/alival.com.co\/wp-content\/uploads\/2024\/04\/TABLAS-NUTRICIONALES-21-1.png&#039;)\">\n\n\t\t\t\n\t\t\t\t\t<\/div>\n\t\t<\/a>\t\t\t\t\t\t<\/div>\n\t\t\t\t\t\t\t\t\t\t\t<div class=\"swiper-slide\">\n\t\t\t\t\t\t\t<a href=\"https:\/\/alival.com.co\/dulce-de-leche\/\">\t\t<div class=\"elementor-carousel-image\" role=\"img\" aria-label=\"TABLAS NUTRICIONALES-05\" style=\"background-image: url(&#039;https:\/\/alival.com.co\/wp-content\/uploads\/2024\/04\/TABLAS-NUTRICIONALES-05-1.png&#039;)\">\n\n\t\t\t\n\t\t\t\t\t<\/div>\n\t\t<\/a>\t\t\t\t\t\t<\/div>\n\t\t\t\t\t\t\t\t\t\t\t<div class=\"swiper-slide\">\n\t\t\t\t\t\t\t<a href=\"https:\/\/alival.com.co\/leche-condensada\/\">\t\t<div class=\"elementor-carousel-image\" role=\"img\" aria-label=\"TABLAS NUTRICIONALES-24\" style=\"background-image: url(&#039;https:\/\/alival.com.co\/wp-content\/uploads\/2024\/04\/TABLAS-NUTRICIONALES-24.png&#039;)\">\n\n\t\t\t\n\t\t\t\t\t<\/div>\n\t\t<\/a>\t\t\t\t\t\t<\/div>\n\t\t\t\t\t\t\t\t\t\t\t<div class=\"swiper-slide\">\n\t\t\t\t\t\t\t<a href=\"https:\/\/alival.com.co\/sour-cream\/\">\t\t<div class=\"elementor-carousel-image\" role=\"img\" aria-label=\"TABLAS NUTRICIONALES-18\" style=\"background-image: url(&#039;https:\/\/alival.com.co\/wp-content\/uploads\/2024\/04\/TABLAS-NUTRICIONALES-18.png&#039;)\">\n\n\t\t\t\n\t\t\t\t\t<\/div>\n\t\t<\/a>\t\t\t\t\t\t<\/div>\n\t\t\t\t\t\t\t\t\t\t\t<div class=\"swiper-slide\">\n\t\t\t\t\t\t\t<a href=\"https:\/\/alival.com.co\/suero-costeno\/\">\t\t<div class=\"elementor-carousel-image\" role=\"img\" aria-label=\"TABLAS NUTRICIONALES-25\" style=\"background-image: url(&#039;https:\/\/alival.com.co\/wp-content\/uploads\/2024\/04\/TABLAS-NUTRICIONALES-25.png&#039;)\">\n\n\t\t\t\n\t\t\t\t\t<\/div>\n\t\t<\/a>\t\t\t\t\t\t<\/div>\n\t\t\t\t\t\t\t\t\t\t\t<div class=\"swiper-slide\">\n\t\t\t\t\t\t\t<a href=\"https:\/\/alival.com.co\/mantequilla\/\">\t\t<div class=\"elementor-carousel-image\" role=\"img\" aria-label=\"TABLAS NUTRICIONALES-17\" style=\"background-image: url(&#039;https:\/\/alival.com.co\/wp-content\/uploads\/2024\/04\/TABLAS-NUTRICIONALES-17.png&#039;)\">\n\n\t\t\t\n\t\t\t\t\t<\/div>\n\t\t<\/a>\t\t\t\t\t\t<\/div>\n\t\t\t\t\t\t\t\t\t<\/div>\n\t\t\t\t\t\t\t\t\t\t\t\t\t\t\t<div class=\"swiper-pagination\"><\/div>\n\t\t\t\t\t\t\t\t\t\t\t\t\t\t\t\t<div class=\"elementor-swiper-button elementor-swiper-button-prev\" role=\"button\" tabindex=\"0\">\n\t\t\t\t\t\t\t<i aria-hidden=\"true\" class=\"eicon-chevron-left\"><\/i>\t\t\t\t\t\t\t<span class=\"elementor-screen-only\">Anterior<\/span>\n\t\t\t\t\t\t<\/div>\n\t\t\t\t\t\t<div class=\"elementor-swiper-button elementor-swiper-button-next\" role=\"button\" tabindex=\"0\">\n\t\t\t\t\t\t\t<i aria-hidden=\"true\" class=\"eicon-chevron-right\"><\/i>\t\t\t\t\t\t\t<span class=\"elementor-screen-only\">Siguiente<\/span>\n\t\t\t\t\t\t<\/div>\n\t\t\t\t\t\t\t\t\t\t\t\t<\/div>\n\t\t<\/div>\n\t\t\t\t\t\t<\/div>\n\t\t\t\t<\/div>\n\t\t\t\t\t<\/div>\n\t\t<\/div>\n\t\t\t\t\t<\/div>\n\t\t<\/section>\n\t\t\t\t<section class=\"elementor-section elementor-top-section elementor-element elementor-element-7f40b4aa elementor-section-full_width elementor-section-height-default elementor-section-height-default\" data-id=\"7f40b4aa\" data-element_type=\"section\" data-e-type=\"section\">\n\t\t\t\t\t\t<div class=\"elementor-container elementor-column-gap-narrow\">\n\t\t\t\t\t<div class=\"elementor-column elementor-col-100 elementor-top-column elementor-element elementor-element-21b942f6\" data-id=\"21b942f6\" data-element_type=\"column\" data-e-type=\"column\">\n\t\t\t<div class=\"elementor-widget-wrap elementor-element-populated\">\n\t\t\t\t\t\t<div class=\"elementor-element elementor-element-501cf5ad elementor-widget elementor-widget-image\" data-id=\"501cf5ad\" data-element_type=\"widget\" data-e-type=\"widget\" data-widget_type=\"image.default\">\n\t\t\t\t<div class=\"elementor-widget-container\">\n\t\t\t\t\t\t\t\t\t\t\t\t\t\t\t\t<a href=\"https:\/\/alival.com.co\/express\/\">\n\t\t\t\t\t\t\t<img loading=\"lazy\" decoding=\"async\" width=\"1641\" height=\"601\" src=\"https:\/\/alival.com.co\/wp-content\/uploads\/2024\/03\/banner-alival-express.png\" class=\"attachment-full size-full wp-image-8240\" alt=\"\" srcset=\"https:\/\/alival.com.co\/wp-content\/uploads\/2024\/03\/banner-alival-express.png 1641w, https:\/\/alival.com.co\/wp-content\/uploads\/2024\/03\/banner-alival-express-300x110.png 300w, https:\/\/alival.com.co\/wp-content\/uploads\/2024\/03\/banner-alival-express-1024x375.png 1024w, https:\/\/alival.com.co\/wp-content\/uploads\/2024\/03\/banner-alival-express-768x281.png 768w, https:\/\/alival.com.co\/wp-content\/uploads\/2024\/03\/banner-alival-express-1536x563.png 1536w\" sizes=\"(max-width: 1641px) 100vw, 1641px\" \/>\t\t\t\t\t\t\t\t<\/a>\n\t\t\t\t\t\t\t\t\t\t\t\t\t\t\t<\/div>\n\t\t\t\t<\/div>\n\t\t\t\t\t<\/div>\n\t\t<\/div>\n\t\t\t\t\t<\/div>\n\t\t<\/section>\n\t\t\t\t<\/div>\n\t\t","protected":false},"excerpt":{"rendered":"<p>Crema de Leche Perfecta para darle a tus recetas un toque de suavidad y cremosidad para llevar tus recetas al siguiente nivel. Crema de leche semientera UAT (UHT) y repostera. INGREDIENTES:\u00a0Crema de leche semientera, Gelificantes (goma xantana, carragenina) y Estabilizante (Polifosfato de sodio). AL\u00c9RGENOS: Contiene leche.\u00a0 GRASA TOTAL: Por cada 100gramos 21g para bolsa y [&hellip;]<\/p>\n","protected":false},"author":1,"featured_media":0,"parent":0,"menu_order":0,"comment_status":"closed","ping_status":"closed","template":"elementor_header_footer","meta":{"_acf_changed":false,"_joinchat":[],"footnotes":""},"class_list":["post-2816","page","type-page","status-publish","hentry"],"acf":[],"_links":{"self":[{"href":"https:\/\/alival.com.co\/en\/wp-json\/wp\/v2\/pages\/2816","targetHints":{"allow":["GET"]}}],"collection":[{"href":"https:\/\/alival.com.co\/en\/wp-json\/wp\/v2\/pages"}],"about":[{"href":"https:\/\/alival.com.co\/en\/wp-json\/wp\/v2\/types\/page"}],"author":[{"embeddable":true,"href":"https:\/\/alival.com.co\/en\/wp-json\/wp\/v2\/users\/1"}],"replies":[{"embeddable":true,"href":"https:\/\/alival.com.co\/en\/wp-json\/wp\/v2\/comments?post=2816"}],"version-history":[{"count":190,"href":"https:\/\/alival.com.co\/en\/wp-json\/wp\/v2\/pages\/2816\/revisions"}],"predecessor-version":[{"id":12103,"href":"https:\/\/alival.com.co\/en\/wp-json\/wp\/v2\/pages\/2816\/revisions\/12103"}],"wp:attachment":[{"href":"https:\/\/alival.com.co\/en\/wp-json\/wp\/v2\/media?parent=2816"}],"curies":[{"name":"wp","href":"https:\/\/api.w.org\/{rel}","templated":true}]}}