{"id":158,"date":"2023-02-10T15:15:55","date_gmt":"2023-02-10T15:15:55","guid":{"rendered":"https:\/\/alival.com.co\/?page_id=158"},"modified":"2026-02-17T15:36:33","modified_gmt":"2026-02-17T15:36:33","slug":"trabaja-con-nosotros","status":"publish","type":"page","link":"https:\/\/alival.com.co\/en\/trabaja-con-nosotros\/","title":{"rendered":"Work with us"},"content":{"rendered":"<div data-elementor-type=\"wp-page\" data-elementor-id=\"158\" class=\"elementor elementor-158\" data-elementor-post-type=\"page\">\n\t\t\t\t\t\t<section class=\"elementor-section elementor-top-section elementor-element elementor-element-a62290b elementor-section-full_width elementor-section-content-middle elementor-section-height-default elementor-section-height-default\" data-id=\"a62290b\" data-element_type=\"section\" data-e-type=\"section\">\n\t\t\t\t\t\t<div class=\"elementor-container elementor-column-gap-no\">\n\t\t\t\t\t<div class=\"elementor-column elementor-col-100 elementor-top-column elementor-element elementor-element-bd42c9b\" data-id=\"bd42c9b\" data-element_type=\"column\" data-e-type=\"column\">\n\t\t\t<div class=\"elementor-widget-wrap elementor-element-populated\">\n\t\t\t\t\t\t<div class=\"elementor-element elementor-element-d84c025 elementor-widget elementor-widget-image\" data-id=\"d84c025\" data-element_type=\"widget\" data-e-type=\"widget\" data-widget_type=\"image.default\">\n\t\t\t\t<div class=\"elementor-widget-container\">\n\t\t\t\t\t\t\t\t\t\t\t\t\t\t\t<img fetchpriority=\"high\" decoding=\"async\" width=\"2560\" height=\"706\" src=\"https:\/\/alival.com.co\/wp-content\/uploads\/2025\/04\/BANNER-TRABAJA-CON-NOSOTROS-scaled-1.jpg\" class=\"attachment-full size-full wp-image-6272\" alt=\"\" srcset=\"https:\/\/alival.com.co\/wp-content\/uploads\/2025\/04\/BANNER-TRABAJA-CON-NOSOTROS-scaled-1.jpg 2560w, https:\/\/alival.com.co\/wp-content\/uploads\/2025\/04\/BANNER-TRABAJA-CON-NOSOTROS-scaled-1-300x83.jpg 300w, https:\/\/alival.com.co\/wp-content\/uploads\/2025\/04\/BANNER-TRABAJA-CON-NOSOTROS-scaled-1-1024x282.jpg 1024w, https:\/\/alival.com.co\/wp-content\/uploads\/2025\/04\/BANNER-TRABAJA-CON-NOSOTROS-scaled-1-768x212.jpg 768w, https:\/\/alival.com.co\/wp-content\/uploads\/2025\/04\/BANNER-TRABAJA-CON-NOSOTROS-scaled-1-1536x424.jpg 1536w, https:\/\/alival.com.co\/wp-content\/uploads\/2025\/04\/BANNER-TRABAJA-CON-NOSOTROS-scaled-1-2048x565.jpg 2048w, https:\/\/alival.com.co\/wp-content\/uploads\/2025\/04\/BANNER-TRABAJA-CON-NOSOTROS-scaled-1-18x5.jpg 18w\" sizes=\"(max-width: 2560px) 100vw, 2560px\" \/>\t\t\t\t\t\t\t\t\t\t\t\t\t\t\t<\/div>\n\t\t\t\t<\/div>\n\t\t\t\t\t<\/div>\n\t\t<\/div>\n\t\t\t\t\t<\/div>\n\t\t<\/section>\n\t\t\t\t<section class=\"elementor-section elementor-top-section elementor-element elementor-element-0b3ef8a elementor-section-boxed elementor-section-height-default elementor-section-height-default\" data-id=\"0b3ef8a\" data-element_type=\"section\" data-e-type=\"section\">\n\t\t\t\t\t\t<div class=\"elementor-container elementor-column-gap-default\">\n\t\t\t\t\t<div class=\"elementor-column elementor-col-100 elementor-top-column elementor-element elementor-element-3f6116a\" data-id=\"3f6116a\" data-element_type=\"column\" data-e-type=\"column\">\n\t\t\t<div class=\"elementor-widget-wrap elementor-element-populated\">\n\t\t\t\t\t\t<div class=\"elementor-element elementor-element-4285993 elementor-widget elementor-widget-text-editor\" data-id=\"4285993\" data-element_type=\"widget\" data-e-type=\"widget\" data-widget_type=\"text-editor.default\">\n\t\t\t\t<div class=\"elementor-widget-container\">\n\t\t\t\t\t\t\t\t\t<p><span style=\"font-weight: 400;\">At Alival S.A., we bring well-being to every moment of life by offering high-quality products every day. We have a passionate and dedicated team whose talent drives our company forward and contributes to achieving our goals.<\/span><\/p>\t\t\t\t\t\t\t\t<\/div>\n\t\t\t\t<\/div>\n\t\t\t\t<section class=\"elementor-section elementor-inner-section elementor-element elementor-element-be78143 elementor-section-boxed elementor-section-height-default elementor-section-height-default\" data-id=\"be78143\" data-element_type=\"section\" data-e-type=\"section\">\n\t\t\t\t\t\t<div class=\"elementor-container elementor-column-gap-default\">\n\t\t\t\t\t<div class=\"elementor-column elementor-col-100 elementor-inner-column elementor-element elementor-element-7c85e6d\" data-id=\"7c85e6d\" data-element_type=\"column\" data-e-type=\"column\">\n\t\t\t<div class=\"elementor-widget-wrap elementor-element-populated\">\n\t\t\t\t\t\t<div class=\"elementor-element elementor-element-0e3ad90 elementor-widget elementor-widget-text-editor\" data-id=\"0e3ad90\" data-element_type=\"widget\" data-e-type=\"widget\" data-widget_type=\"text-editor.default\">\n\t\t\t\t<div class=\"elementor-widget-container\">\n\t\t\t\t\t\t\t\t\t<p><strong>Would you like to be part of our team? <\/strong><\/p>\t\t\t\t\t\t\t\t<\/div>\n\t\t\t\t<\/div>\n\t\t\t\t<div class=\"elementor-element elementor-element-af39a97 elementor-widget elementor-widget-text-editor\" data-id=\"af39a97\" data-element_type=\"widget\" data-e-type=\"widget\" data-widget_type=\"text-editor.default\">\n\t\t\t\t<div class=\"elementor-widget-container\">\n\t\t\t\t\t\t\t\t\t<p>Explore the job opportunities we have for you.<\/p>\t\t\t\t\t\t\t\t<\/div>\n\t\t\t\t<\/div>\n\t\t\t\t\t<\/div>\n\t\t<\/div>\n\t\t\t\t\t<\/div>\n\t\t<\/section>\n\t\t\t\t\t<\/div>\n\t\t<\/div>\n\t\t\t\t\t<\/div>\n\t\t<\/section>\n\t\t\t\t<section class=\"elementor-section elementor-top-section elementor-element elementor-element-ab10b65 elementor-section-boxed elementor-section-height-default elementor-section-height-default\" data-id=\"ab10b65\" data-element_type=\"section\" data-e-type=\"section\">\n\t\t\t\t\t\t<div class=\"elementor-container elementor-column-gap-default\">\n\t\t\t\t\t<div class=\"elementor-column elementor-col-100 elementor-top-column elementor-element elementor-element-cd11d6a\" data-id=\"cd11d6a\" data-element_type=\"column\" data-e-type=\"column\">\n\t\t\t<div class=\"elementor-widget-wrap elementor-element-populated\">\n\t\t\t\t\t\t<div class=\"elementor-element elementor-element-d2a99f6 elementor-arrows-position-outside elementor-widget elementor-widget-image-carousel\" data-id=\"d2a99f6\" data-element_type=\"widget\" data-e-type=\"widget\" data-settings=\"{&quot;slides_to_show&quot;:&quot;1&quot;,&quot;navigation&quot;:&quot;arrows&quot;,&quot;autoplay&quot;:&quot;yes&quot;,&quot;pause_on_hover&quot;:&quot;yes&quot;,&quot;pause_on_interaction&quot;:&quot;yes&quot;,&quot;autoplay_speed&quot;:5000,&quot;infinite&quot;:&quot;yes&quot;,&quot;effect&quot;:&quot;slide&quot;,&quot;speed&quot;:500}\" data-widget_type=\"image-carousel.default\">\n\t\t\t\t<div class=\"elementor-widget-container\">\n\t\t\t\t\t\t\t<div class=\"elementor-image-carousel-wrapper swiper\" role=\"region\" aria-roledescription=\"carousel\" aria-label=\"Carrusel de im\u00e1genes\" dir=\"ltr\">\n\t\t\t<div class=\"elementor-image-carousel swiper-wrapper\" aria-live=\"off\">\n\t\t\t\t\t\t\t\t<div class=\"swiper-slide\" role=\"group\" aria-roledescription=\"slide\" aria-label=\"1 of 8\" data-no-translation-aria-label=\"\"><a data-elementor-open-lightbox=\"yes\" data-elementor-lightbox-slideshow=\"d2a99f6\" data-elementor-lightbox-title=\"Aux costos (1)\" data-e-action-hash=\"#elementor-action%3Aaction%3Dlightbox%26settings%3DeyJpZCI6MTQ5ODIsInVybCI6Imh0dHBzOlwvXC9hbGl2YWwuY29tLmNvXC93cC1jb250ZW50XC91cGxvYWRzXC8yMDI2XC8wMVwvQXV4LWNvc3Rvcy0xLnBuZyIsInNsaWRlc2hvdyI6ImQyYTk5ZjYifQ%3D%3D\" href=\"#formulario1\"><figure class=\"swiper-slide-inner\"><img decoding=\"async\" class=\"swiper-slide-image\" src=\"https:\/\/alival.com.co\/wp-content\/uploads\/2026\/01\/Aux-costos-1.png\" alt=\"Aux costos (1)\" \/><\/figure><\/a><\/div><div class=\"swiper-slide\" role=\"group\" aria-roledescription=\"slide\" aria-label=\"2 of 8\" data-no-translation-aria-label=\"\"><a data-elementor-open-lightbox=\"yes\" data-elementor-lightbox-slideshow=\"d2a99f6\" data-elementor-lightbox-title=\"Aux tic\u00b4s (1)\" data-e-action-hash=\"#elementor-action%3Aaction%3Dlightbox%26settings%3DeyJpZCI6MTQ5ODMsInVybCI6Imh0dHBzOlwvXC9hbGl2YWwuY29tLmNvXC93cC1jb250ZW50XC91cGxvYWRzXC8yMDI2XC8wMVwvQXV4LXRpY1x1MDBiNHMtMS5wbmciLCJzbGlkZXNob3ciOiJkMmE5OWY2In0%3D\" href=\"#formulario1\"><figure class=\"swiper-slide-inner\"><img decoding=\"async\" class=\"swiper-slide-image\" src=\"https:\/\/alival.com.co\/wp-content\/uploads\/2026\/01\/Aux-tic\u00b4s-1.png\" alt=\"Aux tic\u00b4s (1)\" \/><\/figure><\/a><\/div><div class=\"swiper-slide\" role=\"group\" aria-roledescription=\"slide\" aria-label=\"3 of 8\" data-no-translation-aria-label=\"\"><a data-elementor-open-lightbox=\"yes\" data-elementor-lightbox-slideshow=\"d2a99f6\" data-elementor-lightbox-title=\"Coordinadora de mantenimiento\" data-e-action-hash=\"#elementor-action%3Aaction%3Dlightbox%26settings%3DeyJpZCI6MTQ5ODUsInVybCI6Imh0dHBzOlwvXC9hbGl2YWwuY29tLmNvXC93cC1jb250ZW50XC91cGxvYWRzXC8yMDI2XC8wMVwvQ29vcmRpbmFkb3JhLWRlLW1hbnRlbmltaWVudG8ucG5nIiwic2xpZGVzaG93IjoiZDJhOTlmNiJ9\" href=\"#formulario1\"><figure class=\"swiper-slide-inner\"><img decoding=\"async\" class=\"swiper-slide-image\" src=\"https:\/\/alival.com.co\/wp-content\/uploads\/2026\/01\/Coordinadora-de-mantenimiento.png\" alt=\"Coordinadora de mantenimiento\" \/><\/figure><\/a><\/div><div class=\"swiper-slide\" role=\"group\" aria-roledescription=\"slide\" aria-label=\"4 of 8\" data-no-translation-aria-label=\"\"><a data-elementor-open-lightbox=\"yes\" data-elementor-lightbox-slideshow=\"d2a99f6\" data-elementor-lightbox-title=\"Super inv y desarrollo (1)\" data-e-action-hash=\"#elementor-action%3Aaction%3Dlightbox%26settings%3DeyJpZCI6MTQ5ODcsInVybCI6Imh0dHBzOlwvXC9hbGl2YWwuY29tLmNvXC93cC1jb250ZW50XC91cGxvYWRzXC8yMDI2XC8wMVwvU3VwZXItaW52LXktZGVzYXJyb2xsby0xLnBuZyIsInNsaWRlc2hvdyI6ImQyYTk5ZjYifQ%3D%3D\" href=\"#formulario1\"><figure class=\"swiper-slide-inner\"><img decoding=\"async\" class=\"swiper-slide-image\" src=\"https:\/\/alival.com.co\/wp-content\/uploads\/2026\/01\/Super-inv-y-desarrollo-1.png\" alt=\"Super inv y desarrollo (1)\" \/><\/figure><\/a><\/div><div class=\"swiper-slide\" role=\"group\" aria-roledescription=\"slide\" aria-label=\"5 of 8\" data-no-translation-aria-label=\"\"><a data-elementor-open-lightbox=\"yes\" data-elementor-lightbox-slideshow=\"d2a99f6\" data-elementor-lightbox-title=\"TH (1)\" data-e-action-hash=\"#elementor-action%3Aaction%3Dlightbox%26settings%3DeyJpZCI6MTQ5ODksInVybCI6Imh0dHBzOlwvXC9hbGl2YWwuY29tLmNvXC93cC1jb250ZW50XC91cGxvYWRzXC8yMDI2XC8wMVwvVEgtMS5wbmciLCJzbGlkZXNob3ciOiJkMmE5OWY2In0%3D\" href=\"#formulario1\"><figure class=\"swiper-slide-inner\"><img decoding=\"async\" class=\"swiper-slide-image\" src=\"https:\/\/alival.com.co\/wp-content\/uploads\/2026\/01\/TH-1.png\" alt=\"TH (1)\" \/><\/figure><\/a><\/div><div class=\"swiper-slide\" role=\"group\" aria-roledescription=\"slide\" aria-label=\"6 of 8\" data-no-translation-aria-label=\"\"><a data-elementor-open-lightbox=\"yes\" data-elementor-lightbox-slideshow=\"d2a99f6\" data-elementor-lightbox-title=\"Coordinadora de mantenimiento (1)\" data-e-action-hash=\"#elementor-action%3Aaction%3Dlightbox%26settings%3DeyJpZCI6MTQ5OTMsInVybCI6Imh0dHBzOlwvXC9hbGl2YWwuY29tLmNvXC93cC1jb250ZW50XC91cGxvYWRzXC8yMDI2XC8wMlwvQ29vcmRpbmFkb3JhLWRlLW1hbnRlbmltaWVudG8tMS5wbmciLCJzbGlkZXNob3ciOiJkMmE5OWY2In0%3D\" href=\"#formulario1\"><figure class=\"swiper-slide-inner\"><img decoding=\"async\" class=\"swiper-slide-image\" src=\"https:\/\/alival.com.co\/wp-content\/uploads\/2026\/02\/Coordinadora-de-mantenimiento-1.png\" alt=\"Coordinadora de mantenimiento (1)\" \/><\/figure><\/a><\/div><div class=\"swiper-slide\" role=\"group\" aria-roledescription=\"slide\" aria-label=\"7 of 8\" data-no-translation-aria-label=\"\"><a data-elementor-open-lightbox=\"yes\" data-elementor-lightbox-slideshow=\"d2a99f6\" data-elementor-lightbox-title=\"TH (2)\" data-e-action-hash=\"#elementor-action%3Aaction%3Dlightbox%26settings%3DeyJpZCI6MTQ5OTQsInVybCI6Imh0dHBzOlwvXC9hbGl2YWwuY29tLmNvXC93cC1jb250ZW50XC91cGxvYWRzXC8yMDI2XC8wMlwvVEgtMi5wbmciLCJzbGlkZXNob3ciOiJkMmE5OWY2In0%3D\" href=\"#formulario1\"><figure class=\"swiper-slide-inner\"><img decoding=\"async\" class=\"swiper-slide-image\" src=\"https:\/\/alival.com.co\/wp-content\/uploads\/2026\/02\/TH-2.png\" alt=\"TH (2)\" \/><\/figure><\/a><\/div><div class=\"swiper-slide\" role=\"group\" aria-roledescription=\"slide\" aria-label=\"8 of 8\" data-no-translation-aria-label=\"\"><a data-elementor-open-lightbox=\"yes\" data-elementor-lightbox-slideshow=\"d2a99f6\" data-elementor-lightbox-title=\"TH (3)\" data-e-action-hash=\"#elementor-action%3Aaction%3Dlightbox%26settings%3DeyJpZCI6MTQ5OTUsInVybCI6Imh0dHBzOlwvXC9hbGl2YWwuY29tLmNvXC93cC1jb250ZW50XC91cGxvYWRzXC8yMDI2XC8wMlwvVEgtMy5wbmciLCJzbGlkZXNob3ciOiJkMmE5OWY2In0%3D\" href=\"#formulario1\"><figure class=\"swiper-slide-inner\"><img decoding=\"async\" class=\"swiper-slide-image\" src=\"https:\/\/alival.com.co\/wp-content\/uploads\/2026\/02\/TH-3.png\" alt=\"TH (3)\" \/><\/figure><\/a><\/div>\t\t\t<\/div>\n\t\t\t\t\t\t\t\t\t\t\t\t<div class=\"elementor-swiper-button elementor-swiper-button-prev\" role=\"button\" tabindex=\"0\">\n\t\t\t\t\t\t<i aria-hidden=\"true\" class=\"eicon-chevron-left\"><\/i>\t\t\t\t\t<\/div>\n\t\t\t\t\t<div class=\"elementor-swiper-button elementor-swiper-button-next\" role=\"button\" tabindex=\"0\">\n\t\t\t\t\t\t<i aria-hidden=\"true\" class=\"eicon-chevron-right\"><\/i>\t\t\t\t\t<\/div>\n\t\t\t\t\n\t\t\t\t\t\t\t\t\t<\/div>\n\t\t\t\t\t\t<\/div>\n\t\t\t\t<\/div>\n\t\t\t\t\t<\/div>\n\t\t<\/div>\n\t\t\t\t\t<\/div>\n\t\t<\/section>\n\t\t\t\t<section class=\"elementor-section elementor-top-section elementor-element elementor-element-676d539 elementor-section-height-min-height elementor-section-boxed elementor-section-height-default elementor-section-items-middle\" data-id=\"676d539\" data-element_type=\"section\" data-e-type=\"section\" id=\"formulario\" data-settings=\"{&quot;background_background&quot;:&quot;classic&quot;}\">\n\t\t\t\t\t\t\t<div class=\"elementor-background-overlay\"><\/div>\n\t\t\t\t\t\t\t<div class=\"elementor-container elementor-column-gap-extended\">\n\t\t\t\t\t<div class=\"elementor-column elementor-col-100 elementor-top-column elementor-element elementor-element-7c325f8\" data-id=\"7c325f8\" data-element_type=\"column\" data-e-type=\"column\">\n\t\t\t<div class=\"elementor-widget-wrap elementor-element-populated\">\n\t\t\t\t\t\t<div class=\"elementor-element elementor-element-a13d116 elementor-widget elementor-widget-heading\" data-id=\"a13d116\" data-element_type=\"widget\" data-e-type=\"widget\" data-widget_type=\"heading.default\">\n\t\t\t\t<div class=\"elementor-widget-container\">\n\t\t\t\t\t<h2 class=\"elementor-heading-title elementor-size-default\">Can't find a job opening that matches your profile?\n\n<\/h2>\t\t\t\t<\/div>\n\t\t\t\t<\/div>\n\t\t\t\t<div class=\"elementor-element elementor-element-f673521 elementor-widget elementor-widget-text-editor\" data-id=\"f673521\" data-element_type=\"widget\" data-e-type=\"widget\" data-widget_type=\"text-editor.default\">\n\t\t\t\t<div class=\"elementor-widget-container\">\n\t\t\t\t\t\t\t\t\t<p>Send us your resume by attaching it to the form below, and we'll keep it in our database to contact you if new job opportunities arise!<\/p>\t\t\t\t\t\t\t\t<\/div>\n\t\t\t\t<\/div>\n\t\t\t\t<section class=\"elementor-section elementor-inner-section elementor-element elementor-element-6848053 elementor-section-boxed elementor-section-height-default elementor-section-height-default\" data-id=\"6848053\" data-element_type=\"section\" data-e-type=\"section\">\n\t\t\t\t\t\t<div class=\"elementor-container elementor-column-gap-default\">\n\t\t\t\t\t<div class=\"elementor-column elementor-col-33 elementor-inner-column elementor-element elementor-element-5596ad4\" data-id=\"5596ad4\" data-element_type=\"column\" data-e-type=\"column\">\n\t\t\t<div class=\"elementor-widget-wrap\">\n\t\t\t\t\t\t\t<\/div>\n\t\t<\/div>\n\t\t\t\t<div class=\"elementor-column elementor-col-33 elementor-inner-column elementor-element elementor-element-5362cf4\" data-id=\"5362cf4\" data-element_type=\"column\" data-e-type=\"column\" data-settings=\"{&quot;background_background&quot;:&quot;classic&quot;}\">\n\t\t\t<div class=\"elementor-widget-wrap elementor-element-populated\">\n\t\t\t\t\t\t<div class=\"elementor-element elementor-element-9f70066 wpcf7 elementor-widget elementor-widget-shortcode\" data-id=\"9f70066\" data-element_type=\"widget\" data-e-type=\"widget\" id=\"formulario1\" data-widget_type=\"shortcode.default\">\n\t\t\t\t<div class=\"elementor-widget-container\">\n\t\t\t\t\t\t\t<div class=\"elementor-shortcode\">\n<div class=\"wpcf7 no-js\" id=\"wpcf7-f3425-o1\" lang=\"es-ES\" dir=\"ltr\" data-wpcf7-id=\"3425\">\n<div class=\"screen-reader-response\"><p role=\"status\" aria-live=\"polite\" aria-atomic=\"true\"><\/p> <ul><\/ul><\/div>\n<form action=\"\/en\/wp-json\/wp\/v2\/pages\/158#wpcf7-f3425-o1\" method=\"post\" class=\"wpcf7-form init\" aria-label=\"Formulario de contacto\" enctype=\"multipart\/form-data\" novalidate=\"novalidate\" data-status=\"init\" data-trp-original-action=\"\/en\/wp-json\/wp\/v2\/pages\/158#wpcf7-f3425-o1\">\n<fieldset class=\"hidden-fields-container\"><input type=\"hidden\" name=\"_wpcf7\" value=\"3425\" \/><input type=\"hidden\" name=\"_wpcf7_version\" value=\"6.1.5\" \/><input type=\"hidden\" name=\"_wpcf7_locale\" value=\"es_ES\" \/><input type=\"hidden\" name=\"_wpcf7_unit_tag\" value=\"wpcf7-f3425-o1\" \/><input type=\"hidden\" name=\"_wpcf7_container_post\" value=\"0\" \/><input type=\"hidden\" name=\"_wpcf7_posted_data_hash\" value=\"\" \/><input type=\"hidden\" name=\"_wpcf7_recaptcha_response\" value=\"\" \/>\n<\/fieldset>\n<div class=\"form\">\n\t<div class=\"group\">\n\t\t<p><span class=\"icon-user\"><\/span><span class=\"wpcf7-form-control-wrap\" data-name=\"your-name\"><input size=\"40\" maxlength=\"400\" class=\"wpcf7-form-control wpcf7-text wpcf7-validates-as-required\" aria-required=\"true\" aria-invalid=\"false\" placeholder=\"Full Name\" value=\"\" type=\"text\" name=\"your-name\" \/><\/span>\n\t\t<\/p>\n\t<\/div>\n\t<div class=\"group\">\n\t\t<p><span class=\"icon-work\"><\/span><span class=\"wpcf7-form-control-wrap\" data-name=\"Oferta\"><input size=\"40\" maxlength=\"400\" class=\"wpcf7-form-control wpcf7-text wpcf7-validates-as-required\" aria-required=\"true\" aria-invalid=\"false\" placeholder=\"The offer you are applying for\" value=\"\" type=\"text\" name=\"Oferta\" \/><\/span>\n\t\t<\/p>\n\t<\/div>\n\t<div class=\"group\">\n\t\t<p><span class=\"icon-email\"><\/span><span class=\"wpcf7-form-control-wrap\" data-name=\"your-email\"><input size=\"40\" maxlength=\"400\" class=\"wpcf7-form-control wpcf7-email wpcf7-validates-as-required wpcf7-text wpcf7-validates-as-email icon-email\" aria-required=\"true\" aria-invalid=\"false\" placeholder=\"Mail\" value=\"\" type=\"email\" name=\"your-email\" \/><\/span>\n\t\t<\/p>\n\t<\/div>\n\t<div class=\"group\">\n\t\t<p><span class=\"icon-phone\"><\/span><span class=\"wpcf7-form-control-wrap\" data-name=\"tel-200\"><input size=\"40\" maxlength=\"400\" class=\"wpcf7-form-control wpcf7-tel wpcf7-validates-as-required wpcf7-text wpcf7-validates-as-tel icon-phone\" aria-required=\"true\" aria-invalid=\"false\" placeholder=\"Phone Number\" value=\"\" type=\"tel\" name=\"tel-200\" \/><\/span>\n\t\t<\/p>\n\t<\/div>\n\t<div class=\"group\">\n\t\t<p><span class=\"icon-message\"><\/span><span class=\"wpcf7-form-control-wrap\" data-name=\"mensaje\"><textarea cols=\"40\" rows=\"3\" maxlength=\"2000\" class=\"wpcf7-form-control wpcf7-textarea wpcf7-validates-as-required icon-message\" aria-required=\"true\" aria-invalid=\"false\" placeholder=\"Message\" name=\"mensaje\"><\/textarea><\/span>\n\t\t<\/p>\n\t<\/div>\n\t<div class=\"files group\">\n\t\t<p><label class=\"icon-briefcase\">Attach Resume:<\/label><span class=\"wpcf7-form-control-wrap\" data-name=\"your-file\"><input size=\"40\" class=\"wpcf7-form-control wpcf7-file\" accept=\".pdf,.doc,.docx\" aria-invalid=\"false\" type=\"file\" name=\"your-file\" \/><\/span>\n\t\t<\/p>\n\t<\/div>\n\t<p><span class=\"wpcf7-form-control-wrap\" data-name=\"acceptance-728\"><span class=\"wpcf7-form-control wpcf7-acceptance\"><span class=\"wpcf7-list-item\"><label><input type=\"checkbox\" name=\"acceptance-728\" value=\"1\" aria-invalid=\"false\" \/><span class=\"wpcf7-list-item-label\">I accept the <a href=\"\/en\/www.alival.com.co\/politica-de-privacidad\/\" rel=\"nofollow\" target=\"_blank\"> Privacy Policy<\/a><\/span><\/label><\/span><\/span><\/span><br \/>\n<input class=\"wpcf7-form-control wpcf7-submit has-spinner\" type=\"submit\" value=\"Send\" \/>\n\t<\/p>\n<\/div><div class=\"wpcf7-response-output\" aria-hidden=\"true\"><\/div>\n<input type=\"hidden\" name=\"trp-form-language\" value=\"en\"\/><\/form>\n<\/div>\n<\/div>\n\t\t\t\t\t\t<\/div>\n\t\t\t\t<\/div>\n\t\t\t\t\t<\/div>\n\t\t<\/div>\n\t\t\t\t<div class=\"elementor-column elementor-col-33 elementor-inner-column elementor-element elementor-element-f781e07\" data-id=\"f781e07\" data-element_type=\"column\" data-e-type=\"column\">\n\t\t\t<div class=\"elementor-widget-wrap\">\n\t\t\t\t\t\t\t<\/div>\n\t\t<\/div>\n\t\t\t\t\t<\/div>\n\t\t<\/section>\n\t\t\t\t\t<\/div>\n\t\t<\/div>\n\t\t\t\t\t<\/div>\n\t\t<\/section>\n\t\t\t\t<section class=\"elementor-section elementor-top-section elementor-element elementor-element-222bbb16 elementor-section-full_width elementor-section-height-default elementor-section-height-default\" data-id=\"222bbb16\" data-element_type=\"section\" data-e-type=\"section\">\n\t\t\t\t\t\t<div class=\"elementor-container elementor-column-gap-narrow\">\n\t\t\t\t\t<div class=\"elementor-column elementor-col-100 elementor-top-column elementor-element elementor-element-6016b3c\" data-id=\"6016b3c\" data-element_type=\"column\" data-e-type=\"column\">\n\t\t\t<div class=\"elementor-widget-wrap elementor-element-populated\">\n\t\t\t\t\t\t<div class=\"elementor-element elementor-element-1abed97 elementor-widget elementor-widget-image\" data-id=\"1abed97\" data-element_type=\"widget\" data-e-type=\"widget\" data-widget_type=\"image.default\">\n\t\t\t\t<div class=\"elementor-widget-container\">\n\t\t\t\t\t\t\t\t\t\t\t\t\t\t\t\t<a href=\"https:\/\/alival.com.co\/en\/express\/\">\n\t\t\t\t\t\t\t<img decoding=\"async\" width=\"1641\" height=\"601\" src=\"https:\/\/alival.com.co\/wp-content\/uploads\/2025\/04\/banner-alival-express.png\" class=\"attachment-full size-full wp-image-8240\" alt=\"\" srcset=\"https:\/\/alival.com.co\/wp-content\/uploads\/2025\/04\/banner-alival-express.png 1641w, https:\/\/alival.com.co\/wp-content\/uploads\/2025\/04\/banner-alival-express-300x110.png 300w, https:\/\/alival.com.co\/wp-content\/uploads\/2025\/04\/banner-alival-express-1024x375.png 1024w, https:\/\/alival.com.co\/wp-content\/uploads\/2025\/04\/banner-alival-express-768x281.png 768w, https:\/\/alival.com.co\/wp-content\/uploads\/2025\/04\/banner-alival-express-1536x563.png 1536w, https:\/\/alival.com.co\/wp-content\/uploads\/2025\/04\/banner-alival-express-18x7.png 18w\" sizes=\"(max-width: 1641px) 100vw, 1641px\" \/>\t\t\t\t\t\t\t\t<\/a>\n\t\t\t\t\t\t\t\t\t\t\t\t\t\t\t<\/div>\n\t\t\t\t<\/div>\n\t\t\t\t\t<\/div>\n\t\t<\/div>\n\t\t\t\t\t<\/div>\n\t\t<\/section>\n\t\t\t\t<\/div>","protected":false},"excerpt":{"rendered":"<p>En Alival S.A., aportamos bienestar en cada momento de la vida ofreciendo diariamente productos de alta calidad. Contamos con un equipo humano apasionado e \u00edntegro que, con su talento, moviliza nuestra compa\u00f1\u00eda y suma esfuerzos para cumplir nuestros objetivos. \u00bfTe gustar\u00eda ser parte de nuestro equipo? Conoce las oportunidades laborales que tenemos para ti \u00bfNo [&hellip;]<\/p>\n","protected":false},"author":1,"featured_media":0,"parent":0,"menu_order":0,"comment_status":"closed","ping_status":"closed","template":"elementor_header_footer","meta":{"_acf_changed":false,"_joinchat":[],"footnotes":""},"class_list":["post-158","page","type-page","status-publish","hentry"],"acf":[],"_links":{"self":[{"href":"https:\/\/alival.com.co\/en\/wp-json\/wp\/v2\/pages\/158","targetHints":{"allow":["GET"]}}],"collection":[{"href":"https:\/\/alival.com.co\/en\/wp-json\/wp\/v2\/pages"}],"about":[{"href":"https:\/\/alival.com.co\/en\/wp-json\/wp\/v2\/types\/page"}],"author":[{"embeddable":true,"href":"https:\/\/alival.com.co\/en\/wp-json\/wp\/v2\/users\/1"}],"replies":[{"embeddable":true,"href":"https:\/\/alival.com.co\/en\/wp-json\/wp\/v2\/comments?post=158"}],"version-history":[{"count":259,"href":"https:\/\/alival.com.co\/en\/wp-json\/wp\/v2\/pages\/158\/revisions"}],"predecessor-version":[{"id":14998,"href":"https:\/\/alival.com.co\/en\/wp-json\/wp\/v2\/pages\/158\/revisions\/14998"}],"wp:attachment":[{"href":"https:\/\/alival.com.co\/en\/wp-json\/wp\/v2\/media?parent=158"}],"curies":[{"name":"wp","href":"https:\/\/api.w.org\/{rel}","templated":true}]}}